{"id":16038,"date":"1970-01-01T00:00:00","date_gmt":"1969-12-31T23:00:00","guid":{"rendered":"http:\/\/univet.hu\/oktatas\/kurzusok\/szaklabor-2-biologus-msc\/"},"modified":"1970-01-01T00:00:00","modified_gmt":"1969-12-31T23:00:00","slug":"szaklabor-2-biologus-msc","status":"publish","type":"page","link":"https:\/\/univet.hu\/hu\/oktatas\/kurzusok\/szaklabor-2-biologus-msc\/","title":{"rendered":"Szaklabor 2 -biol\u00f3gus  MSc"},"content":{"rendered":"<p>Ld. &#8222;Szaklabor 1&#8221; +<br \/>A kutat\u00e1s eredm\u00e9nyei. A Kutat\u00e1s tervez\u00e9s, valamint a Sz\u00e1m\u00edt\u00f3g\u00e9pes statisztika gyakorlat anyag\u00e1ra \u00e9p\u00edtve megvitatjuk a hallgat\u00f3kkal az adatok feldolgoz\u00e1s\u00e1nak m\u00f3dj\u00e1t, k\u00fcl\u00f6n\u00f6s tekintettel az adott k\u00e9rd\u00e9sben alkalmazhat\u00f3 statisztikai m\u00f3dszerekre. A szemeszter m\u00e1sodik fel\u00e9ben a hallgat\u00f3k el\u0151ad\u00e1s form\u00e1j\u00e1ban ismertetik szakdolgozati kutat\u00f3 munk\u00e1juk el\u0151zetes eredm\u00e9nyeit.<\/p><\/p>","protected":false},"excerpt":{"rendered":"<p>Ld. &#8222;Szaklabor 1&#8221; +A kutat\u00e1s eredm\u00e9nyei. A Kutat\u00e1s tervez\u00e9s, valamint a Sz\u00e1m\u00edt\u00f3g\u00e9pes statisztika gyakorlat anyag\u00e1ra \u00e9p\u00edtve megvitatjuk a hallgat\u00f3kkal az adatok feldolgoz\u00e1s\u00e1nak m\u00f3dj\u00e1t, k\u00fcl\u00f6n\u00f6s tekintettel az adott k\u00e9rd\u00e9sben alkalmazhat\u00f3 statisztikai m\u00f3dszerekre. A szemeszter m\u00e1sodik fel\u00e9ben a hallgat\u00f3k el\u0151ad\u00e1s form\u00e1j\u00e1ban ismertetik szakdolgozati kutat\u00f3 munk\u00e1juk el\u0151zetes eredm\u00e9nyeit.<\/p>\n","protected":false},"author":3837,"featured_media":0,"parent":677,"menu_order":115,"comment_status":"closed","ping_status":"closed","template":"","meta":{"_acf_changed":false,"footnotes":""},"categories":[],"tags":[],"class_list":["post-16038","page","type-page","status-publish","hentry"],"acf":[],"_links":{"self":[{"href":"https:\/\/univet.hu\/hu\/wp-json\/wp\/v2\/pages\/16038","targetHints":{"allow":["GET"]}}],"collection":[{"href":"https:\/\/univet.hu\/hu\/wp-json\/wp\/v2\/pages"}],"about":[{"href":"https:\/\/univet.hu\/hu\/wp-json\/wp\/v2\/types\/page"}],"author":[{"embeddable":true,"href":"https:\/\/univet.hu\/hu\/wp-json\/wp\/v2\/users\/3837"}],"replies":[{"embeddable":true,"href":"https:\/\/univet.hu\/hu\/wp-json\/wp\/v2\/comments?post=16038"}],"version-history":[{"count":0,"href":"https:\/\/univet.hu\/hu\/wp-json\/wp\/v2\/pages\/16038\/revisions"}],"up":[{"embeddable":true,"href":"https:\/\/univet.hu\/hu\/wp-json\/wp\/v2\/pages\/677"}],"wp:attachment":[{"href":"https:\/\/univet.hu\/hu\/wp-json\/wp\/v2\/media?parent=16038"}],"wp:term":[{"taxonomy":"category","embeddable":true,"href":"https:\/\/univet.hu\/hu\/wp-json\/wp\/v2\/categories?post=16038"},{"taxonomy":"post_tag","embeddable":true,"href":"https:\/\/univet.hu\/hu\/wp-json\/wp\/v2\/tags?post=16038"}],"curies":[{"name":"wp","href":"https:\/\/api.w.org\/{rel}","templated":true}]}}