{"id":16039,"date":"1970-01-01T00:00:00","date_gmt":"1969-12-31T23:00:00","guid":{"rendered":"http:\/\/univet.hu\/oktatas\/kurzusok\/szaklabor-3-biologus-msc\/"},"modified":"1970-01-01T00:00:00","modified_gmt":"1969-12-31T23:00:00","slug":"szaklabor-3-biologus-msc","status":"publish","type":"page","link":"https:\/\/univet.hu\/hu\/oktatas\/kurzusok\/szaklabor-3-biologus-msc\/","title":{"rendered":"Szaklabor 3 &#8211; biol\u00f3gus MSc"},"content":{"rendered":"<p>Ld. &#8222;Szaklabor 1-2&#8221; +<br \/>A Tudom\u00e1nyos k\u00f6zl\u00e9s m\u00f3dszertana kurzus anyag\u00e1ra \u00e9p\u00edtve megvitatjuk a hallgat\u00f3kkal a kutat\u00f3munk\u00e1juk eredm\u00e9nyeib\u0151l levonhat\u00f3 k\u00f6vetkeztet\u00e9seket. A szemeszter m\u00e1sodik fel\u00e9ben a hallgat\u00f3k tudom\u00e1nyos el\u0151ad\u00e1s form\u00e1j\u00e1ban \u00f6sszefoglalj\u00e1k szakdolgozati kutat\u00f3 munk\u00e1jukat.<\/p><\/p>","protected":false},"excerpt":{"rendered":"<p>Ld. &#8222;Szaklabor 1-2&#8221; +A Tudom\u00e1nyos k\u00f6zl\u00e9s m\u00f3dszertana kurzus anyag\u00e1ra \u00e9p\u00edtve megvitatjuk a hallgat\u00f3kkal a kutat\u00f3munk\u00e1juk eredm\u00e9nyeib\u0151l levonhat\u00f3 k\u00f6vetkeztet\u00e9seket. A szemeszter m\u00e1sodik fel\u00e9ben a hallgat\u00f3k tudom\u00e1nyos el\u0151ad\u00e1s form\u00e1j\u00e1ban \u00f6sszefoglalj\u00e1k szakdolgozati kutat\u00f3 munk\u00e1jukat.<\/p>\n","protected":false},"author":3837,"featured_media":0,"parent":677,"menu_order":115,"comment_status":"closed","ping_status":"closed","template":"","meta":{"_acf_changed":false,"footnotes":""},"categories":[],"tags":[],"class_list":["post-16039","page","type-page","status-publish","hentry"],"acf":[],"_links":{"self":[{"href":"https:\/\/univet.hu\/hu\/wp-json\/wp\/v2\/pages\/16039","targetHints":{"allow":["GET"]}}],"collection":[{"href":"https:\/\/univet.hu\/hu\/wp-json\/wp\/v2\/pages"}],"about":[{"href":"https:\/\/univet.hu\/hu\/wp-json\/wp\/v2\/types\/page"}],"author":[{"embeddable":true,"href":"https:\/\/univet.hu\/hu\/wp-json\/wp\/v2\/users\/3837"}],"replies":[{"embeddable":true,"href":"https:\/\/univet.hu\/hu\/wp-json\/wp\/v2\/comments?post=16039"}],"version-history":[{"count":0,"href":"https:\/\/univet.hu\/hu\/wp-json\/wp\/v2\/pages\/16039\/revisions"}],"up":[{"embeddable":true,"href":"https:\/\/univet.hu\/hu\/wp-json\/wp\/v2\/pages\/677"}],"wp:attachment":[{"href":"https:\/\/univet.hu\/hu\/wp-json\/wp\/v2\/media?parent=16039"}],"wp:term":[{"taxonomy":"category","embeddable":true,"href":"https:\/\/univet.hu\/hu\/wp-json\/wp\/v2\/categories?post=16039"},{"taxonomy":"post_tag","embeddable":true,"href":"https:\/\/univet.hu\/hu\/wp-json\/wp\/v2\/tags?post=16039"}],"curies":[{"name":"wp","href":"https:\/\/api.w.org\/{rel}","templated":true}]}}