{"id":16040,"date":"1970-01-01T00:00:00","date_gmt":"1969-12-31T23:00:00","guid":{"rendered":"http:\/\/univet.hu\/oktatas\/kurzusok\/szamitogepes-modellezes-biologus-msc\/"},"modified":"2019-03-05T15:14:50","modified_gmt":"2019-03-05T14:14:50","slug":"szamitogepes-modellezes-biologus-msc","status":"publish","type":"page","link":"https:\/\/univet.hu\/hu\/oktatas\/kurzusok\/szamitogepes-modellezes-biologus-msc\/","title":{"rendered":"Sz\u00e1m\u00edt\u00f3g\u00e9pes modellez\u00e9s &#8211; biol\u00f3gus MSc"},"content":{"rendered":"<p>Alapvet\u0151 programoz\u00e1si, k\u00f3d-\u00edr\u00e1si k\u00e9szs\u00e9gek elsaj\u00e1t\u00edt\u00e1sa R nyelven: Programok strukt\u00far\u00e1ja: ciklus, el\u00e1gaz\u00e1s, alprogramok. A v\u00e9letlen folyamatok modellez\u00e9se randomsz\u00e1mokkal. Dinamikai modellek elemz\u00e9s\u00e9re haszn\u00e1latos \u00e1brat\u00edpusok. A Biomatematikai modellek tant\u00e1rgy keret\u00e9ben megismert id\u0151ben diszkr\u00e9t modellek elemz\u00e9se determinisztikus \u00e9s sztochasztikus szimul\u00e1ci\u00f3kkal. Differenci\u00e1l-egyenletek numerikus megold\u00e1sa.<\/p> <ul> <li>Gyakorlatok anyaga, k\u00e9pletgy\u0171jtem\u00e9ny: www.univet.hu<\/li> <li>Sarah P. Otto &amp; Troy Day: A Biologist&#8217;s Guide to Mathematical Modeling in Ecology and Evolution, Princeton University Press, 2011<\/li> <li>GILLMAN, M.: An Introduction to Mathematical Models in Ecology and Evolution, Wiley-Blackwell, 2009<\/li> <li>WILSON, E.O. &#8211; BOSSERT, W.H.: Bevezet\u00e9s a popul\u00e1ci\u00f3biol\u00f3gi\u00e1ba,<br \/> Budapest: Gondolat, 1981.<\/li> <li>SOETAERT, K. \u2013 HERMAN, P.M.J.: A practical Guide to Ecological Modeling, Springer, 2009<\/li> <\/ul>","protected":false},"excerpt":{"rendered":"<p>Alapvet\u0151 programoz\u00e1si, k\u00f3d-\u00edr\u00e1si k\u00e9szs\u00e9gek elsaj\u00e1t\u00edt\u00e1sa R nyelven: Programok strukt\u00far\u00e1ja: ciklus, el\u00e1gaz\u00e1s, alprogramok. A v\u00e9letlen folyamatok modellez\u00e9se randomsz\u00e1mokkal. Dinamikai modellek elemz\u00e9s\u00e9re haszn\u00e1latos \u00e1brat\u00edpusok. A Biomatematikai modellek tant\u00e1rgy keret\u00e9ben megismert id\u0151ben diszkr\u00e9t modellek elemz\u00e9se determinisztikus \u00e9s sztochasztikus szimul\u00e1ci\u00f3kkal. Differenci\u00e1l-egyenletek numerikus megold\u00e1sa. Gyakorlatok anyaga, k\u00e9pletgy\u0171jtem\u00e9ny: www.univet.hu Sarah P. Otto &amp; Troy Day: A Biologist&#8217;s Guide to Mathematical Modeling<\/p>\n","protected":false},"author":3837,"featured_media":0,"parent":677,"menu_order":115,"comment_status":"closed","ping_status":"closed","template":"","meta":{"_acf_changed":false,"footnotes":""},"categories":[],"tags":[],"class_list":["post-16040","page","type-page","status-publish","hentry"],"acf":[],"_links":{"self":[{"href":"https:\/\/univet.hu\/hu\/wp-json\/wp\/v2\/pages\/16040","targetHints":{"allow":["GET"]}}],"collection":[{"href":"https:\/\/univet.hu\/hu\/wp-json\/wp\/v2\/pages"}],"about":[{"href":"https:\/\/univet.hu\/hu\/wp-json\/wp\/v2\/types\/page"}],"author":[{"embeddable":true,"href":"https:\/\/univet.hu\/hu\/wp-json\/wp\/v2\/users\/3837"}],"replies":[{"embeddable":true,"href":"https:\/\/univet.hu\/hu\/wp-json\/wp\/v2\/comments?post=16040"}],"version-history":[{"count":0,"href":"https:\/\/univet.hu\/hu\/wp-json\/wp\/v2\/pages\/16040\/revisions"}],"up":[{"embeddable":true,"href":"https:\/\/univet.hu\/hu\/wp-json\/wp\/v2\/pages\/677"}],"wp:attachment":[{"href":"https:\/\/univet.hu\/hu\/wp-json\/wp\/v2\/media?parent=16040"}],"wp:term":[{"taxonomy":"category","embeddable":true,"href":"https:\/\/univet.hu\/hu\/wp-json\/wp\/v2\/categories?post=16040"},{"taxonomy":"post_tag","embeddable":true,"href":"https:\/\/univet.hu\/hu\/wp-json\/wp\/v2\/tags?post=16040"}],"curies":[{"name":"wp","href":"https:\/\/api.w.org\/{rel}","templated":true}]}}