{"id":16042,"date":"1970-01-01T00:00:00","date_gmt":"1969-12-31T23:00:00","guid":{"rendered":"http:\/\/univet.hu\/oktatas\/kurzusok\/szarvasmarha-allomany-egeszsegtan\/"},"modified":"2026-03-18T10:59:58","modified_gmt":"2026-03-18T09:59:58","slug":"szarvasmarha-allomany-egeszsegtan","status":"publish","type":"page","link":"https:\/\/univet.hu\/hu\/oktatas\/kurzusok\/szarvasmarha-allomany-egeszsegtan\/","title":{"rendered":"Szarvasmarha \u00e1llom\u00e1ny-eg\u00e9szs\u00e9gtan"},"content":{"rendered":"<p>A szarvasmarha \u00e1llom\u00e1ny-eg\u00e9szs\u00e9g\u00fcgyi menedzsment fontosabb ter\u00fcleteinek gyakorlatorient\u00e1lt t\u00e1rgyal\u00e1sa.<\/p> <p>Gyakorlati szarvasmarha \u00e1llom\u00e1ny-eg\u00e9szs\u00e9g\u00fcgyi ismeretek \u00e9s k\u00e9szs\u00e9gek \u00e1tad\u00e1sa.<\/p> <p>Az el\u0151ad\u00e1sok helysz\u00edne \u00e9s id\u0151pontja:<\/p> <p>Tormay el\u0151ad\u00f3 keddenk\u00e9nt\u00a0 15.15 \u00f3r\u00e1t\u00f3l.<\/p>","protected":false},"excerpt":{"rendered":"<p>A szarvasmarha \u00e1llom\u00e1ny-eg\u00e9szs\u00e9g\u00fcgyi menedzsment fontosabb ter\u00fcleteinek gyakorlatorient\u00e1lt t\u00e1rgyal\u00e1sa. Gyakorlati szarvasmarha \u00e1llom\u00e1ny-eg\u00e9szs\u00e9g\u00fcgyi ismeretek \u00e9s k\u00e9szs\u00e9gek \u00e1tad\u00e1sa. Az el\u0151ad\u00e1sok helysz\u00edne \u00e9s id\u0151pontja: Tormay el\u0151ad\u00f3 keddenk\u00e9nt\u00a0 15.15 \u00f3r\u00e1t\u00f3l.<\/p>\n","protected":false},"author":3837,"featured_media":0,"parent":677,"menu_order":115,"comment_status":"closed","ping_status":"closed","template":"","meta":{"_acf_changed":false,"footnotes":""},"categories":[],"tags":[],"class_list":["post-16042","page","type-page","status-publish","hentry"],"acf":[],"_links":{"self":[{"href":"https:\/\/univet.hu\/hu\/wp-json\/wp\/v2\/pages\/16042","targetHints":{"allow":["GET"]}}],"collection":[{"href":"https:\/\/univet.hu\/hu\/wp-json\/wp\/v2\/pages"}],"about":[{"href":"https:\/\/univet.hu\/hu\/wp-json\/wp\/v2\/types\/page"}],"author":[{"embeddable":true,"href":"https:\/\/univet.hu\/hu\/wp-json\/wp\/v2\/users\/3837"}],"replies":[{"embeddable":true,"href":"https:\/\/univet.hu\/hu\/wp-json\/wp\/v2\/comments?post=16042"}],"version-history":[{"count":3,"href":"https:\/\/univet.hu\/hu\/wp-json\/wp\/v2\/pages\/16042\/revisions"}],"predecessor-version":[{"id":203192,"href":"https:\/\/univet.hu\/hu\/wp-json\/wp\/v2\/pages\/16042\/revisions\/203192"}],"up":[{"embeddable":true,"href":"https:\/\/univet.hu\/hu\/wp-json\/wp\/v2\/pages\/677"}],"wp:attachment":[{"href":"https:\/\/univet.hu\/hu\/wp-json\/wp\/v2\/media?parent=16042"}],"wp:term":[{"taxonomy":"category","embeddable":true,"href":"https:\/\/univet.hu\/hu\/wp-json\/wp\/v2\/categories?post=16042"},{"taxonomy":"post_tag","embeddable":true,"href":"https:\/\/univet.hu\/hu\/wp-json\/wp\/v2\/tags?post=16042"}],"curies":[{"name":"wp","href":"https:\/\/api.w.org\/{rel}","templated":true}]}}