{"id":16048,"date":"1970-01-01T00:00:00","date_gmt":"1969-12-31T23:00:00","guid":{"rendered":"http:\/\/univet.hu\/oktatas\/kurzusok\/tajanatomia\/"},"modified":"2026-02-05T13:13:18","modified_gmt":"2026-02-05T12:13:18","slug":"tajanatomia","status":"publish","type":"page","link":"https:\/\/univet.hu\/hu\/oktatas\/kurzusok\/tajanatomia\/","title":{"rendered":"T\u00e1janat\u00f3mia"},"content":{"rendered":"<p>\u00c1llatorvosi anat\u00f3mia tant\u00e1rgy sor\u00e1n szerzett ismeretek gyakorlatba \u00fcltet\u00e9se. A tapinthat\u00f3 k\u00e9pletek felkeres\u00e9se, az idegek \u00e9rz\u00e9stel\u00edt\u00e9si pontjai, az \u00edz\u00fcletek punkci\u00f3j\u00e1nak lehet\u0151s\u00e9gei.<br \/> A tant\u00e1rgy a tavaszi szemeszter sor\u00e1n ker\u00fcl meghirdet\u00e9sre, az \u0151szi szemeszterben &#8222;vizsgakurzus&#8221; felv\u00e9tel\u00e9re van lehet\u0151s\u00e9g, amennyiben a hallgat\u00f3 a gyakorlati vizsg\u00e1t m\u00e1r teljes\u00edtette. A tant\u00e1rgy felv\u00e9tel\u00e9nek el\u0151tanulm\u00e1nyi felt\u00e9tele a sikeres Funkcion\u00e1lis Anat\u00f3mia szigorlat.<br \/> A szorgalmi id\u0151szak sor\u00e1n se k\u00f6telez\u0151, se fakultat\u00edv jelleg\u0171 besz\u00e1mol\u00f3k a tant\u00e1rgyb\u00f3l nincsenek.<br \/> A gyakorlatokon val\u00f3 megjelen\u00e9s k\u00f6telez\u0151. A gyakorlatok a Nemzeti Lovarda (Tattersall) ter\u00fclet\u00e9n zajlanak.<\/p> <p>&nbsp;<\/p>","protected":false},"excerpt":{"rendered":"<p>\u00c1llatorvosi anat\u00f3mia tant\u00e1rgy sor\u00e1n szerzett ismeretek gyakorlatba \u00fcltet\u00e9se. A tapinthat\u00f3 k\u00e9pletek felkeres\u00e9se, az idegek \u00e9rz\u00e9stel\u00edt\u00e9si pontjai, az \u00edz\u00fcletek punkci\u00f3j\u00e1nak lehet\u0151s\u00e9gei. A tant\u00e1rgy a tavaszi szemeszter sor\u00e1n ker\u00fcl meghirdet\u00e9sre, az \u0151szi szemeszterben &#8222;vizsgakurzus&#8221; felv\u00e9tel\u00e9re van lehet\u0151s\u00e9g, amennyiben a hallgat\u00f3 a gyakorlati vizsg\u00e1t m\u00e1r teljes\u00edtette. A tant\u00e1rgy felv\u00e9tel\u00e9nek el\u0151tanulm\u00e1nyi felt\u00e9tele a sikeres Funkcion\u00e1lis Anat\u00f3mia szigorlat. A szorgalmi<\/p>\n","protected":false},"author":3837,"featured_media":0,"parent":677,"menu_order":115,"comment_status":"closed","ping_status":"closed","template":"","meta":{"_acf_changed":false,"footnotes":""},"categories":[],"tags":[],"class_list":["post-16048","page","type-page","status-publish","hentry"],"acf":[],"_links":{"self":[{"href":"https:\/\/univet.hu\/hu\/wp-json\/wp\/v2\/pages\/16048","targetHints":{"allow":["GET"]}}],"collection":[{"href":"https:\/\/univet.hu\/hu\/wp-json\/wp\/v2\/pages"}],"about":[{"href":"https:\/\/univet.hu\/hu\/wp-json\/wp\/v2\/types\/page"}],"author":[{"embeddable":true,"href":"https:\/\/univet.hu\/hu\/wp-json\/wp\/v2\/users\/3837"}],"replies":[{"embeddable":true,"href":"https:\/\/univet.hu\/hu\/wp-json\/wp\/v2\/comments?post=16048"}],"version-history":[{"count":2,"href":"https:\/\/univet.hu\/hu\/wp-json\/wp\/v2\/pages\/16048\/revisions"}],"predecessor-version":[{"id":198711,"href":"https:\/\/univet.hu\/hu\/wp-json\/wp\/v2\/pages\/16048\/revisions\/198711"}],"up":[{"embeddable":true,"href":"https:\/\/univet.hu\/hu\/wp-json\/wp\/v2\/pages\/677"}],"wp:attachment":[{"href":"https:\/\/univet.hu\/hu\/wp-json\/wp\/v2\/media?parent=16048"}],"wp:term":[{"taxonomy":"category","embeddable":true,"href":"https:\/\/univet.hu\/hu\/wp-json\/wp\/v2\/categories?post=16048"},{"taxonomy":"post_tag","embeddable":true,"href":"https:\/\/univet.hu\/hu\/wp-json\/wp\/v2\/tags?post=16048"}],"curies":[{"name":"wp","href":"https:\/\/api.w.org\/{rel}","templated":true}]}}