{"id":16051,"date":"1970-01-01T00:00:00","date_gmt":"1969-12-31T23:00:00","guid":{"rendered":"http:\/\/univet.hu\/oktatas\/kurzusok\/takarmanyozastan-ii\/"},"modified":"2025-09-16T16:59:14","modified_gmt":"2025-09-16T14:59:14","slug":"takarmanyozastan-ii","status":"publish","type":"page","link":"https:\/\/univet.hu\/hu\/oktatas\/kurzusok\/takarmanyozastan-ii\/","title":{"rendered":"Takarm\u00e1nyoz\u00e1stan II."},"content":{"rendered":"<p>A tant\u00e1rgy el\u0151ad\u00f3i \u00e9s gyakorlatvezet\u0151i:<\/p> <p>Dr. Hull\u00e1r Istv\u00e1n, egyetemi docens<br \/> Dr. Korbacska-Kutasi Orsolya, egyetemi docens<br \/> Dr. Het\u00e9nyi Nikoletta, tudom\u00e1nyos munkat\u00e1rs<br \/> Dr. Bers\u00e9nyi Andr\u00e1s egyetemi adjunktus<br \/> Dr. Moravszki Let\u00edcia, egyetemi tan\u00e1rseg\u00e9d<\/p> <p>&nbsp;<\/p> <p style=\"text-align: left\"><span style=\"text-decoration: underline\"><strong>\u00d3RAL\u00c1TOGAT\u00c1S<\/strong><\/span><br \/> <span style=\"text-decoration: underline\"><strong>El\u0151ad\u00e1sok<\/strong><\/span><br \/> A Tanulm\u00e1nyi \u00e9s Vizsgaszab\u00e1lyzat \u00e9rtelm\u00e9ben <em><strong>k\u00f6telez\u0151 az el\u0151ad\u00e1sokon t\u00f6rt\u00e9n\u0151 r\u00e9szv\u00e9tel<\/strong><\/em> \u00e9s ezt rendszeresen ellen\u0151rizz\u00fck. Az igazolatlan hi\u00e1nyz\u00e1sok sz\u00e1ma egy szemeszterben nem haladhatja meg a h\u00e1rmat. Enn\u00e9l t\u00f6bb igazolatlan hi\u00e1nyz\u00e1s eset\u00e9n nem ismerj\u00fck el a hallgat\u00f3 f\u00e9l\u00e9v\u00e9t, azaz, nem kap al\u00e1\u00edr\u00e1st.<br \/> Nem min\u0151s\u00fcl igazolatlan t\u00e1volmarad\u00e1snak a klinikai gyakorlat, a TDK- vagy szakdolgozat k\u00e9sz\u00edt\u00e9s\u00e9vel kapcsolatos munka miatt t\u00f6rt\u00e9n\u0151 hi\u00e1nyz\u00e1s, de ennek t\u00e9ny\u00e9t igazoltatni kell az illet\u0151 gyakorlatvezet\u0151vel vagy t\u00e9mavezet\u0151vel a megfelel\u0151 formanyomtatv\u00e1nyon.<br \/> <span style=\"text-decoration: underline\"><strong>Gyakorlatok<\/strong><\/span><br \/> A gyakorlatokon val\u00f3 r\u00e9szv\u00e9tel ugyancsak k\u00f6telez\u0151.<br \/> <strong>A gyakorlati foglalkoz\u00e1sok \u00f6ssz\u00f3rasz\u00e1m\u00e1nak 30%-\u00e1t meghalad\u00f3 hi\u00e1nyz\u00e1s eset\u00e9n nem enged\u00e9lyezhet\u0151 az elmulasztott gyakorlatok p\u00f3tl\u00e1sa, a hallgat\u00f3 teh\u00e1t nem szerezheti meg az adott tant\u00e1rgy kreditpontj\u00e1t. EZ LEGFELJEBB 4 HI\u00c1NYZ\u00c1S, AMIB\u0150L 3-AT KELL P\u00d3TOLNI.<\/strong><br \/> Egy hi\u00e1nyz\u00e1st indokl\u00e1s n\u00e9lk\u00fcl elfogad a tansz\u00e9k, azt nem kell p\u00f3tolni.<br \/> A 4 hi\u00e1nyz\u00e1sba nem sz\u00e1m\u00edtanak bele az \u00fcgyeletek miatt \u2013 igazoltan \u2013 mulasztott gyakorlatok \u00e9s azokat nem is kell p\u00f3tolni.<\/p> <p style=\"text-align: left\"><strong><span style=\"text-decoration: underline\">TANSZ\u00c9KI \u00d6SSZEK\u00d6T\u0150<\/span><\/strong><br \/> Dr. Bers\u00e9nyi Andr\u00e1s egyetemi adjunktus (Rottenbiller u. 50.); telefon (mell\u00e9k): 8643;<br \/> e-mail: <a class=\"decrypt\" rel=\"cfstfozj\/boesbtAvojwfu\/iv\" href=\"javascript:void(0);\">[Kattintson az emailc\u00edmhez]<\/a>).<\/p>","protected":false},"excerpt":{"rendered":"<p>A tant\u00e1rgy el\u0151ad\u00f3i \u00e9s gyakorlatvezet\u0151i: Dr. Hull\u00e1r Istv\u00e1n, egyetemi docens Dr. Korbacska-Kutasi Orsolya, egyetemi docens Dr. Het\u00e9nyi Nikoletta, tudom\u00e1nyos munkat\u00e1rs Dr. Bers\u00e9nyi Andr\u00e1s egyetemi adjunktus Dr. Moravszki Let\u00edcia, egyetemi tan\u00e1rseg\u00e9d &nbsp; \u00d3RAL\u00c1TOGAT\u00c1S El\u0151ad\u00e1sok A Tanulm\u00e1nyi \u00e9s Vizsgaszab\u00e1lyzat \u00e9rtelm\u00e9ben k\u00f6telez\u0151 az el\u0151ad\u00e1sokon t\u00f6rt\u00e9n\u0151 r\u00e9szv\u00e9tel \u00e9s ezt rendszeresen ellen\u0151rizz\u00fck. Az igazolatlan hi\u00e1nyz\u00e1sok sz\u00e1ma egy szemeszterben nem haladhatja<\/p>\n","protected":false},"author":3837,"featured_media":0,"parent":677,"menu_order":115,"comment_status":"closed","ping_status":"closed","template":"","meta":{"_acf_changed":false,"footnotes":""},"categories":[],"tags":[],"class_list":["post-16051","page","type-page","status-publish","hentry"],"acf":[],"_links":{"self":[{"href":"https:\/\/univet.hu\/hu\/wp-json\/wp\/v2\/pages\/16051","targetHints":{"allow":["GET"]}}],"collection":[{"href":"https:\/\/univet.hu\/hu\/wp-json\/wp\/v2\/pages"}],"about":[{"href":"https:\/\/univet.hu\/hu\/wp-json\/wp\/v2\/types\/page"}],"author":[{"embeddable":true,"href":"https:\/\/univet.hu\/hu\/wp-json\/wp\/v2\/users\/3837"}],"replies":[{"embeddable":true,"href":"https:\/\/univet.hu\/hu\/wp-json\/wp\/v2\/comments?post=16051"}],"version-history":[{"count":3,"href":"https:\/\/univet.hu\/hu\/wp-json\/wp\/v2\/pages\/16051\/revisions"}],"predecessor-version":[{"id":190486,"href":"https:\/\/univet.hu\/hu\/wp-json\/wp\/v2\/pages\/16051\/revisions\/190486"}],"up":[{"embeddable":true,"href":"https:\/\/univet.hu\/hu\/wp-json\/wp\/v2\/pages\/677"}],"wp:attachment":[{"href":"https:\/\/univet.hu\/hu\/wp-json\/wp\/v2\/media?parent=16051"}],"wp:term":[{"taxonomy":"category","embeddable":true,"href":"https:\/\/univet.hu\/hu\/wp-json\/wp\/v2\/categories?post=16051"},{"taxonomy":"post_tag","embeddable":true,"href":"https:\/\/univet.hu\/hu\/wp-json\/wp\/v2\/tags?post=16051"}],"curies":[{"name":"wp","href":"https:\/\/api.w.org\/{rel}","templated":true}]}}