{"id":16053,"date":"1970-01-01T00:00:00","date_gmt":"1969-12-31T23:00:00","guid":{"rendered":"http:\/\/univet.hu\/oktatas\/kurzusok\/talajzoologia-biologus-msc\/"},"modified":"1970-01-01T00:00:00","modified_gmt":"1969-12-31T23:00:00","slug":"talajzoologia-biologus-msc","status":"publish","type":"page","link":"https:\/\/univet.hu\/hu\/oktatas\/kurzusok\/talajzoologia-biologus-msc\/","title":{"rendered":"Talajzool\u00f3gia &#8211; biol\u00f3gus MSc"},"content":{"rendered":"<p>Az el\u0151ad\u00e1sok sor\u00e1n a talaj tulajdons\u00e1gai, mint a gerinctelen \u00e1llatok k\u00f6rnyezete ker\u00fcl ismertet\u00e9sre. Kiemelten t\u00e1rgyaljuk a talajlak\u00f3 gerinctelen szervezeteket, az egyes taxon\u00f3miai csoportokat \u00e9s jellemz\u0151iket, \u00f6kol\u00f3gi\u00e1jukat, valamint a lebont\u00f3 folyamatokban, a talaj \u00e9letk\u00f6z\u00f6ss\u00e9g\u00e9ben bet\u00f6lt\u00f6tt szerep\u00fcket. Foglalkozunk a talajlak\u00f3 gerinctelen taxonokkal azok indik\u00e1ci\u00f3s k\u00e9pess\u00e9ge szempontj\u00e1b\u00f3l. Ismertetj\u00fck a k\u00fcl\u00f6nb\u00f6z\u0151 t\u00edpus\u00fa talajokat \u00e9s azok \u00e9letk\u00f6z\u00f6ss\u00e9geit. \u00d6sszefoglal\u00e1sra ker\u00fcl a talajlak\u00f3 \u00e1llatok gy\u0171jt\u00e9s\u00e9nek m\u00f3dszertana: a legismertebb kvali-, kvantitat\u00edv gy\u0171jt\u00e9si m\u00f3dszerek; kinyer\u00e9s, konzerv\u00e1l\u00e1s, teny\u00e9szt\u00e9s.<\/p> <p>Aj\u00e1nlott \u00e9s k\u00f6telez\u0151 irodalom:<br \/>Bardgett R. (2005): The biology of soil : A community and ecosystem approach. Oxford University Press.<br \/>Coleman D.C., Crossley Jr D.A., Hendrix P.F. (2004): Fundamentals of Soil Ecology. Academic Press.<br \/>Szab\u00f3 Istv\u00e1n Mih\u00e1ly (1992): Az \u00e1ltal\u00e1nos talajtan biol\u00f3giai alapjai, Mez\u0151gazdas\u00e1gi<\/p><\/p>","protected":false},"excerpt":{"rendered":"<p>Az el\u0151ad\u00e1sok sor\u00e1n a talaj tulajdons\u00e1gai, mint a gerinctelen \u00e1llatok k\u00f6rnyezete ker\u00fcl ismertet\u00e9sre. Kiemelten t\u00e1rgyaljuk a talajlak\u00f3 gerinctelen szervezeteket, az egyes taxon\u00f3miai csoportokat \u00e9s jellemz\u0151iket, \u00f6kol\u00f3gi\u00e1jukat, valamint a lebont\u00f3 folyamatokban, a talaj \u00e9letk\u00f6z\u00f6ss\u00e9g\u00e9ben bet\u00f6lt\u00f6tt szerep\u00fcket. Foglalkozunk a talajlak\u00f3 gerinctelen taxonokkal azok indik\u00e1ci\u00f3s k\u00e9pess\u00e9ge szempontj\u00e1b\u00f3l. Ismertetj\u00fck a k\u00fcl\u00f6nb\u00f6z\u0151 t\u00edpus\u00fa talajokat \u00e9s azok \u00e9letk\u00f6z\u00f6ss\u00e9geit. \u00d6sszefoglal\u00e1sra ker\u00fcl a<\/p>\n","protected":false},"author":3837,"featured_media":0,"parent":677,"menu_order":115,"comment_status":"closed","ping_status":"closed","template":"","meta":{"_acf_changed":false,"footnotes":""},"categories":[],"tags":[],"class_list":["post-16053","page","type-page","status-publish","hentry"],"acf":[],"_links":{"self":[{"href":"https:\/\/univet.hu\/hu\/wp-json\/wp\/v2\/pages\/16053","targetHints":{"allow":["GET"]}}],"collection":[{"href":"https:\/\/univet.hu\/hu\/wp-json\/wp\/v2\/pages"}],"about":[{"href":"https:\/\/univet.hu\/hu\/wp-json\/wp\/v2\/types\/page"}],"author":[{"embeddable":true,"href":"https:\/\/univet.hu\/hu\/wp-json\/wp\/v2\/users\/3837"}],"replies":[{"embeddable":true,"href":"https:\/\/univet.hu\/hu\/wp-json\/wp\/v2\/comments?post=16053"}],"version-history":[{"count":0,"href":"https:\/\/univet.hu\/hu\/wp-json\/wp\/v2\/pages\/16053\/revisions"}],"up":[{"embeddable":true,"href":"https:\/\/univet.hu\/hu\/wp-json\/wp\/v2\/pages\/677"}],"wp:attachment":[{"href":"https:\/\/univet.hu\/hu\/wp-json\/wp\/v2\/media?parent=16053"}],"wp:term":[{"taxonomy":"category","embeddable":true,"href":"https:\/\/univet.hu\/hu\/wp-json\/wp\/v2\/categories?post=16053"},{"taxonomy":"post_tag","embeddable":true,"href":"https:\/\/univet.hu\/hu\/wp-json\/wp\/v2\/tags?post=16053"}],"curies":[{"name":"wp","href":"https:\/\/api.w.org\/{rel}","templated":true}]}}