{"id":16057,"date":"1970-01-01T00:00:00","date_gmt":"1969-12-31T23:00:00","guid":{"rendered":"http:\/\/univet.hu\/oktatas\/kurzusok\/taxonomia-es-szisztematika-biologus-msc\/"},"modified":"1970-01-01T00:00:00","modified_gmt":"1969-12-31T23:00:00","slug":"taxonomia-es-szisztematika-biologus-msc","status":"publish","type":"page","link":"https:\/\/univet.hu\/hu\/oktatas\/kurzusok\/taxonomia-es-szisztematika-biologus-msc\/","title":{"rendered":"Taxon\u00f3mia \u00e9s szisztematika biol\u00f3gus MSc"},"content":{"rendered":"<p>A biol\u00f3gus k\u00e9pz\u00e9s \u00f6kol\u00f3gia szakir\u00e1ny\u00e1nak v\u00e1laszthat\u00f3 t\u00e1rgyak\u00e9nt a taxon\u00f3miai \u00e9s szisztematikai ismeretek b\u0151v\u00edt\u00e9se.<\/p> <p>Aj\u00e1nlott irodalom: Podani J. (2003): <em>A sz\u00e1razf\u00f6ldi<\/em> n\u00f6v\u00e9nyek evol\u00faci\u00f3ja \u00e9s rendszertana. ELTE E\u00f6tv\u00f6s Kiad\u00f3, Budapest. 296 p.<\/p><\/p>","protected":false},"excerpt":{"rendered":"<p>A biol\u00f3gus k\u00e9pz\u00e9s \u00f6kol\u00f3gia szakir\u00e1ny\u00e1nak v\u00e1laszthat\u00f3 t\u00e1rgyak\u00e9nt a taxon\u00f3miai \u00e9s szisztematikai ismeretek b\u0151v\u00edt\u00e9se. Aj\u00e1nlott irodalom: Podani J. (2003): A sz\u00e1razf\u00f6ldi n\u00f6v\u00e9nyek evol\u00faci\u00f3ja \u00e9s rendszertana. ELTE E\u00f6tv\u00f6s Kiad\u00f3, Budapest. 296 p.<\/p>\n","protected":false},"author":3837,"featured_media":0,"parent":677,"menu_order":115,"comment_status":"closed","ping_status":"closed","template":"","meta":{"_acf_changed":false,"footnotes":""},"categories":[],"tags":[],"class_list":["post-16057","page","type-page","status-publish","hentry"],"acf":[],"_links":{"self":[{"href":"https:\/\/univet.hu\/hu\/wp-json\/wp\/v2\/pages\/16057","targetHints":{"allow":["GET"]}}],"collection":[{"href":"https:\/\/univet.hu\/hu\/wp-json\/wp\/v2\/pages"}],"about":[{"href":"https:\/\/univet.hu\/hu\/wp-json\/wp\/v2\/types\/page"}],"author":[{"embeddable":true,"href":"https:\/\/univet.hu\/hu\/wp-json\/wp\/v2\/users\/3837"}],"replies":[{"embeddable":true,"href":"https:\/\/univet.hu\/hu\/wp-json\/wp\/v2\/comments?post=16057"}],"version-history":[{"count":0,"href":"https:\/\/univet.hu\/hu\/wp-json\/wp\/v2\/pages\/16057\/revisions"}],"up":[{"embeddable":true,"href":"https:\/\/univet.hu\/hu\/wp-json\/wp\/v2\/pages\/677"}],"wp:attachment":[{"href":"https:\/\/univet.hu\/hu\/wp-json\/wp\/v2\/media?parent=16057"}],"wp:term":[{"taxonomy":"category","embeddable":true,"href":"https:\/\/univet.hu\/hu\/wp-json\/wp\/v2\/categories?post=16057"},{"taxonomy":"post_tag","embeddable":true,"href":"https:\/\/univet.hu\/hu\/wp-json\/wp\/v2\/tags?post=16057"}],"curies":[{"name":"wp","href":"https:\/\/api.w.org\/{rel}","templated":true}]}}