{"id":16059,"date":"1970-01-01T00:00:00","date_gmt":"1969-12-31T23:00:00","guid":{"rendered":"http:\/\/univet.hu\/oktatas\/kurzusok\/terepgyakorlat-2-biologia-bsc\/"},"modified":"1970-01-01T00:00:00","modified_gmt":"1969-12-31T23:00:00","slug":"terepgyakorlat-2-biologia-bsc","status":"publish","type":"page","link":"https:\/\/univet.hu\/hu\/oktatas\/kurzusok\/terepgyakorlat-2-biologia-bsc\/","title":{"rendered":"Terepgyakorlat 2. &#8211; biol\u00f3gia BSc"},"content":{"rendered":"<p>tant\u00e1rgyfelel\u0151s: <strong>Dr. F\u00fcl\u00f6p D\u00e1vid<\/strong><\/p> <p>A terepgyakorlat els\u0151 hete sor\u00e1n a hallgat\u00f3k betekint\u00e9st kapnak az \u00e1llatok gy\u0171jt\u00e9s\u00e9be, szakszer\u0171 prepar\u00e1l\u00e1s\u00e1ba \u00e9s identifik\u00e1ci\u00f3j\u00e1ba. A m\u00e1sodik h\u00e9ten szupraindividu\u00e1lis biol\u00f3giai m\u00f3dszereibe ny\u00fajtunk betekint\u00e9st. A hallgat\u00f3k \u00f6n\u00e1ll\u00f3 terepi felm\u00e9r\u00e9seket v\u00e9geznek, melyek ki\u00e9rt\u00e9kel\u00e9se tudom\u00e1nyos publik\u00e1ci\u00f3 form\u00e1tum\u00fa.<\/p> <p>Aj\u00e1nlott irodalom:<\/p> <p>Fauna Hungariae sorozat<\/p> <p>M\u00f3cz\u00e1r L\u00e1szl\u00f3 (szerk.) 1950, 1969, \u00e9s 1984. \u00c1llathat\u00e1roz\u00f3 I-II. Tank\u00f6nyvkiad\u00f3<\/p> <p>Podani J. 1997. Bevezet\u00e9s a t\u00f6bbv\u00e1ltoz\u00f3s biol\u00f3giai adatfelt\u00e1r\u00e1s rejtelmeibe. Scientia Kiad\u00f3, Budapest, 412 p.<\/p> <p>Reiczigel Jen\u0151, Harnos Andrea &amp; Solymosi Norbert (2010): Biostatisztika nem statisztikusoknak. Jav\u00edtott ut\u00e1nnyom\u00e1s, Pars Kft., Nagykov\u00e1csi, 455 oldal, ISBN 978-963-06-3736-7<\/p> <p>Rudolf B\u00e4hrmann 2000. Gerinctelen \u00e1llatok hataroz\u00f3ja. Mez\u0151gazda Kiad\u00f3. pp. 383<\/p> <p>Southwood T. R.E. Henderson P.A. 2000. Ecological methods. Third edition. Blackwell.<\/p> <p>Sutherland W. J. 2006. Ecological Census Techniques: A Handbook. Cambridge University Press.<\/p> <p>V\u00edzi Term\u00e9szet- \u00e9s K\u00f6rnyezetv\u00e9delem sorozat. K\u00f6rnyezetgazd\u00e1lkod\u00e1si Int\u00e9zet, Budapest<\/p><\/p>","protected":false},"excerpt":{"rendered":"<p>tant\u00e1rgyfelel\u0151s: Dr. F\u00fcl\u00f6p D\u00e1vid A terepgyakorlat els\u0151 hete sor\u00e1n a hallgat\u00f3k betekint\u00e9st kapnak az \u00e1llatok gy\u0171jt\u00e9s\u00e9be, szakszer\u0171 prepar\u00e1l\u00e1s\u00e1ba \u00e9s identifik\u00e1ci\u00f3j\u00e1ba. A m\u00e1sodik h\u00e9ten szupraindividu\u00e1lis biol\u00f3giai m\u00f3dszereibe ny\u00fajtunk betekint\u00e9st. A hallgat\u00f3k \u00f6n\u00e1ll\u00f3 terepi felm\u00e9r\u00e9seket v\u00e9geznek, melyek ki\u00e9rt\u00e9kel\u00e9se tudom\u00e1nyos publik\u00e1ci\u00f3 form\u00e1tum\u00fa. Aj\u00e1nlott irodalom: Fauna Hungariae sorozat M\u00f3cz\u00e1r L\u00e1szl\u00f3 (szerk.) 1950, 1969, \u00e9s 1984. \u00c1llathat\u00e1roz\u00f3 I-II. Tank\u00f6nyvkiad\u00f3 Podani<\/p>\n","protected":false},"author":3837,"featured_media":0,"parent":677,"menu_order":115,"comment_status":"closed","ping_status":"closed","template":"","meta":{"_acf_changed":false,"footnotes":""},"categories":[],"tags":[],"class_list":["post-16059","page","type-page","status-publish","hentry"],"acf":[],"_links":{"self":[{"href":"https:\/\/univet.hu\/hu\/wp-json\/wp\/v2\/pages\/16059","targetHints":{"allow":["GET"]}}],"collection":[{"href":"https:\/\/univet.hu\/hu\/wp-json\/wp\/v2\/pages"}],"about":[{"href":"https:\/\/univet.hu\/hu\/wp-json\/wp\/v2\/types\/page"}],"author":[{"embeddable":true,"href":"https:\/\/univet.hu\/hu\/wp-json\/wp\/v2\/users\/3837"}],"replies":[{"embeddable":true,"href":"https:\/\/univet.hu\/hu\/wp-json\/wp\/v2\/comments?post=16059"}],"version-history":[{"count":0,"href":"https:\/\/univet.hu\/hu\/wp-json\/wp\/v2\/pages\/16059\/revisions"}],"up":[{"embeddable":true,"href":"https:\/\/univet.hu\/hu\/wp-json\/wp\/v2\/pages\/677"}],"wp:attachment":[{"href":"https:\/\/univet.hu\/hu\/wp-json\/wp\/v2\/media?parent=16059"}],"wp:term":[{"taxonomy":"category","embeddable":true,"href":"https:\/\/univet.hu\/hu\/wp-json\/wp\/v2\/categories?post=16059"},{"taxonomy":"post_tag","embeddable":true,"href":"https:\/\/univet.hu\/hu\/wp-json\/wp\/v2\/tags?post=16059"}],"curies":[{"name":"wp","href":"https:\/\/api.w.org\/{rel}","templated":true}]}}