{"id":16062,"date":"1970-01-01T00:00:00","date_gmt":"1969-12-31T23:00:00","guid":{"rendered":"http:\/\/univet.hu\/oktatas\/kurzusok\/termeszet-es-kornyezetvedelem-aktualis-kerdesei-biologus-msc\/"},"modified":"1970-01-01T00:00:00","modified_gmt":"1969-12-31T23:00:00","slug":"termeszet-es-kornyezetvedelem-aktualis-kerdesei-biologus-msc","status":"publish","type":"page","link":"https:\/\/univet.hu\/hu\/oktatas\/kurzusok\/termeszet-es-kornyezetvedelem-aktualis-kerdesei-biologus-msc\/","title":{"rendered":"Term\u00e9szet- \u00e9s k\u00f6rnyezetv\u00e9delem aktu\u00e1lis k\u00e9rd\u00e9sei &#8211; biol\u00f3gus MSc"},"content":{"rendered":"<p>A term\u00e9szetv\u00e9delem kezdetei Magyarorsz\u00e1gon \u00e9s m\u00e1s orsz\u00e1gokban. A term\u00e9szetv\u00e9delem mai int\u00e9zm\u00e9nyrendszere Magyarorsz\u00e1gon \u00e9s Eur\u00f3p\u00e1ban. A magyarorsz\u00e1gi nemzeti parkok, fokozottan v\u00e9dett ter\u00fcletek, term\u00e9szetv\u00e9delmi ter\u00fcletek bemutat\u00e1sa, ezek legfontosabb n\u00f6v\u00e9nytani vonatkoz\u00e1sai.\u00a0<\/p> <p>A kurzus c\u00e9lja \u2013 t\u00f6bbek k\u00f6z\u00f6tt &#8211; az, hogy serkentse a hallgat\u00f3k \u00e9rdekl\u0151d\u00e9s\u00e9t az igen \u00f6sszetett t\u00e9ma ir\u00e1nt. Fontos, hogy \u00f6n\u00e1ll\u00f3an inform\u00e1l\u00f3djanak, legyen saj\u00e1t megalapozott v\u00e9lem\u00e9ny\u00fck, hiszen t\u00f6bbs\u00e9g\u00fckb\u0151l kutat\u00f3 lesz, \u00e9s szakmai \u00fcgyekben d\u00f6nt\u00e9si helyzetbe fognak ker\u00fclni. Az pedig nem mindegy, hogy hogyan d\u00f6ntenek, mert sok esetben a rossz d\u00f6nt\u00e9sek nem orvosolhat\u00f3k.<\/p> <p>A n\u00f6v\u00e9nytani \u00e9s \u00e1llattani t\u00e1rgyakra \u00e9p\u00edtve a term\u00e9szetv\u00e9delmi fogalmak megismertet\u00e9se, a gl\u00f3buszt \u00e9r\u0151 k\u00f6rnyezeti hat\u00e1sok megismertet\u00e9se, annak jelene \u00e9s j\u00f6v\u0151je. A kl\u00edmav\u00e1ltoz\u00e1s hat\u00e1sai.<br \/>K\u00f6telez\u0151 \u00e9s aj\u00e1nlott irodalom:<\/p> <p>Az elhangzott el\u0151ad\u00e1sok anyag\u00e1t a hallgat\u00f3k ppt-s f\u00e1jlban let\u00f6lthetik<br \/>Szerdahelyi T. (1996): V\u00e9dett n\u00f6v\u00e9nyek Magyarorsz\u00e1gon. Tant\u00e1rgyi seg\u00e9dlet, SZIE MKK. +CD.<br \/>Standov\u00e1r Tibor, Richard Primack: A term\u00e9szetv\u00e9delmi biol\u00f3gia alapjai. &#8211; Nemzeti Tank\u00f6nyvkiad\u00f3, Budapest, 2001, 542 pp.<br \/>Farkas S\u00e1ndor (ed.)(1999): Magyarorsz\u00e1g v\u00e9dett n\u00f6v\u00e9nyei. Mez\u0151gazda Kiad\u00f3, 416 pp<br \/>Borhidi, A., S\u00e1nta, A. (eds.) (1999): V\u00f6r\u00f6s k\u00f6nyv Magyarorsz\u00e1g n\u00f6v\u00e9nyt\u00e1rsul\u00e1sair\u00f3l 1-2. Term\u00e9szetb\u00fav\u00e1r Alap\u00edtv\u00e1ny Kiad\u00f3, Budapest, 362 pp., 404 pp. <br \/>Magyarorsz\u00e1g Nemzeti Parkjai I-II. (2002) CD-ROM, VESZPROG Kft.<br \/>Worldwatch Institute (2007): State of the World 2007. http:\/\/www.worldwatch.org\/<\/p> <p>A Term\u00e9szet Vil\u00e1ga foly\u00f3irat lapsz\u00e1mai.<\/p><\/p>","protected":false},"excerpt":{"rendered":"<p>A term\u00e9szetv\u00e9delem kezdetei Magyarorsz\u00e1gon \u00e9s m\u00e1s orsz\u00e1gokban. A term\u00e9szetv\u00e9delem mai int\u00e9zm\u00e9nyrendszere Magyarorsz\u00e1gon \u00e9s Eur\u00f3p\u00e1ban. A magyarorsz\u00e1gi nemzeti parkok, fokozottan v\u00e9dett ter\u00fcletek, term\u00e9szetv\u00e9delmi ter\u00fcletek bemutat\u00e1sa, ezek legfontosabb n\u00f6v\u00e9nytani vonatkoz\u00e1sai.\u00a0 A kurzus c\u00e9lja \u2013 t\u00f6bbek k\u00f6z\u00f6tt &#8211; az, hogy serkentse a hallgat\u00f3k \u00e9rdekl\u0151d\u00e9s\u00e9t az igen \u00f6sszetett t\u00e9ma ir\u00e1nt. Fontos, hogy \u00f6n\u00e1ll\u00f3an inform\u00e1l\u00f3djanak, legyen saj\u00e1t megalapozott v\u00e9lem\u00e9ny\u00fck, hiszen<\/p>\n","protected":false},"author":3837,"featured_media":0,"parent":677,"menu_order":115,"comment_status":"closed","ping_status":"closed","template":"","meta":{"_acf_changed":false,"footnotes":""},"categories":[],"tags":[],"class_list":["post-16062","page","type-page","status-publish","hentry"],"acf":[],"_links":{"self":[{"href":"https:\/\/univet.hu\/hu\/wp-json\/wp\/v2\/pages\/16062","targetHints":{"allow":["GET"]}}],"collection":[{"href":"https:\/\/univet.hu\/hu\/wp-json\/wp\/v2\/pages"}],"about":[{"href":"https:\/\/univet.hu\/hu\/wp-json\/wp\/v2\/types\/page"}],"author":[{"embeddable":true,"href":"https:\/\/univet.hu\/hu\/wp-json\/wp\/v2\/users\/3837"}],"replies":[{"embeddable":true,"href":"https:\/\/univet.hu\/hu\/wp-json\/wp\/v2\/comments?post=16062"}],"version-history":[{"count":0,"href":"https:\/\/univet.hu\/hu\/wp-json\/wp\/v2\/pages\/16062\/revisions"}],"up":[{"embeddable":true,"href":"https:\/\/univet.hu\/hu\/wp-json\/wp\/v2\/pages\/677"}],"wp:attachment":[{"href":"https:\/\/univet.hu\/hu\/wp-json\/wp\/v2\/media?parent=16062"}],"wp:term":[{"taxonomy":"category","embeddable":true,"href":"https:\/\/univet.hu\/hu\/wp-json\/wp\/v2\/categories?post=16062"},{"taxonomy":"post_tag","embeddable":true,"href":"https:\/\/univet.hu\/hu\/wp-json\/wp\/v2\/tags?post=16062"}],"curies":[{"name":"wp","href":"https:\/\/api.w.org\/{rel}","templated":true}]}}