{"id":16063,"date":"1970-01-01T00:00:00","date_gmt":"1969-12-31T23:00:00","guid":{"rendered":"http:\/\/univet.hu\/oktatas\/kurzusok\/termeszeti-ertekeink-biologia-bsc\/"},"modified":"1970-01-01T00:00:00","modified_gmt":"1969-12-31T23:00:00","slug":"termeszeti-ertekeink-biologia-bsc","status":"publish","type":"page","link":"https:\/\/univet.hu\/hu\/oktatas\/kurzusok\/termeszeti-ertekeink-biologia-bsc\/","title":{"rendered":"Term\u00e9szeti \u00e9rt\u00e9keink &#8211; biol\u00f3gia BSc"},"content":{"rendered":"<p>Az el\u0151ad\u00e1s \u00e1tfog\u00f3 k\u00e9pet k\u00edv\u00e1n ny\u00fajtani haz\u00e1nk \u00e9l\u0151 term\u00e9szeti \u00e9rt\u00e9keir\u0151l, term\u00e9szeti \u00f6r\u00f6ks\u00e9g\u00fcnkr\u0151l. A tematikai egyr\u00e9szt extenz\u00edv, vagyis k\u00fcl\u00f6nb\u00f6z\u0151 csoportos\u00edt\u00e1sban haz\u00e1nk legt\u00f6bb sz\u00e1mon tartott term\u00e9szeti kincs\u00e9t sz\u00e1mba veszi (minden orsz\u00e1gos jelent\u0151s\u00e9g\u0171 term\u00e9szetv\u00e9delmi ter\u00fclet, hazai \u00e9l\u0151helyek, n\u00f6v\u00e9nyt\u00e1rsul\u00e1sok, n\u00f6v\u00e9ny- \u00e9s \u00e1llatfajok). A t\u00e1rgyal\u00e1s emellett intenz\u00edv is abban az \u00e9rtelemben, hogy a term\u00e9szeti \u00e9rt\u00e9kekr\u0151l nem egyszer\u0171 lelt\u00e1rt ad, hanem \u00e9rtelmezi is az egyes objektumok \u00e9rt\u00e9kk\u00e9 nyilv\u00e1n\u00edt\u00e1s\u00e1nak \u00e1ltal\u00e1nos \u00e9s speci\u00e1lis szempontjait (az \u00e9rt\u00e9kek felismer\u00e9s\u00e9nek t\u00f6rt\u00e9nete, \u00e1ltal\u00e1nos \u00e9s region\u00e1lis biogeogr\u00e1fiai \u00e9s fitoc\u00f6nol\u00f3giai szempontok, a K\u00e1rp\u00e1t-medence n\u00f6v\u00e9nyvil\u00e1g\u00e1nak fejl\u0151d\u00e9st\u00f6rt\u00e9nete), \u00e9s az \u00e9rt\u00e9keket ok-okozati keretben mutatja be (term\u00e9szetf\u00f6ldrajzi h\u00e1tt\u00e9rt\u00e9nyez\u0151k, region\u00e1lis biogeogr\u00e1fiai ismeretek t\u00fckr\u00e9ben).<\/p><\/p>","protected":false},"excerpt":{"rendered":"<p>Az el\u0151ad\u00e1s \u00e1tfog\u00f3 k\u00e9pet k\u00edv\u00e1n ny\u00fajtani haz\u00e1nk \u00e9l\u0151 term\u00e9szeti \u00e9rt\u00e9keir\u0151l, term\u00e9szeti \u00f6r\u00f6ks\u00e9g\u00fcnkr\u0151l. A tematikai egyr\u00e9szt extenz\u00edv, vagyis k\u00fcl\u00f6nb\u00f6z\u0151 csoportos\u00edt\u00e1sban haz\u00e1nk legt\u00f6bb sz\u00e1mon tartott term\u00e9szeti kincs\u00e9t sz\u00e1mba veszi (minden orsz\u00e1gos jelent\u0151s\u00e9g\u0171 term\u00e9szetv\u00e9delmi ter\u00fclet, hazai \u00e9l\u0151helyek, n\u00f6v\u00e9nyt\u00e1rsul\u00e1sok, n\u00f6v\u00e9ny- \u00e9s \u00e1llatfajok). A t\u00e1rgyal\u00e1s emellett intenz\u00edv is abban az \u00e9rtelemben, hogy a term\u00e9szeti \u00e9rt\u00e9kekr\u0151l nem egyszer\u0171 lelt\u00e1rt ad, hanem<\/p>\n","protected":false},"author":3837,"featured_media":0,"parent":677,"menu_order":115,"comment_status":"closed","ping_status":"closed","template":"","meta":{"_acf_changed":false,"footnotes":""},"categories":[],"tags":[],"class_list":["post-16063","page","type-page","status-publish","hentry"],"acf":[],"_links":{"self":[{"href":"https:\/\/univet.hu\/hu\/wp-json\/wp\/v2\/pages\/16063","targetHints":{"allow":["GET"]}}],"collection":[{"href":"https:\/\/univet.hu\/hu\/wp-json\/wp\/v2\/pages"}],"about":[{"href":"https:\/\/univet.hu\/hu\/wp-json\/wp\/v2\/types\/page"}],"author":[{"embeddable":true,"href":"https:\/\/univet.hu\/hu\/wp-json\/wp\/v2\/users\/3837"}],"replies":[{"embeddable":true,"href":"https:\/\/univet.hu\/hu\/wp-json\/wp\/v2\/comments?post=16063"}],"version-history":[{"count":0,"href":"https:\/\/univet.hu\/hu\/wp-json\/wp\/v2\/pages\/16063\/revisions"}],"up":[{"embeddable":true,"href":"https:\/\/univet.hu\/hu\/wp-json\/wp\/v2\/pages\/677"}],"wp:attachment":[{"href":"https:\/\/univet.hu\/hu\/wp-json\/wp\/v2\/media?parent=16063"}],"wp:term":[{"taxonomy":"category","embeddable":true,"href":"https:\/\/univet.hu\/hu\/wp-json\/wp\/v2\/categories?post=16063"},{"taxonomy":"post_tag","embeddable":true,"href":"https:\/\/univet.hu\/hu\/wp-json\/wp\/v2\/tags?post=16063"}],"curies":[{"name":"wp","href":"https:\/\/api.w.org\/{rel}","templated":true}]}}