{"id":16064,"date":"1970-01-01T00:00:00","date_gmt":"1969-12-31T23:00:00","guid":{"rendered":"http:\/\/univet.hu\/oktatas\/kurzusok\/testneveles\/"},"modified":"1970-01-01T00:00:00","modified_gmt":"1969-12-31T23:00:00","slug":"testneveles","status":"publish","type":"page","link":"https:\/\/univet.hu\/hu\/oktatas\/kurzusok\/testneveles\/","title":{"rendered":"Testnevel\u00e9s"},"content":{"rendered":"<p class=\"AlapText\"><strong>Testnevel\u00e9s<\/strong><\/p> <p class=\"AlapText\"><strong>A testnevel\u00e9s helye az oktat\u00e1sban:<\/strong><\/p> <p class=\"AlapText\">Az \u00e1llatorvos \u00e9s biol\u00f3gus k\u00e9pz\u00e9sben egyar\u00e1nt megtisztel\u0151 helyet kapott a testnevel\u00e9s. A krit\u00e9ium\u00a0 tant\u00e1rgyak k\u00f6z\u00f6tt szerepel, s b\u00e1r kreditpont nem j\u00e1r \u00e9rte, a tant\u00e1rgy felt\u00e9teleinek teljes\u00edt\u00e9se k\u00f6telez\u0151 a diploma megszerz\u00e9s\u00e9hez. Az \u00e1llatorvos hallgat\u00f3knak 5, a biol\u00f3gus k\u00e9pz\u00e9sben r\u00e9sztvev\u0151knek 3 f\u00e9l\u00e9vet kell abszorv\u00e1lniuk testnevel\u00e9sb\u0151l.<\/p> <p class=\"AlapText\"><strong>Az \u00f3r\u00e1k jellege:<\/strong><\/p> <p class=\"AlapText\"><em>A testnevel\u00e9si \u00f3r\u00e1k lebonyol\u00edt\u00e1s\u00e1ra<\/em> egy nagym\u00e9ret\u0171 tornacsarnok, egy parkett\u00e1s-t\u00fckr\u00f6s kisterem \u00e9s egy kondicion\u00e1l\u00f3 terem \u00e1ll rendelkez\u00e9sre.<\/p> <p class=\"AlapText\">Mivel az \u00f3rarend \u00e1ltal meghat\u00e1rozott id\u0151ben adott csoportoknak van foglalkoz\u00e1sa, az \u00f3r\u00e1k sport\u00e1gi k\u00edn\u00e1lata &#8211; a lehet\u0151s\u00e9geknek megfelel\u0151en &#8211; alkalmazkodik a hallgat\u00f3i ig\u00e9nyekhez.<\/p> <p class=\"AlapText\">Labdaj\u00e1t\u00e9kok k\u00f6z\u00fcl a k\u00f6vetkez\u0151 sport\u00e1gak v\u00e1laszthat\u00f3k:<\/p> <p class=\"AlapText\">-kos\u00e1rlabda<\/p> <p class=\"AlapText\">-r\u00f6plabda<\/p> <p class=\"AlapText\">-floorball<\/p> <p class=\"AlapText\">-tollaslabda<\/p> <p class=\"AlapText\">-labdar\u00fag\u00e1s<\/p> <p class=\"AlapText\">A labdaj\u00e1t\u00e9kok technikai elemeinek megismertet\u00e9se, gyakorl\u00e1sa mellett jut kell\u0151 id\u0151 a felszabadult j\u00e1t\u00e9kra is. Emellett lehet\u0151s\u00e9g van a kondicion\u00e1l\u00f3 terem haszn\u00e1lat\u00e1ra is, illetve \u00e1ltal\u00e1nos kondicion\u00e1l\u00f3 gimnasztikai mozg\u00e1sok (j\u00f3ga, stepp aerobic, stb.) v\u00e9gz\u00e9s\u00e9re.<\/p> <p class=\"AlapText\">Ezen k\u00edv\u00fcl belt\u00e9ri \u00e9s k\u00fclt\u00e9ri ping-pong asztal \u00e1ll a hallgat\u00f3k rendelkez\u00e9s\u00e9re.<\/p> <p class=\"AlapText\">A testnevel\u00e9si \u00f3r\u00e1k elej\u00e9n az <strong>\u00e1ltal\u00e1nos bemeleg\u00edt\u00e9s<\/strong>en t\u00fal figyelmet ford\u00edtunk a <strong>kondicion\u00e1lis k\u00e9pess\u00e9gek<\/strong> fejleszt\u00e9s\u00e9re. Gyakran alkalmazunk p\u00e1ros-, bord\u00e1sfal, medicinlabda \u00e9s\u00a0 k\u00e9zis\u00falyz\u00f3 gyakorlatokat.<\/p> <p class=\"AlapText\"><strong>Felment\u00e9sek:<\/strong><\/p> <p class=\"AlapText\"><em>1. Eg\u00e9szs\u00e9g\u00fcgyi felment\u00e9s<\/em> &#8211; szakorvosi igazol\u00e1ssal<\/p> <p class=\"AlapText\"><em>2. Sport\u00e1gi felment\u00e9s<\/em><\/p> <p class=\"AlapText\">Sport\u00e1gi felment\u00e9st azok a hallgat\u00f3k kapnak akik valamely versenysportban sport\u00e1gi igazol\u00e1ssal rendelkeznek. Az edz\u00e9sek rendszeres l\u00e1togat\u00e1s\u00e1t az edz\u0151 hivatalos lev\u00e9lben a f\u00e9l\u00e9v v\u00e9g\u00e9n visszaigazolja. Ezen k\u00edv\u00fcl a tansz\u00e9k \u00e1ltal szervezett ellen\u0151rz\u00f6tt sportfoglalkoz\u00e1sokkal (zumba, n\u00e9pt\u00e1nc, r\u00f6plabda, kos\u00e1rlabda, floorball, \u00fasz\u00e1s stb.) is lehet teljes\u00edteni a testnevel\u00e9st.<\/p> <p class=\"AlapText\">\u00a0<\/p> <p class=\"AlapText\"><strong>A TESTNEVEL\u00c9SI \u00d3R\u00c1KON K\u00cdV\u00dcLI FOGLALKOZ\u00c1SOK HELYSZINEI \u00c9S ID\u0150PONTJAI<br \/><\/strong><\/p> <p class=\"AlapText\"><strong>TORNACSARNOK<\/strong><\/p> <p class=\"AlapText\"><strong>H\u00e9tf\u0151\u00a0\u00a0\u00a0\u00a0\u00a0\u00a0\u00a0\u00a0\u00a0\u00a0\u00a0\u00a0\u00a0\u00a0\u00a0\u00a0\u00a0\u00a0\u00a0\u00a0\u00a0\u00a0\u00a0\u00a0\u00a0\u00a0\u00a0\u00a0\u00a0\u00a0\u00a0\u00a0\u00a0\u00a0\u00a0\u00a0\u00a0\u00a0\u00a0\u00a0\u00a0\u00a0\u00a0\u00a0\u00a0\u00a0\u00a0\u00a0\u00a0\u00a0\u00a0\u00a0 Kedd<\/strong><\/p> <p class=\"AlapText\">floorball \u00a0\u00a0 16.30-18.00\u00a0\u00a0\u00a0\u00a0\u00a0\u00a0\u00a0\u00a0\u00a0\u00a0\u00a0\u00a0\u00a0\u00a0\u00a0\u00a0\u00a0\u00a0\u00a0\u00a0\u00a0\u00a0 r\u00f6plabda\u00a0\u00a0\u00a0 16.00-18.00 \u00a0\u00a0\u00a0\u00a0\u00a0\u00a0\u00a0\u00a0\u00a0\u00a0\u00a0\u00a0\u00a0\u00a0\u00a0\u00a0\u00a0<\/p> <p class=\"AlapText\">kos\u00e1rlabda ffi\u00a0 18.00-20.00\u00a0\u00a0\u00a0\u00a0\u00a0\u00a0\u00a0\u00a0\u00a0\u00a0\u00a0\u00a0\u00a0\u00a0 kos\u00e1rlabda n\u0151i\u00a0\u00a0\u00a0 20.00-22.00<\/p> <p class=\"AlapText\">foci \u00a0\u00a0 20.00-22.00 \u00a0<strong> \u00a0\u00a0\u00a0\u00a0\u00a0\u00a0\u00a0\u00a0\u00a0\u00a0\u00a0\u00a0\u00a0\u00a0\u00a0\u00a0\u00a0\u00a0\u00a0\u00a0\u00a0\u00a0\u00a0\u00a0\u00a0\u00a0\u00a0\u00a0<\/strong><\/p> <p class=\"AlapText\"><strong>Szerda \u00a0 \u00a0 \u00a0 \u00a0 \u00a0 \u00a0 \u00a0 \u00a0 \u00a0 \u00a0 \u00a0 \u00a0 \u00a0 \u00a0 \u00a0 \u00a0 \u00a0 \u00a0 \u00a0 \u00a0 \u00a0 \u00a0 \u00a0 \u00a0 \u00a0 Cs\u00fct\u00f6rt\u00f6k\u00a0 \u00a0 \u00a0 \u00a0 \u00a0 \u00a0 \u00a0 \u00a0 \u00a0 \u00a0 \u00a0 \u00a0 \u00a0<\/strong><\/p> <p class=\"AlapText\">foci\u00a0\u00a0\u00a0 16.00-18.00 \u00a0 \u00a0 \u00a0 \u00a0 \u00a0 \u00a0 \u00a0 \u00a0 \u00a0 \u00a0 \u00a0 \u00a0 \u00a0 \u00a0 \u00a0 \u00a0 r\u00f6plabda 18.00-20.00<\/p> <p class=\"AlapText\">n\u00f6i kos\u00e1r (meccs) 20.00-22.00\u00a0\u00a0\u00a0\u00a0\u00a0\u00a0\u00a0\u00a0\u00a0 ffi kos\u00e1r (meccs)\u00a0\u00a0 20.00-22.00<\/p> <p class=\"AlapText\">\u00a0<\/p> <p class=\"AlapText\"><strong>PARKETT\u00c1S-T\u00dcKR\u00d6S KISTEREM<br \/><\/strong><\/p> <p class=\"AlapText\"><strong>H\u00e9tf\u0151 \u00a0 \u00a0 \u00a0 \u00a0 \u00a0 \u00a0 \u00a0 \u00a0 \u00a0 \u00a0 \u00a0 \u00a0 \u00a0 \u00a0 \u00a0 \u00a0 \u00a0 \u00a0 \u00a0 \u00a0 \u00a0 \u00a0 \u00a0 \u00a0 \u00a0\u00a0 Kedd<\/strong><\/p> <p class=\"AlapText\">freeletics \u00a0 18.00-20.00 \u00a0 \u00a0 \u00a0 \u00a0 \u00a0 \u00a0 \u00a0 \u00a0 \u00a0 \u00a0 zumba \u00a0\u00a0 15.00-16.00 \u00a0 \u00a0 16.15-17.15<\/p> <p class=\"AlapText\"><strong>Cs\u00fct\u00f6rt\u00f6k<\/strong><\/p> <p class=\"AlapText\">zumba\u00a0\u00a0\u00a0 15.00-16.00\u00a0\u00a0 16.15-17.15<\/p> <p class=\"AlapText\">box\u00a0\u00a0\u00a0\u00a0\u00a0\u00a0\u00a0\u00a0\u00a0\u00a0 18.00-20.00<\/p> <p class=\"AlapText\">\u00a0<\/p> <p class=\"AlapText\"><strong>KONDICION\u00c1L\u00d3 TEREM<\/strong><\/p> <p class=\"AlapText\"><strong>H\u00e9tf\u0151t\u0151l Cs\u00fct\u00f6rt\u00f6kig 7.00-19.00-ig <\/strong><\/p> <p class=\"AlapText\"><strong>P\u00e9nteken 7.00-14.00-ig tart nyitva<\/strong><\/p> <p class=\"AlapText\">\u00a0\u00a0\u00a0\u00a0\u00a0\u00a0\u00a0\u00a0\u00a0\u00a0\u00a0\u00a0\u00a0\u00a0\u00a0\u00a0\u00a0\u00a0\u00a0\u00a0\u00a0\u00a0\u00a0\u00a0\u00a0\u00a0\u00a0\u00a0\u00a0\u00a0\u00a0\u00a0\u00a0\u00a0\u00a0\u00a0\u00a0\u00a0\u00a0\u00a0\u00a0\u00a0\u00a0\u00a0\u00a0\u00a0\u00a0\u00a0\u00a0\u00a0\u00a0\u00a0\u00a0\u00a0\u00a0\u00a0\u00a0\u00a0\u00a0\u00a0\u00a0\u00a0\u00a0\u00a0\u00a0\u00a0\u00a0\u00a0\u00a0\u00a0\u00a0\u00a0<\/p> <p class=\"AlapText\">\u00a0<\/p><\/p>","protected":false},"excerpt":{"rendered":"<p>Testnevel\u00e9s A testnevel\u00e9s helye az oktat\u00e1sban: Az \u00e1llatorvos \u00e9s biol\u00f3gus k\u00e9pz\u00e9sben egyar\u00e1nt megtisztel\u0151 helyet kapott a testnevel\u00e9s. A krit\u00e9ium\u00a0 tant\u00e1rgyak k\u00f6z\u00f6tt szerepel, s b\u00e1r kreditpont nem j\u00e1r \u00e9rte, a tant\u00e1rgy felt\u00e9teleinek teljes\u00edt\u00e9se k\u00f6telez\u0151 a diploma megszerz\u00e9s\u00e9hez. Az \u00e1llatorvos hallgat\u00f3knak 5, a biol\u00f3gus k\u00e9pz\u00e9sben r\u00e9sztvev\u0151knek 3 f\u00e9l\u00e9vet kell abszorv\u00e1lniuk testnevel\u00e9sb\u0151l. Az \u00f3r\u00e1k jellege: A testnevel\u00e9si \u00f3r\u00e1k<\/p>\n","protected":false},"author":3837,"featured_media":0,"parent":677,"menu_order":115,"comment_status":"closed","ping_status":"closed","template":"","meta":{"_acf_changed":false,"footnotes":""},"categories":[],"tags":[],"class_list":["post-16064","page","type-page","status-publish","hentry"],"acf":[],"_links":{"self":[{"href":"https:\/\/univet.hu\/hu\/wp-json\/wp\/v2\/pages\/16064","targetHints":{"allow":["GET"]}}],"collection":[{"href":"https:\/\/univet.hu\/hu\/wp-json\/wp\/v2\/pages"}],"about":[{"href":"https:\/\/univet.hu\/hu\/wp-json\/wp\/v2\/types\/page"}],"author":[{"embeddable":true,"href":"https:\/\/univet.hu\/hu\/wp-json\/wp\/v2\/users\/3837"}],"replies":[{"embeddable":true,"href":"https:\/\/univet.hu\/hu\/wp-json\/wp\/v2\/comments?post=16064"}],"version-history":[{"count":0,"href":"https:\/\/univet.hu\/hu\/wp-json\/wp\/v2\/pages\/16064\/revisions"}],"up":[{"embeddable":true,"href":"https:\/\/univet.hu\/hu\/wp-json\/wp\/v2\/pages\/677"}],"wp:attachment":[{"href":"https:\/\/univet.hu\/hu\/wp-json\/wp\/v2\/media?parent=16064"}],"wp:term":[{"taxonomy":"category","embeddable":true,"href":"https:\/\/univet.hu\/hu\/wp-json\/wp\/v2\/categories?post=16064"},{"taxonomy":"post_tag","embeddable":true,"href":"https:\/\/univet.hu\/hu\/wp-json\/wp\/v2\/tags?post=16064"}],"curies":[{"name":"wp","href":"https:\/\/api.w.org\/{rel}","templated":true}]}}