{"id":16068,"date":"1970-01-01T00:00:00","date_gmt":"1969-12-31T23:00:00","guid":{"rendered":"http:\/\/univet.hu\/oktatas\/kurzusok\/tobbvaltozos-statisztikai-modszerek-bsc-msc-phd\/"},"modified":"2024-10-15T11:34:05","modified_gmt":"2024-10-15T09:34:05","slug":"tobbvaltozos-statisztikai-modszerek-bsc-msc-phd","status":"publish","type":"page","link":"https:\/\/univet.hu\/hu\/oktatas\/kurzusok\/tobbvaltozos-statisztikai-modszerek-bsc-msc-phd\/","title":{"rendered":"T\u00f6bbv\u00e1ltoz\u00f3s Statisztikai M\u00f3dszerek (Bsc, Msc, PhD)"},"content":{"rendered":"<p><strong>Oktat\u00f3<\/strong><\/p> <p>Dr. Lang Zsolt<\/p> <p><strong>Oktat\u00e1s c\u00e9lja<\/strong><\/p> <p>A Sz\u00e1m\u00edt\u00f3g\u00e9pes statisztika gyakorlat tant\u00e1rgy folytat\u00e1sa.<\/p> <p>C\u00e9lja egyr\u00e9szt, hogy bemutassa a legfontosabb \u00f6sszetett regresszi\u00f3 t\u00edpus\u00fa statisztikai m\u00f3dszereket. A szemeszter m\u00e1sodik r\u00e9sz\u00e9ben sok v\u00e1ltoz\u00f3 egy\u00fcttes\u00e9nek kapcsolat\u00e1t felt\u00e1r\u00f3 elj\u00e1r\u00e1sokr\u00f3l esik sz\u00f3. Az elm\u00e9let ismertet\u00e9se ut\u00e1n a hallgat\u00f3k biol\u00f3giai jelleg\u0171 p\u00e9ld\u00e1kon, az R statisztikai szoftverrel tanulj\u00e1k meg a m\u00f3dszerek haszn\u00e1lat\u00e1t, illetve az eredm\u00e9nyek \u00e9rt\u00e9kel\u00e9s\u00e9t.<\/p> <p><strong>Tant\u00e1rgy tartalma<\/strong><\/p> <p>Line\u00e1ris modellek, kontrasztok \u00e9s tesztel\u00e9s\u00fck. \u00c1ltal\u00e1nos\u00edtott line\u00e1ris modellek: logisztikus regresszi\u00f3, Poisson regresszi\u00f3, negat\u00edv binomi\u00e1lis regresszi\u00f3. Addit\u00edv modellek. \u00c1ltal\u00e1nos\u00edtott line\u00e1ris kevert modellek. Addit\u00edv kevert modellek. Nemline\u00e1ris kevert modellek.<\/p> <p>T\u00f6bbv\u00e1ltoz\u00f3s t\u00e1vols\u00e1gok, m\u00e9rt\u00e9kek. Klaszteranal\u00edzis. F\u0151komponens \u00e9s faktor anal\u00edzis. Diszkriminancia anal\u00edzis.<\/p> <p><strong>K\u00f6telez\u0151 Irodalom:<\/strong><\/p> <p>Reiczigel-Harnos-Solymosi: Biostatisztika nem statisztikusoknak, Pars kft, 2007<\/p> <p>Aj\u00e1nlott irodalom:<br \/> Everitt B. S. An R and S-Plus Companion to Multivariate Analysis, Springer,2005.<br \/> Faraway J. J. Extending the Linear Model with R: Generalized Linear, Mixed Effects and Nonparametric Regression Models, Chapman &amp; Hall\/CRC, Boca Raton, Florida, 2004 and 2006.<br \/> Pinheiro J. C., Bates D. M. Mixed-Effects Models in S and S-PLUS, Springer,2000.<\/p> <p>&nbsp;<\/p>","protected":false},"excerpt":{"rendered":"<p>Oktat\u00f3 Dr. Lang Zsolt Oktat\u00e1s c\u00e9lja A Sz\u00e1m\u00edt\u00f3g\u00e9pes statisztika gyakorlat tant\u00e1rgy folytat\u00e1sa. C\u00e9lja egyr\u00e9szt, hogy bemutassa a legfontosabb \u00f6sszetett regresszi\u00f3 t\u00edpus\u00fa statisztikai m\u00f3dszereket. A szemeszter m\u00e1sodik r\u00e9sz\u00e9ben sok v\u00e1ltoz\u00f3 egy\u00fcttes\u00e9nek kapcsolat\u00e1t felt\u00e1r\u00f3 elj\u00e1r\u00e1sokr\u00f3l esik sz\u00f3. Az elm\u00e9let ismertet\u00e9se ut\u00e1n a hallgat\u00f3k biol\u00f3giai jelleg\u0171 p\u00e9ld\u00e1kon, az R statisztikai szoftverrel tanulj\u00e1k meg a m\u00f3dszerek haszn\u00e1lat\u00e1t, illetve az<\/p>\n","protected":false},"author":3837,"featured_media":0,"parent":677,"menu_order":118,"comment_status":"closed","ping_status":"closed","template":"","meta":{"_acf_changed":false,"footnotes":""},"categories":[],"tags":[],"class_list":["post-16068","page","type-page","status-publish","hentry"],"acf":[],"_links":{"self":[{"href":"https:\/\/univet.hu\/hu\/wp-json\/wp\/v2\/pages\/16068","targetHints":{"allow":["GET"]}}],"collection":[{"href":"https:\/\/univet.hu\/hu\/wp-json\/wp\/v2\/pages"}],"about":[{"href":"https:\/\/univet.hu\/hu\/wp-json\/wp\/v2\/types\/page"}],"author":[{"embeddable":true,"href":"https:\/\/univet.hu\/hu\/wp-json\/wp\/v2\/users\/3837"}],"replies":[{"embeddable":true,"href":"https:\/\/univet.hu\/hu\/wp-json\/wp\/v2\/comments?post=16068"}],"version-history":[{"count":0,"href":"https:\/\/univet.hu\/hu\/wp-json\/wp\/v2\/pages\/16068\/revisions"}],"up":[{"embeddable":true,"href":"https:\/\/univet.hu\/hu\/wp-json\/wp\/v2\/pages\/677"}],"wp:attachment":[{"href":"https:\/\/univet.hu\/hu\/wp-json\/wp\/v2\/media?parent=16068"}],"wp:term":[{"taxonomy":"category","embeddable":true,"href":"https:\/\/univet.hu\/hu\/wp-json\/wp\/v2\/categories?post=16068"},{"taxonomy":"post_tag","embeddable":true,"href":"https:\/\/univet.hu\/hu\/wp-json\/wp\/v2\/tags?post=16068"}],"curies":[{"name":"wp","href":"https:\/\/api.w.org\/{rel}","templated":true}]}}