{"id":16071,"date":"1970-01-01T00:00:00","date_gmt":"1969-12-31T23:00:00","guid":{"rendered":"http:\/\/univet.hu\/oktatas\/kurzusok\/tropusi-okologia-biologus-msc\/"},"modified":"1970-01-01T00:00:00","modified_gmt":"1969-12-31T23:00:00","slug":"tropusi-okologia-biologus-msc","status":"publish","type":"page","link":"https:\/\/univet.hu\/hu\/oktatas\/kurzusok\/tropusi-okologia-biologus-msc\/","title":{"rendered":"Tr\u00f3pusi \u00f6kol\u00f3gia &#8211; biol\u00f3gus MSc"},"content":{"rendered":"<p>tant\u00e1rgyfelel\u0151s: Dr. cz\u00f3bel Szil\u00e1rd<\/p> <p>A biol\u00f3gus k\u00e9pz\u00e9s \u00f6kol\u00f3gia szakir\u00e1ny\u00e1nak v\u00e1laszthat\u00f3 t\u00e1rgyak\u00e9nt az \u00f6kol\u00f3giai ismeretek b\u0151v\u00edt\u00e9se \u00e9s a tr\u00f3pusok \u00f6kol\u00f3gi\u00e1j\u00e1nak a megismer\u00e9se<\/p> <p>\u00f6telez\u0151 irodalom: Reg\u0151s J. (2004): Bevezet\u00e9s a tr\u00f3pusi \u00f6kol\u00f3gi\u00e1ba, L\u00edceum Kiad\u00f3, Eger, 298 p.<\/p> <p>Aj\u00e1nlott: Archibold O. W. (1995): Ecology of World Vegetation. London: Chapman and Hall, 510 p.<\/p><\/p>","protected":false},"excerpt":{"rendered":"<p>tant\u00e1rgyfelel\u0151s: Dr. cz\u00f3bel Szil\u00e1rd A biol\u00f3gus k\u00e9pz\u00e9s \u00f6kol\u00f3gia szakir\u00e1ny\u00e1nak v\u00e1laszthat\u00f3 t\u00e1rgyak\u00e9nt az \u00f6kol\u00f3giai ismeretek b\u0151v\u00edt\u00e9se \u00e9s a tr\u00f3pusok \u00f6kol\u00f3gi\u00e1j\u00e1nak a megismer\u00e9se \u00f6telez\u0151 irodalom: Reg\u0151s J. (2004): Bevezet\u00e9s a tr\u00f3pusi \u00f6kol\u00f3gi\u00e1ba, L\u00edceum Kiad\u00f3, Eger, 298 p. Aj\u00e1nlott: Archibold O. W. (1995): Ecology of World Vegetation. London: Chapman and Hall, 510 p.<\/p>\n","protected":false},"author":3837,"featured_media":0,"parent":677,"menu_order":118,"comment_status":"closed","ping_status":"closed","template":"","meta":{"_acf_changed":false,"footnotes":""},"categories":[],"tags":[],"class_list":["post-16071","page","type-page","status-publish","hentry"],"acf":[],"_links":{"self":[{"href":"https:\/\/univet.hu\/hu\/wp-json\/wp\/v2\/pages\/16071","targetHints":{"allow":["GET"]}}],"collection":[{"href":"https:\/\/univet.hu\/hu\/wp-json\/wp\/v2\/pages"}],"about":[{"href":"https:\/\/univet.hu\/hu\/wp-json\/wp\/v2\/types\/page"}],"author":[{"embeddable":true,"href":"https:\/\/univet.hu\/hu\/wp-json\/wp\/v2\/users\/3837"}],"replies":[{"embeddable":true,"href":"https:\/\/univet.hu\/hu\/wp-json\/wp\/v2\/comments?post=16071"}],"version-history":[{"count":0,"href":"https:\/\/univet.hu\/hu\/wp-json\/wp\/v2\/pages\/16071\/revisions"}],"up":[{"embeddable":true,"href":"https:\/\/univet.hu\/hu\/wp-json\/wp\/v2\/pages\/677"}],"wp:attachment":[{"href":"https:\/\/univet.hu\/hu\/wp-json\/wp\/v2\/media?parent=16071"}],"wp:term":[{"taxonomy":"category","embeddable":true,"href":"https:\/\/univet.hu\/hu\/wp-json\/wp\/v2\/categories?post=16071"},{"taxonomy":"post_tag","embeddable":true,"href":"https:\/\/univet.hu\/hu\/wp-json\/wp\/v2\/tags?post=16071"}],"curies":[{"name":"wp","href":"https:\/\/api.w.org\/{rel}","templated":true}]}}