{"id":16072,"date":"1970-01-01T00:00:00","date_gmt":"1969-12-31T23:00:00","guid":{"rendered":"http:\/\/univet.hu\/oktatas\/kurzusok\/tudomanyos-kozles-modszertana-biologus-msc\/"},"modified":"1970-01-01T00:00:00","modified_gmt":"1969-12-31T23:00:00","slug":"tudomanyos-kozles-modszertana-biologus-msc","status":"publish","type":"page","link":"https:\/\/univet.hu\/hu\/oktatas\/kurzusok\/tudomanyos-kozles-modszertana-biologus-msc\/","title":{"rendered":"Tudom\u00e1nyos k\u00f6zl\u00e9s m\u00f3dszertana &#8211; biol\u00f3gus MSc"},"content":{"rendered":"<p>A tudom&aacute;nyos irodalommal kapcsolatos alapismeretek (szerkezet, c&eacute;l, k&ouml;zl&eacute;si f&oacute;rumok). Tudom&aacute;nyos cikk &iacute;r&aacute;sa: kezd&eacute;s (mit, hov&aacute;, hogyan &eacute;rdemes meg&iacute;rni); a cikk f\u0151bb r&eacute;szei, azok meg&iacute;r&aacute;s&aacute;nak m&oacute;dja; a csatolt r&eacute;szek fontoss&aacute;ga; &aacute;br&aacute;k, t&aacute;bl&aacute;zatok, egy&eacute;b szeml&eacute;ltet\u0151 r&eacute;szek; a k&eacute;zirat elk&uuml;ld&eacute;se &eacute;s tov&aacute;bbi sorsa. M&aacute;s k&ouml;zlem&eacute;nyt&iacute;pusok: poszterk&eacute;sz&iacute;t&eacute;s, tudom&aacute;nyos el\u0151ad&aacute;s, konferencia r&eacute;szv&eacute;tel, tudom&aacute;nyos dolgozat, disszert&aacute;ci&oacute;.<\/p> <p>K&ouml;telez\u0151 &eacute;s aj&aacute;nlott irodalom:<\/p> <p>S&aacute;rospataki Mikl&oacute;s: A tudom&aacute;nyos k&ouml;zl&eacute;s m&oacute;dszertani alapjai. Egyetemi kurzus v&aacute;zlatanyaga, k&eacute;zirat<\/p> <p> L&ouml;vei G&aacute;bor (Danmarks JordbrugsForskning, Forskningscenter Flakkebjerg, Slagelse): Scientific writing &amp; communication, Course notes<br \/> R. A. Day (1983): How to write and publish a scientific paper. ISI Press, Philadelphia, USA.<\/p> <p>&nbsp;<\/p>","protected":false},"excerpt":{"rendered":"<p>A tudom&aacute;nyos irodalommal kapcsolatos alapismeretek (szerkezet, c&eacute;l, k&ouml;zl&eacute;si f&oacute;rumok). Tudom&aacute;nyos cikk &iacute;r&aacute;sa: kezd&eacute;s (mit, hov&aacute;, hogyan &eacute;rdemes meg&iacute;rni); a cikk f\u0151bb r&eacute;szei, azok meg&iacute;r&aacute;s&aacute;nak m&oacute;dja; a csatolt r&eacute;szek fontoss&aacute;ga; &aacute;br&aacute;k, t&aacute;bl&aacute;zatok, egy&eacute;b szeml&eacute;ltet\u0151 r&eacute;szek; a k&eacute;zirat elk&uuml;ld&eacute;se &eacute;s tov&aacute;bbi sorsa. M&aacute;s k&ouml;zlem&eacute;nyt&iacute;pusok: poszterk&eacute;sz&iacute;t&eacute;s, tudom&aacute;nyos el\u0151ad&aacute;s, konferencia r&eacute;szv&eacute;tel, tudom&aacute;nyos dolgozat, disszert&aacute;ci&oacute;. K&ouml;telez\u0151 &eacute;s aj&aacute;nlott irodalom: S&aacute;rospataki<\/p>\n","protected":false},"author":3837,"featured_media":0,"parent":677,"menu_order":118,"comment_status":"closed","ping_status":"closed","template":"","meta":{"_acf_changed":false,"footnotes":""},"categories":[],"tags":[],"class_list":["post-16072","page","type-page","status-publish","hentry"],"acf":[],"_links":{"self":[{"href":"https:\/\/univet.hu\/hu\/wp-json\/wp\/v2\/pages\/16072","targetHints":{"allow":["GET"]}}],"collection":[{"href":"https:\/\/univet.hu\/hu\/wp-json\/wp\/v2\/pages"}],"about":[{"href":"https:\/\/univet.hu\/hu\/wp-json\/wp\/v2\/types\/page"}],"author":[{"embeddable":true,"href":"https:\/\/univet.hu\/hu\/wp-json\/wp\/v2\/users\/3837"}],"replies":[{"embeddable":true,"href":"https:\/\/univet.hu\/hu\/wp-json\/wp\/v2\/comments?post=16072"}],"version-history":[{"count":0,"href":"https:\/\/univet.hu\/hu\/wp-json\/wp\/v2\/pages\/16072\/revisions"}],"up":[{"embeddable":true,"href":"https:\/\/univet.hu\/hu\/wp-json\/wp\/v2\/pages\/677"}],"wp:attachment":[{"href":"https:\/\/univet.hu\/hu\/wp-json\/wp\/v2\/media?parent=16072"}],"wp:term":[{"taxonomy":"category","embeddable":true,"href":"https:\/\/univet.hu\/hu\/wp-json\/wp\/v2\/categories?post=16072"},{"taxonomy":"post_tag","embeddable":true,"href":"https:\/\/univet.hu\/hu\/wp-json\/wp\/v2\/tags?post=16072"}],"curies":[{"name":"wp","href":"https:\/\/api.w.org\/{rel}","templated":true}]}}