{"id":16075,"date":"1970-01-01T00:00:00","date_gmt":"1969-12-31T23:00:00","guid":{"rendered":"http:\/\/univet.hu\/oktatas\/kurzusok\/tudomanyos-publikaciok-keszitese-sciwrite-phd-kurzus\/"},"modified":"1970-01-01T00:00:00","modified_gmt":"1969-12-31T23:00:00","slug":"tudomanyos-publikaciok-keszitese-sciwrite-phd-kurzus","status":"publish","type":"page","link":"https:\/\/univet.hu\/hu\/oktatas\/kurzusok\/tudomanyos-publikaciok-keszitese-sciwrite-phd-kurzus\/","title":{"rendered":"Tudom\u00e1nyos publik\u00e1ci\u00f3k k\u00e9sz\u00edt\u00e9se (SciWrite) PhD kurzus"},"content":{"rendered":"<p><strong>Tant&aacute;rgyfelel\u0151s: <\/strong><\/p> <p>Dr. Habil. Hornung Erzs&eacute;bet CSc egy. tan&aacute;r<\/p> <p>T: +36-1-4784233<\/p> <p>E-mail: <a class=\"decrypt\" rel=\"Ipsovoh\/Fs{tfcfuAbpul\/t{jf\/iv\" href=\"javascript:void(0);\">[Kattintson az emailc\u00edmhez]<\/a><\/p> <p>&nbsp;<\/p> <p><strong>El\u0151ad&oacute;k: <\/strong><\/p> <ul> <li>Dr. Bartha Tibor DSc, egy. tan&aacute;r (&Aacute;TE)<\/li> <li>Dr. M&eacute;zes Mikl&oacute;s DSc, egy. tan&aacute;r, akad&eacute;mikus (SZIE-MKK)<\/li> <li>Dr. S&aacute;rospataki Mikl&oacute;s CSc egy. docens (SZIE-MKK)<\/li> <li>B&aacute;n Andrea nyelvtan&aacute;r (&Aacute;TE)<\/li> <\/ul> <p>Az el\u0151ad&aacute;sok heti 4 &oacute;r&aacute;kban t&ouml;mb&ouml;s&iacute;tve ker&uuml;lnek megtart&aacute;sra (ld. t&aacute;bl&aacute;zat).<\/p> <p>&nbsp;<\/p> <p><strong>Helysz&iacute;n:<\/strong>&nbsp;&Aacute;TE Tolnay terem, vagy Biol&oacute;giai Int&eacute;zet, Rottenbiller u. 50. fsz.&nbsp;<\/p> <p>&nbsp;<\/p> <p>&nbsp;<\/p>","protected":false},"excerpt":{"rendered":"<p>Tant&aacute;rgyfelel\u0151s: Dr. Habil. Hornung Erzs&eacute;bet CSc egy. tan&aacute;r T: +36-1-4784233 E-mail: [Kattintson az emailc\u00edmhez] &nbsp; El\u0151ad&oacute;k: Dr. Bartha Tibor DSc, egy. tan&aacute;r (&Aacute;TE) Dr. M&eacute;zes Mikl&oacute;s DSc, egy. tan&aacute;r, akad&eacute;mikus (SZIE-MKK) Dr. S&aacute;rospataki Mikl&oacute;s CSc egy. docens (SZIE-MKK) B&aacute;n Andrea nyelvtan&aacute;r (&Aacute;TE) Az el\u0151ad&aacute;sok heti 4 &oacute;r&aacute;kban t&ouml;mb&ouml;s&iacute;tve ker&uuml;lnek megtart&aacute;sra (ld. t&aacute;bl&aacute;zat). &nbsp; Helysz&iacute;n:&nbsp;&Aacute;TE Tolnay<\/p>\n","protected":false},"author":3837,"featured_media":0,"parent":677,"menu_order":118,"comment_status":"closed","ping_status":"closed","template":"","meta":{"_acf_changed":false,"footnotes":""},"categories":[],"tags":[],"class_list":["post-16075","page","type-page","status-publish","hentry"],"acf":[],"_links":{"self":[{"href":"https:\/\/univet.hu\/hu\/wp-json\/wp\/v2\/pages\/16075","targetHints":{"allow":["GET"]}}],"collection":[{"href":"https:\/\/univet.hu\/hu\/wp-json\/wp\/v2\/pages"}],"about":[{"href":"https:\/\/univet.hu\/hu\/wp-json\/wp\/v2\/types\/page"}],"author":[{"embeddable":true,"href":"https:\/\/univet.hu\/hu\/wp-json\/wp\/v2\/users\/3837"}],"replies":[{"embeddable":true,"href":"https:\/\/univet.hu\/hu\/wp-json\/wp\/v2\/comments?post=16075"}],"version-history":[{"count":0,"href":"https:\/\/univet.hu\/hu\/wp-json\/wp\/v2\/pages\/16075\/revisions"}],"up":[{"embeddable":true,"href":"https:\/\/univet.hu\/hu\/wp-json\/wp\/v2\/pages\/677"}],"wp:attachment":[{"href":"https:\/\/univet.hu\/hu\/wp-json\/wp\/v2\/media?parent=16075"}],"wp:term":[{"taxonomy":"category","embeddable":true,"href":"https:\/\/univet.hu\/hu\/wp-json\/wp\/v2\/categories?post=16075"},{"taxonomy":"post_tag","embeddable":true,"href":"https:\/\/univet.hu\/hu\/wp-json\/wp\/v2\/tags?post=16075"}],"curies":[{"name":"wp","href":"https:\/\/api.w.org\/{rel}","templated":true}]}}