{"id":16076,"date":"1970-01-01T00:00:00","date_gmt":"1969-12-31T23:00:00","guid":{"rendered":"http:\/\/univet.hu\/oktatas\/kurzusok\/vadaszati-allattan\/"},"modified":"2024-09-16T21:42:31","modified_gmt":"2024-09-16T19:42:31","slug":"vadaszati-allattan","status":"publish","type":"page","link":"https:\/\/univet.hu\/hu\/oktatas\/kurzusok\/vadaszati-allattan\/","title":{"rendered":"Vad\u00e1szati \u00e1llattan"},"content":{"rendered":"<p><strong>A tant\u00e1rgy felel\u0151se:<\/strong> Dr. G\u00e1l J\u00e1nos<\/p> <p>Nincs el\u0151tanulm\u00e1nyi felt\u00e9tel.<\/p> <p><strong>Meghirdet\u00e9s f\u00e9l\u00e9ve, aj\u00e1nlott id\u0151beli helye a mintatanterv szerint: <\/strong><\/p> <ul> <li>\u00c1llatorvosi szak 5.,<\/li> <li>biol\u00f3gia BSc szak 3.,<\/li> <li>biol\u00f3gus MSc szak 1. f\u00e9l\u00e9vt\u0151l<\/li> <\/ul> <p>A vad\u00e1szhat\u00f3 \u00e9s a fontosabb v\u00e9dett eml\u0151s \u00e9s mad\u00e1rfajok biol\u00f3gi\u00e1j\u00e1nak ismertet\u00e9se a f\u0151 c\u00e9l. A vad\u00e1szati szaktant\u00e1rgyak megalapoz\u00e1sa t\u00f6rt\u00e9nik a k\u00e9pz\u00e9s alatt.<\/p>","protected":false},"excerpt":{"rendered":"<p>A tant\u00e1rgy felel\u0151se: Dr. G\u00e1l J\u00e1nos Nincs el\u0151tanulm\u00e1nyi felt\u00e9tel. Meghirdet\u00e9s f\u00e9l\u00e9ve, aj\u00e1nlott id\u0151beli helye a mintatanterv szerint: \u00c1llatorvosi szak 5., biol\u00f3gia BSc szak 3., biol\u00f3gus MSc szak 1. f\u00e9l\u00e9vt\u0151l A vad\u00e1szhat\u00f3 \u00e9s a fontosabb v\u00e9dett eml\u0151s \u00e9s mad\u00e1rfajok biol\u00f3gi\u00e1j\u00e1nak ismertet\u00e9se a f\u0151 c\u00e9l. A vad\u00e1szati szaktant\u00e1rgyak megalapoz\u00e1sa t\u00f6rt\u00e9nik a k\u00e9pz\u00e9s alatt.<\/p>\n","protected":false},"author":3837,"featured_media":0,"parent":677,"menu_order":118,"comment_status":"closed","ping_status":"closed","template":"","meta":{"_acf_changed":false,"footnotes":""},"categories":[],"tags":[],"class_list":["post-16076","page","type-page","status-publish","hentry"],"acf":[],"_links":{"self":[{"href":"https:\/\/univet.hu\/hu\/wp-json\/wp\/v2\/pages\/16076","targetHints":{"allow":["GET"]}}],"collection":[{"href":"https:\/\/univet.hu\/hu\/wp-json\/wp\/v2\/pages"}],"about":[{"href":"https:\/\/univet.hu\/hu\/wp-json\/wp\/v2\/types\/page"}],"author":[{"embeddable":true,"href":"https:\/\/univet.hu\/hu\/wp-json\/wp\/v2\/users\/3837"}],"replies":[{"embeddable":true,"href":"https:\/\/univet.hu\/hu\/wp-json\/wp\/v2\/comments?post=16076"}],"version-history":[{"count":0,"href":"https:\/\/univet.hu\/hu\/wp-json\/wp\/v2\/pages\/16076\/revisions"}],"up":[{"embeddable":true,"href":"https:\/\/univet.hu\/hu\/wp-json\/wp\/v2\/pages\/677"}],"wp:attachment":[{"href":"https:\/\/univet.hu\/hu\/wp-json\/wp\/v2\/media?parent=16076"}],"wp:term":[{"taxonomy":"category","embeddable":true,"href":"https:\/\/univet.hu\/hu\/wp-json\/wp\/v2\/categories?post=16076"},{"taxonomy":"post_tag","embeddable":true,"href":"https:\/\/univet.hu\/hu\/wp-json\/wp\/v2\/tags?post=16076"}],"curies":[{"name":"wp","href":"https:\/\/api.w.org\/{rel}","templated":true}]}}