{"id":16077,"date":"1970-01-01T00:00:00","date_gmt":"1969-12-31T23:00:00","guid":{"rendered":"http:\/\/univet.hu\/oktatas\/kurzusok\/vadaszati-jog-es-etika\/"},"modified":"2026-01-28T14:03:19","modified_gmt":"2026-01-28T13:03:19","slug":"vadaszati-jog-etika-es-okonomia","status":"publish","type":"page","link":"https:\/\/univet.hu\/hu\/oktatas\/kurzusok\/vadaszati-jog-etika-es-okonomia\/","title":{"rendered":"Vad\u00e1szati jog, etika \u00e9s \u00f6kon\u00f3mia"},"content":{"rendered":"<p>Tant\u00e1rgyfelel\u0151s: Prof. Dr. \u00d3zsv\u00e1ri L\u00e1szl\u00f3<\/p> <p>A tant\u00e1rgy \u00e1ltal\u00e1nos c\u00e9lja: A tant\u00e1rgy c\u00e9lja, hogy a hallgat\u00f3k megismerj\u00e9k a vad\u00e1szathoz \u00e9s a vadgazd\u00e1lkod\u00e1shoz k\u00f6t\u0151d\u0151 el\u0151\u00edr\u00e1sokat \u00e9s jogszab\u00e1lyokat, a vadgazd\u00e1lkod\u00e1s \u00f6kon\u00f3miai vonatkoz\u00e1sait \u00e9s a vad\u00e1szetika alapjait.<\/p> <p>El\u0151tanulm\u00e1nyi k\u00f6vetelm\u00e9nyek: Vad\u00e1szattan, Vadgazd\u00e1lkod\u00e1s \u00e9s vad\u00e1llom\u00e1ny-hasznos\u00edt\u00e1s<\/p>","protected":false},"excerpt":{"rendered":"<p>Tant\u00e1rgyfelel\u0151s: Prof. Dr. \u00d3zsv\u00e1ri L\u00e1szl\u00f3 A tant\u00e1rgy \u00e1ltal\u00e1nos c\u00e9lja: A tant\u00e1rgy c\u00e9lja, hogy a hallgat\u00f3k megismerj\u00e9k a vad\u00e1szathoz \u00e9s a vadgazd\u00e1lkod\u00e1shoz k\u00f6t\u0151d\u0151 el\u0151\u00edr\u00e1sokat \u00e9s jogszab\u00e1lyokat, a vadgazd\u00e1lkod\u00e1s \u00f6kon\u00f3miai vonatkoz\u00e1sait \u00e9s a vad\u00e1szetika alapjait. El\u0151tanulm\u00e1nyi k\u00f6vetelm\u00e9nyek: Vad\u00e1szattan, Vadgazd\u00e1lkod\u00e1s \u00e9s vad\u00e1llom\u00e1ny-hasznos\u00edt\u00e1s<\/p>\n","protected":false},"author":3837,"featured_media":0,"parent":677,"menu_order":118,"comment_status":"closed","ping_status":"closed","template":"","meta":{"_acf_changed":false,"footnotes":""},"categories":[],"tags":[],"class_list":["post-16077","page","type-page","status-publish","hentry"],"acf":[],"_links":{"self":[{"href":"https:\/\/univet.hu\/hu\/wp-json\/wp\/v2\/pages\/16077","targetHints":{"allow":["GET"]}}],"collection":[{"href":"https:\/\/univet.hu\/hu\/wp-json\/wp\/v2\/pages"}],"about":[{"href":"https:\/\/univet.hu\/hu\/wp-json\/wp\/v2\/types\/page"}],"author":[{"embeddable":true,"href":"https:\/\/univet.hu\/hu\/wp-json\/wp\/v2\/users\/3837"}],"replies":[{"embeddable":true,"href":"https:\/\/univet.hu\/hu\/wp-json\/wp\/v2\/comments?post=16077"}],"version-history":[{"count":1,"href":"https:\/\/univet.hu\/hu\/wp-json\/wp\/v2\/pages\/16077\/revisions"}],"predecessor-version":[{"id":198296,"href":"https:\/\/univet.hu\/hu\/wp-json\/wp\/v2\/pages\/16077\/revisions\/198296"}],"up":[{"embeddable":true,"href":"https:\/\/univet.hu\/hu\/wp-json\/wp\/v2\/pages\/677"}],"wp:attachment":[{"href":"https:\/\/univet.hu\/hu\/wp-json\/wp\/v2\/media?parent=16077"}],"wp:term":[{"taxonomy":"category","embeddable":true,"href":"https:\/\/univet.hu\/hu\/wp-json\/wp\/v2\/categories?post=16077"},{"taxonomy":"post_tag","embeddable":true,"href":"https:\/\/univet.hu\/hu\/wp-json\/wp\/v2\/tags?post=16077"}],"curies":[{"name":"wp","href":"https:\/\/api.w.org\/{rel}","templated":true}]}}