{"id":16078,"date":"1970-01-01T00:00:00","date_gmt":"1969-12-31T23:00:00","guid":{"rendered":"http:\/\/univet.hu\/oktatas\/kurzusok\/vadaszati-okologia\/"},"modified":"2024-09-16T21:46:13","modified_gmt":"2024-09-16T19:46:13","slug":"vadaszati-okologia","status":"publish","type":"page","link":"https:\/\/univet.hu\/hu\/oktatas\/kurzusok\/vadaszati-okologia\/","title":{"rendered":"Vad\u00e1szati \u00f6kol\u00f3gia"},"content":{"rendered":"<p><strong>A tant\u00e1rgy felel\u0151se:<\/strong> Dr. T\u00f3th Tam\u00e1s<\/p> <p>Nincs el\u0151tanulm\u00e1nyi felt\u00e9tel.<\/p> <p><strong>Meghirdet\u00e9s f\u00e9l\u00e9ve, aj\u00e1nlott id\u0151beli helye a mintatanterv szerint:<\/strong><\/p> <ul> <li>\u00c1llatorvosi szak 5.<\/li> <li>biol\u00f3gia BSc szak 3.<\/li> <li>biol\u00f3gus MSc szak 1. f\u00e9l\u00e9vt\u0151l<\/li> <\/ul> <p>A tant\u00e1rgy \u00e1ltal\u00e1nos c\u00e9lja:<\/p> <p>A tant\u00e1rgy c\u00e9lja, hogy a hallgat\u00f3k megismerj\u00e9k a vadfajok k\u00f6rnyezet\u00e9t, azaz a mezei, v\u00edzi \u00e9s erdei k\u00f6rnyezetet \u00e9s a k\u00f6rnyezet hat\u00e1sait a vadfajok egyedeire \u00e9s \u00e1llom\u00e1nyaira. Ezen ismeretekre t\u00e1maszkodva megismertet\u00e9sre ker\u00fcl anyag \u00e9s energia\u00e1raml\u00e1s az \u00f6kosziszt\u00e9m\u00e1kban, bele\u00e9rtve a t\u00e1pl\u00e1lkoz\u00e1si kapcsolatokat \u00e9s t\u00e1pl\u00e1l\u00e9kl\u00e1ncokat, illetve ezek jelent\u0151s\u00e9g\u00e9t. Tov\u00e1bbi c\u00e9lja a tant\u00e1rgynak, a popul\u00e1ci\u00f3biol\u00f3giai ismeretek \u00e1tad\u00e1sa, az \u00f6r\u00f6kl\u0151dhet\u0151s\u00e9g, a genetikai v\u00e1ltozatoss\u00e1g, a term\u00e9szetes szelekci\u00f3 \u00e9s az evol\u00faci\u00f3s strat\u00e9gi\u00e1k bemutat\u00e1sa, kieg\u00e9sz\u00edtve a vadpopul\u00e1ci\u00f3k saj\u00e1toss\u00e1gaival.<\/p>","protected":false},"excerpt":{"rendered":"<p>A tant\u00e1rgy felel\u0151se: Dr. T\u00f3th Tam\u00e1s Nincs el\u0151tanulm\u00e1nyi felt\u00e9tel. Meghirdet\u00e9s f\u00e9l\u00e9ve, aj\u00e1nlott id\u0151beli helye a mintatanterv szerint: \u00c1llatorvosi szak 5. biol\u00f3gia BSc szak 3. biol\u00f3gus MSc szak 1. f\u00e9l\u00e9vt\u0151l A tant\u00e1rgy \u00e1ltal\u00e1nos c\u00e9lja: A tant\u00e1rgy c\u00e9lja, hogy a hallgat\u00f3k megismerj\u00e9k a vadfajok k\u00f6rnyezet\u00e9t, azaz a mezei, v\u00edzi \u00e9s erdei k\u00f6rnyezetet \u00e9s a k\u00f6rnyezet hat\u00e1sait a<\/p>\n","protected":false},"author":3837,"featured_media":0,"parent":677,"menu_order":118,"comment_status":"closed","ping_status":"closed","template":"","meta":{"_acf_changed":false,"footnotes":""},"categories":[],"tags":[],"class_list":["post-16078","page","type-page","status-publish","hentry"],"acf":[],"_links":{"self":[{"href":"https:\/\/univet.hu\/hu\/wp-json\/wp\/v2\/pages\/16078","targetHints":{"allow":["GET"]}}],"collection":[{"href":"https:\/\/univet.hu\/hu\/wp-json\/wp\/v2\/pages"}],"about":[{"href":"https:\/\/univet.hu\/hu\/wp-json\/wp\/v2\/types\/page"}],"author":[{"embeddable":true,"href":"https:\/\/univet.hu\/hu\/wp-json\/wp\/v2\/users\/3837"}],"replies":[{"embeddable":true,"href":"https:\/\/univet.hu\/hu\/wp-json\/wp\/v2\/comments?post=16078"}],"version-history":[{"count":0,"href":"https:\/\/univet.hu\/hu\/wp-json\/wp\/v2\/pages\/16078\/revisions"}],"up":[{"embeddable":true,"href":"https:\/\/univet.hu\/hu\/wp-json\/wp\/v2\/pages\/677"}],"wp:attachment":[{"href":"https:\/\/univet.hu\/hu\/wp-json\/wp\/v2\/media?parent=16078"}],"wp:term":[{"taxonomy":"category","embeddable":true,"href":"https:\/\/univet.hu\/hu\/wp-json\/wp\/v2\/categories?post=16078"},{"taxonomy":"post_tag","embeddable":true,"href":"https:\/\/univet.hu\/hu\/wp-json\/wp\/v2\/tags?post=16078"}],"curies":[{"name":"wp","href":"https:\/\/api.w.org\/{rel}","templated":true}]}}