{"id":16088,"date":"1970-01-01T00:00:00","date_gmt":"1969-12-31T23:00:00","guid":{"rendered":"http:\/\/univet.hu\/oktatas\/kurzusok\/viselkedes-es-illemtan\/"},"modified":"2026-01-12T16:51:12","modified_gmt":"2026-01-12T15:51:12","slug":"viselkedes-es-illemtan-2","status":"publish","type":"page","link":"https:\/\/univet.hu\/hu\/oktatas\/kurzusok\/viselkedes-es-illemtan-2\/","title":{"rendered":"Viselked\u00e9s- \u00e9s Illemtan"},"content":{"rendered":"<p>Tant\u00e1rgyfelel\u0151s: Prof. Dr. \u00d3zsv\u00e1ri L\u00e1szl\u00f3<\/p> <p>A tant\u00e1rgy tan\u00edt\u00e1s\u00e1nak c\u00e9lja, hogy a hallgat\u00f3k megismerj\u00e9k a viselked\u00e9skult\u00fara alapszab\u00e1lyait, amelyek ismerete sz\u00fcks\u00e9ges ahhoz, hogy mindennapi \u00e9let\u00fckben \u00e9s munk\u00e1juk sor\u00e1n is k\u00f6nnyebben boldoguljanak. A szakm\u0171velts\u00e9g mellett fontos, hogy megismerj\u00e9k a protokoll \u00e9s etikett szab\u00e1lyait, ezeket megfelel\u0151en alkalmazni tudj\u00e1k.<\/p> <p>A t\u00e1rsas\u00e1gi \u00e9let, a szem\u00e9lyes tal\u00e1lkoz\u00f3k \u00e9s hivatalos alkalmak megk\u00edv\u00e1nj\u00e1k, hogy tudjunk megfelel\u0151en viselkedni vend\u00e9gk\u00e9nt \u00e9s vend\u00e9gl\u00e1t\u00f3k\u00e9nt egyar\u00e1nt. Ismerj\u00fck azokat az alapokat, amelyek seg\u00edts\u00e9g\u00e9vel eligazodhatunk a vend\u00e9gl\u00e1t\u00f3 alkalmak k\u00f6z\u00f6tt.<\/p> <p>Mivel a hallgat\u00f3k k\u00e9s\u0151bbi munk\u00e1juk sor\u00e1n rendezv\u00e9nyek, konferenci\u00e1k r\u00e9sztvev\u0151i, esetleges szervez\u0151i lehetnek, megismerkednek a rendezv\u00e9nyeken val\u00f3 viselked\u00e9s alapjaival, a rendezv\u00e9nyek szervez\u00e9si folyamat\u00e1nak alapvet\u0151 l\u00e9p\u00e9seivel.<\/p>","protected":false},"excerpt":{"rendered":"<p>Tant\u00e1rgyfelel\u0151s: Prof. Dr. \u00d3zsv\u00e1ri L\u00e1szl\u00f3 A tant\u00e1rgy tan\u00edt\u00e1s\u00e1nak c\u00e9lja, hogy a hallgat\u00f3k megismerj\u00e9k a viselked\u00e9skult\u00fara alapszab\u00e1lyait, amelyek ismerete sz\u00fcks\u00e9ges ahhoz, hogy mindennapi \u00e9let\u00fckben \u00e9s munk\u00e1juk sor\u00e1n is k\u00f6nnyebben boldoguljanak. A szakm\u0171velts\u00e9g mellett fontos, hogy megismerj\u00e9k a protokoll \u00e9s etikett szab\u00e1lyait, ezeket megfelel\u0151en alkalmazni tudj\u00e1k. A t\u00e1rsas\u00e1gi \u00e9let, a szem\u00e9lyes tal\u00e1lkoz\u00f3k \u00e9s hivatalos alkalmak megk\u00edv\u00e1nj\u00e1k, hogy<\/p>\n","protected":false},"author":3837,"featured_media":0,"parent":677,"menu_order":118,"comment_status":"closed","ping_status":"closed","template":"","meta":{"_acf_changed":false,"footnotes":""},"categories":[],"tags":[],"class_list":["post-16088","page","type-page","status-publish","hentry"],"acf":[],"_links":{"self":[{"href":"https:\/\/univet.hu\/hu\/wp-json\/wp\/v2\/pages\/16088","targetHints":{"allow":["GET"]}}],"collection":[{"href":"https:\/\/univet.hu\/hu\/wp-json\/wp\/v2\/pages"}],"about":[{"href":"https:\/\/univet.hu\/hu\/wp-json\/wp\/v2\/types\/page"}],"author":[{"embeddable":true,"href":"https:\/\/univet.hu\/hu\/wp-json\/wp\/v2\/users\/3837"}],"replies":[{"embeddable":true,"href":"https:\/\/univet.hu\/hu\/wp-json\/wp\/v2\/comments?post=16088"}],"version-history":[{"count":3,"href":"https:\/\/univet.hu\/hu\/wp-json\/wp\/v2\/pages\/16088\/revisions"}],"predecessor-version":[{"id":197790,"href":"https:\/\/univet.hu\/hu\/wp-json\/wp\/v2\/pages\/16088\/revisions\/197790"}],"up":[{"embeddable":true,"href":"https:\/\/univet.hu\/hu\/wp-json\/wp\/v2\/pages\/677"}],"wp:attachment":[{"href":"https:\/\/univet.hu\/hu\/wp-json\/wp\/v2\/media?parent=16088"}],"wp:term":[{"taxonomy":"category","embeddable":true,"href":"https:\/\/univet.hu\/hu\/wp-json\/wp\/v2\/categories?post=16088"},{"taxonomy":"post_tag","embeddable":true,"href":"https:\/\/univet.hu\/hu\/wp-json\/wp\/v2\/tags?post=16088"}],"curies":[{"name":"wp","href":"https:\/\/api.w.org\/{rel}","templated":true}]}}