{"id":16089,"date":"1970-01-01T00:00:00","date_gmt":"1969-12-31T23:00:00","guid":{"rendered":"http:\/\/univet.hu\/oktatas\/kurzusok\/viselkedesokologia-biologia-bsc\/"},"modified":"1970-01-01T00:00:00","modified_gmt":"1969-12-31T23:00:00","slug":"viselkedesokologia-biologia-bsc","status":"publish","type":"page","link":"https:\/\/univet.hu\/hu\/oktatas\/kurzusok\/viselkedesokologia-biologia-bsc\/","title":{"rendered":"Viselked\u00e9s\u00f6kol\u00f3gia &#8211; biol\u00f3gia BSc"},"content":{"rendered":"<p>tant\u00e1rgyfelel\u0151s: <strong>Dr. Kosztol\u00e1nyi Andr\u00e1s<\/strong><\/p> <p style=\"margin-bottom: 0cm; line-height: 100%;\" class=\"western\" align=\"JUSTIFY\">A t\u00e1rgy f\u0151 c\u00e9lja a viselked\u00e9s\u00f6kol\u00f3giai szeml\u00e9letm\u00f3d elsaj\u00e1t\u00edt\u00e1sa. A viselked\u00e9s\u00f6kol\u00f3gia alapjainak, \u00e9s kutat\u00e1si m\u00f3dszereinek ismertet\u00e9se ut\u00e1n nagy hangs\u00falyt fektet\u00fcnk az elm\u00e9leti modellekre \u00e9s azok predikci\u00f3inak k\u00eds\u00e9rletes tesztel\u00e9s\u00e9re. Sz\u00e1mos esettanulm\u00e1nyon kereszt\u00fcl mutatjuk be a k\u00fcl\u00f6nb\u00f6z\u0151 viselked\u00e9sek adapt\u00edv \u00e9rt\u00e9k\u00e9t. R\u00e9szletesen vizsg\u00e1ljuk a p\u00e1rz\u00e1si \u00e9s ut\u00f3dgondoz\u00f3 rendszerek evol\u00faci\u00f3j\u00e1t \u00e9s a k\u00e9t folyamat egym\u00e1st\u00f3l val\u00f3 f\u00fcgg\u00e9s\u00e9t. Tov\u00e1bb\u00e1 r\u00f6viden kit\u00e9r\u00fcnk a hum\u00e1n viselked\u00e9s\u00f6kol\u00f3gia k\u00e9rd\u00e9seire is.<\/p> <p>\u00a0<\/p> <p><strong>Szakirodalom<\/strong><\/p> <p>K\u00f6telez\u0151: \u00d3rai jegyzetek<\/p> <p>Aj\u00e1nlott irodalom: <\/p> <p style=\"margin-bottom: 0cm; line-height: 100%;\" class=\"western\">Davies, N.B., Krebs, J.R. &amp; West, S.A. (2012) An Introduction to Behavioural Ecology. Wiley-Blackwell, Oxford<\/p> <p style=\"margin-bottom: 0cm; line-height: 100%;\" class=\"western\">Barta, Z., Liker, A. &amp; Sz\u00e9kely, T. (2002) Viselked\u00e9s\u00f6kol\u00f3gia. Osiris Kiad\u00f3.<\/p> <p style=\"margin-bottom: 0cm; line-height: 100%;\" class=\"western\"><a name=\"productTitle\"><\/a><a name=\"title\"><\/a> Alcock, J. (2013) Animal Behavior: An Evolutionary Approach. Sinauer Associates.<\/p> <p style=\"margin-bottom: 0cm; line-height: 100%;\" class=\"western\">\u00a0<\/p> <p>El\u0151tanulm\u00e1nyi felt\u00e9telek:<br \/>Popul\u00e1ci\u00f3genetika \u00e9s evol\u00faci\u00f3biol\u00f3gia, \u00d6kol\u00f3gia lapjai, Etol\u00f3gia<\/p> <p>Csak viselked\u00e9sbiol\u00f3gia modulban k\u00f6telez\u0151, ezt a modult nem v\u00e1laszt\u00f3 biol\u00f3gus hallgat\u00f3k \u00e9s az \u00e1llatorvos hallgat\u00f3k fakultat\u00edv t\u00e1rgyk\u00e9nt vehetik fel.<\/p><\/p>","protected":false},"excerpt":{"rendered":"<p>tant\u00e1rgyfelel\u0151s: Dr. Kosztol\u00e1nyi Andr\u00e1s A t\u00e1rgy f\u0151 c\u00e9lja a viselked\u00e9s\u00f6kol\u00f3giai szeml\u00e9letm\u00f3d elsaj\u00e1t\u00edt\u00e1sa. A viselked\u00e9s\u00f6kol\u00f3gia alapjainak, \u00e9s kutat\u00e1si m\u00f3dszereinek ismertet\u00e9se ut\u00e1n nagy hangs\u00falyt fektet\u00fcnk az elm\u00e9leti modellekre \u00e9s azok predikci\u00f3inak k\u00eds\u00e9rletes tesztel\u00e9s\u00e9re. Sz\u00e1mos esettanulm\u00e1nyon kereszt\u00fcl mutatjuk be a k\u00fcl\u00f6nb\u00f6z\u0151 viselked\u00e9sek adapt\u00edv \u00e9rt\u00e9k\u00e9t. R\u00e9szletesen vizsg\u00e1ljuk a p\u00e1rz\u00e1si \u00e9s ut\u00f3dgondoz\u00f3 rendszerek evol\u00faci\u00f3j\u00e1t \u00e9s a k\u00e9t folyamat egym\u00e1st\u00f3l val\u00f3<\/p>\n","protected":false},"author":3837,"featured_media":0,"parent":677,"menu_order":118,"comment_status":"closed","ping_status":"closed","template":"","meta":{"_acf_changed":false,"footnotes":""},"categories":[],"tags":[],"class_list":["post-16089","page","type-page","status-publish","hentry"],"acf":[],"_links":{"self":[{"href":"https:\/\/univet.hu\/hu\/wp-json\/wp\/v2\/pages\/16089","targetHints":{"allow":["GET"]}}],"collection":[{"href":"https:\/\/univet.hu\/hu\/wp-json\/wp\/v2\/pages"}],"about":[{"href":"https:\/\/univet.hu\/hu\/wp-json\/wp\/v2\/types\/page"}],"author":[{"embeddable":true,"href":"https:\/\/univet.hu\/hu\/wp-json\/wp\/v2\/users\/3837"}],"replies":[{"embeddable":true,"href":"https:\/\/univet.hu\/hu\/wp-json\/wp\/v2\/comments?post=16089"}],"version-history":[{"count":0,"href":"https:\/\/univet.hu\/hu\/wp-json\/wp\/v2\/pages\/16089\/revisions"}],"up":[{"embeddable":true,"href":"https:\/\/univet.hu\/hu\/wp-json\/wp\/v2\/pages\/677"}],"wp:attachment":[{"href":"https:\/\/univet.hu\/hu\/wp-json\/wp\/v2\/media?parent=16089"}],"wp:term":[{"taxonomy":"category","embeddable":true,"href":"https:\/\/univet.hu\/hu\/wp-json\/wp\/v2\/categories?post=16089"},{"taxonomy":"post_tag","embeddable":true,"href":"https:\/\/univet.hu\/hu\/wp-json\/wp\/v2\/tags?post=16089"}],"curies":[{"name":"wp","href":"https:\/\/api.w.org\/{rel}","templated":true}]}}