{"id":16090,"date":"1970-01-01T00:00:00","date_gmt":"1969-12-31T23:00:00","guid":{"rendered":"http:\/\/univet.hu\/oktatas\/kurzusok\/viselkedesokologia-biologus-msc\/"},"modified":"1970-01-01T00:00:00","modified_gmt":"1969-12-31T23:00:00","slug":"viselkedesokologia-biologus-msc","status":"publish","type":"page","link":"https:\/\/univet.hu\/hu\/oktatas\/kurzusok\/viselkedesokologia-biologus-msc\/","title":{"rendered":"Viselked\u00e9s\u00f6kol\u00f3gia &#8211; biol\u00f3gus MSc"},"content":{"rendered":"<p>\u00a0<\/p> <p>tant\u00e1rgyfelel\u0151s: <strong>Dr. Kosztol\u00e1nyi Andr\u00e1s<\/strong><\/p> <p>megj.: A Zool\u00f3gia szakir\u00e1nyon k\u00f6telez\u0151 t\u00e1rgy<\/p> <p style=\"margin-bottom: 0cm; line-height: 100%;\" class=\"western\" align=\"JUSTIFY\">A viselked\u00e9s\u00f6kol\u00f3gia a viselked\u00e9sbiol\u00f3gia r\u00e9szek\u00e9nt a viselked\u00e9s adapt\u00edv \u00e9rt\u00e9k\u00e9t vizsg\u00e1lja. A kurzus sor\u00e1n egy\u00e9ni munka keret\u00e9ben a v\u00e1lasztott t\u00e9mak\u00f6r\u00f6k egyik\u00e9b\u0151l k\u00e9sz\u00fclnek fel a di\u00e1kok, \u00e9s minden alkalommal ismertetik a csoport el\u0151tt, hogyan \u00e1llnak t\u00e9m\u00e1ik kidolgoz\u00e1s\u00e1val. Munk\u00e1jukhoz a di\u00e1kok \u00f6n\u00e1ll\u00f3an keresett refer\u00e1lt foly\u00f3iratokban megjelent cikkek alapj\u00e1n dolgoznak<\/p> <p style=\"margin-bottom: 0cm; line-height: 100%;\" class=\"western\" align=\"JUSTIFY\">Szakirodalom:<\/p> <p style=\"margin-bottom: 0cm; line-height: 100%;\" class=\"western\" align=\"JUSTIFY\">\u00d3rai jegyzetek<\/p> <p style=\"margin-bottom: 0cm; line-height: 100%;\" class=\"western\" align=\"JUSTIFY\">\u00a0<\/p> <p style=\"margin-bottom: 0cm; line-height: 100%;\" class=\"western\" align=\"JUSTIFY\">Aj\u00e1nlott irodalom:<\/p> <p style=\"margin-bottom: 0cm; line-height: 100%;\" class=\"western\">Davies, N.B., Krebs, J.R. &amp; West, S.A. (2012) An Introduction to Behavioural Ecology. Wiley-Blackwell, Oxford<\/p> <p style=\"margin-bottom: 0cm; line-height: 100%;\" class=\"western\">Barta, Z., Liker, A. &amp; Sz\u00e9kely, T. (2002) Viselked\u00e9s\u00f6kol\u00f3gia. Osiris Kiad\u00f3.<\/p> <p style=\"margin-bottom: 0cm; line-height: 100%;\" class=\"western\">Alcock, J. (2013) Animal Behavior: An Evolutionary Approach. Sinauer Associates.<\/p><\/p>","protected":false},"excerpt":{"rendered":"<p>\u00a0 tant\u00e1rgyfelel\u0151s: Dr. Kosztol\u00e1nyi Andr\u00e1s megj.: A Zool\u00f3gia szakir\u00e1nyon k\u00f6telez\u0151 t\u00e1rgy A viselked\u00e9s\u00f6kol\u00f3gia a viselked\u00e9sbiol\u00f3gia r\u00e9szek\u00e9nt a viselked\u00e9s adapt\u00edv \u00e9rt\u00e9k\u00e9t vizsg\u00e1lja. A kurzus sor\u00e1n egy\u00e9ni munka keret\u00e9ben a v\u00e1lasztott t\u00e9mak\u00f6r\u00f6k egyik\u00e9b\u0151l k\u00e9sz\u00fclnek fel a di\u00e1kok, \u00e9s minden alkalommal ismertetik a csoport el\u0151tt, hogyan \u00e1llnak t\u00e9m\u00e1ik kidolgoz\u00e1s\u00e1val. Munk\u00e1jukhoz a di\u00e1kok \u00f6n\u00e1ll\u00f3an keresett refer\u00e1lt foly\u00f3iratokban megjelent cikkek<\/p>\n","protected":false},"author":3837,"featured_media":0,"parent":677,"menu_order":118,"comment_status":"closed","ping_status":"closed","template":"","meta":{"_acf_changed":false,"footnotes":""},"categories":[],"tags":[],"class_list":["post-16090","page","type-page","status-publish","hentry"],"acf":[],"_links":{"self":[{"href":"https:\/\/univet.hu\/hu\/wp-json\/wp\/v2\/pages\/16090","targetHints":{"allow":["GET"]}}],"collection":[{"href":"https:\/\/univet.hu\/hu\/wp-json\/wp\/v2\/pages"}],"about":[{"href":"https:\/\/univet.hu\/hu\/wp-json\/wp\/v2\/types\/page"}],"author":[{"embeddable":true,"href":"https:\/\/univet.hu\/hu\/wp-json\/wp\/v2\/users\/3837"}],"replies":[{"embeddable":true,"href":"https:\/\/univet.hu\/hu\/wp-json\/wp\/v2\/comments?post=16090"}],"version-history":[{"count":0,"href":"https:\/\/univet.hu\/hu\/wp-json\/wp\/v2\/pages\/16090\/revisions"}],"up":[{"embeddable":true,"href":"https:\/\/univet.hu\/hu\/wp-json\/wp\/v2\/pages\/677"}],"wp:attachment":[{"href":"https:\/\/univet.hu\/hu\/wp-json\/wp\/v2\/media?parent=16090"}],"wp:term":[{"taxonomy":"category","embeddable":true,"href":"https:\/\/univet.hu\/hu\/wp-json\/wp\/v2\/categories?post=16090"},{"taxonomy":"post_tag","embeddable":true,"href":"https:\/\/univet.hu\/hu\/wp-json\/wp\/v2\/tags?post=16090"}],"curies":[{"name":"wp","href":"https:\/\/api.w.org\/{rel}","templated":true}]}}