{"id":16093,"date":"1970-01-01T00:00:00","date_gmt":"1969-12-31T23:00:00","guid":{"rendered":"http:\/\/univet.hu\/oktatas\/kurzusok\/zoologia-biologus-msc\/"},"modified":"1970-01-01T00:00:00","modified_gmt":"1969-12-31T23:00:00","slug":"zoologia-biologus-msc","status":"publish","type":"page","link":"https:\/\/univet.hu\/hu\/oktatas\/kurzusok\/zoologia-biologus-msc\/","title":{"rendered":"Zool\u00f3gia &#8211; biol\u00f3gus MSc"},"content":{"rendered":"<p>Az \u00e1llati sejt fel\u00e9p\u00edt\u00e9s\u00e9nek \u00e9s m\u0171k\u00f6d\u00e9s\u00e9nek saj\u00e1toss\u00e1gai. Az \u00e1llatok egyedfejl\u0151d\u00e9se. Az \u00e1llati testet fel\u00e9p\u00edt\u0151 sz\u00f6vetek csoportos\u00edt\u00e1sa \u00e9s jellemz\u00e9se. Az \u00e1llatok k\u00fcltakar\u00f3j\u00e1nak, mozg\u00e1sszerveinek, valamint t\u00e1pl\u00e1lkoz\u00e1si szerveinek fel\u00e9p\u00edt\u00e9se \u00e9s m\u0171k\u00f6d\u00e9se. Az anyagsz\u00e1ll\u00edt\u00e1s, l\u00e9gz\u00e9s, a kiv\u00e1laszt\u00e1s, a szaporod\u00e1s \u00e9s az endokrin szervek jellemz\u0151 szervrendszerei \u00e9s m\u0171k\u00f6d\u00e9s\u00fck. Az idegrendszer t\u00edpusai \u00e9s m\u0171k\u00f6d\u00e9s\u00fck. Az \u00e1llatok \u00e9rz\u00e9kszerveinek t\u00edpusai \u00e9s m\u0171k\u00f6d\u00e9s\u00fck. Az \u00e9l\u0151vil\u00e1g rendszerez\u00e9s\u00e9nek elvei. A Sarcomastigophora, Apicomplexa, Microspora, Myxozoa, Ciliophora, a laposf\u00e9rgek (Platyhelminthes), a fon\u00e1lf\u00e9rgek (Nematoda), a buzog\u00e1nyfej\u0171ek (Acanthocephala), a puhatest\u0171ek (Mollusca), a kerekesf\u00e9rgek (Rotatoria) \u00e9s a gy\u0171r\u0171sf\u00e9rgek (Annelida) t\u00f6rzs\u00e9be tartoz\u00f3 taxonok bemutat\u00e1sa. Az \u00edzeltl\u00e1b\u00faak \u00e1ltal\u00e1nos jellemz\u00e9se. A r\u00e1kok (Crustacea) alt\u00f6rzs\u00e9be tartoz\u00f3 taxonok bemutat\u00e1sa. A sokl\u00e1b\u00faak (Myriapoda) oszt\u00e1ly\u00e1nak, valamint a rovarok (Insecta) oszt\u00e1ly\u00e1ba tartoz\u00f3 Protura, Diplura, Collembola, Archeognatha, Zygentoma aloszt\u00e1lyok jellemz\u00e9se. A fels\u0151rend\u0171 rovarok (Pterygota) aloszt\u00e1ly\u00e1ba tartoz\u00f3 rendek bemutat\u00e1sa. A cs\u00e1pr\u00e1g\u00f3sok (Chelicerata) alt\u00f6rzs\u00e9be, a p\u00f3kszab\u00e1s\u00faak (Arachnida) oszt\u00e1ly\u00e1ba tartoz\u00f3 fontosabb taxonok jellemz\u00e9se. A k\u00f6rsz\u00e1j\u00faak (Cyclostomata) \u00e9s a csontoshalak (Osteichthyes) oszt\u00e1ly\u00e1ba tartoz\u00f3 taxonok bemutat\u00e1sa. A k\u00e9t\u00e9lt\u0171ek (Amphibia), a h\u00fcll\u0151k (Reptilia), a madarak (Aves) \u00e9s az eml\u0151s\u00f6k (Mammalia) oszt\u00e1ly\u00e1ba tartoz\u00f3 taxonok jellemz\u00e9se.<\/p> <p>K\u00f6telez\u0151 \u00e9s aj\u00e1nlott irodalom:<\/p> <p>Az el\u0151ad\u00f3k \u00e1ltal biztos\u00edtott felk\u00e9sz\u00fcl\u00e9si anyag<\/p> <p>Evolution 8, 378\u2013387.<\/p> <p><a href=\"http:\/\/www.nematodes.org\/\" data-replaced=\"true\" target=\"1\">http:\/\/www.nematodes.org\/<\/a><\/p> <p><a href=\"http:\/\/www.nematode.net\/\" data-replaced=\"true\" target=\"1\">http:\/\/www.nematode.net\/<\/a><\/p> <p>Michener, C.D.. (2007) The Bees of theWorld The Johns Hopkins University Press, Baltimore.<\/p> <p>Gullan, P.J. and Cranston, P.S. (2005): The Insects, an outline of entomology. Blackwell Publishing, Oxford, UK.<\/p> <p><a href=\"http:\/\/www.amazon.com\/s\/ref=ntt_athr_dp_sr_1\/190-6971041-7807728?_encoding=UTF8&amp;field-author=Quentin%20Bone&amp;search-alias=books&amp;sort=relevancerank\" data-replaced=\"true\">Bone<\/a> Q. <a href=\"http:\/\/www.amazon.com\/s\/ref=ntt_athr_dp_sr_2\/190-6971041-7807728?_encoding=UTF8&amp;field-author=Richard%20Moore&amp;search-alias=books&amp;sort=relevancerank\" data-replaced=\"true\">Moore<\/a> R. (2009): Biology of fishes. Taylor and Francis Group. 478 pp.<\/p> <p>Vitt L. J. and Caldwell J. P. (2009): Herpetology. Elsevire Inc. 697 pp.<\/p> <p>Papp L. (szerk.): Zootaxon\u00f3mia<br \/>Bakonyi G. (szerk.) (2003): \u00c1llattan. Mez\u0151gazda Kiad\u00f3, Budapest.<\/p><\/p>","protected":false},"excerpt":{"rendered":"<p>Az \u00e1llati sejt fel\u00e9p\u00edt\u00e9s\u00e9nek \u00e9s m\u0171k\u00f6d\u00e9s\u00e9nek saj\u00e1toss\u00e1gai. Az \u00e1llatok egyedfejl\u0151d\u00e9se. Az \u00e1llati testet fel\u00e9p\u00edt\u0151 sz\u00f6vetek csoportos\u00edt\u00e1sa \u00e9s jellemz\u00e9se. Az \u00e1llatok k\u00fcltakar\u00f3j\u00e1nak, mozg\u00e1sszerveinek, valamint t\u00e1pl\u00e1lkoz\u00e1si szerveinek fel\u00e9p\u00edt\u00e9se \u00e9s m\u0171k\u00f6d\u00e9se. Az anyagsz\u00e1ll\u00edt\u00e1s, l\u00e9gz\u00e9s, a kiv\u00e1laszt\u00e1s, a szaporod\u00e1s \u00e9s az endokrin szervek jellemz\u0151 szervrendszerei \u00e9s m\u0171k\u00f6d\u00e9s\u00fck. Az idegrendszer t\u00edpusai \u00e9s m\u0171k\u00f6d\u00e9s\u00fck. Az \u00e1llatok \u00e9rz\u00e9kszerveinek t\u00edpusai \u00e9s m\u0171k\u00f6d\u00e9s\u00fck. Az<\/p>\n","protected":false},"author":3837,"featured_media":0,"parent":677,"menu_order":118,"comment_status":"closed","ping_status":"closed","template":"","meta":{"_acf_changed":false,"footnotes":""},"categories":[],"tags":[],"class_list":["post-16093","page","type-page","status-publish","hentry"],"acf":[],"_links":{"self":[{"href":"https:\/\/univet.hu\/hu\/wp-json\/wp\/v2\/pages\/16093","targetHints":{"allow":["GET"]}}],"collection":[{"href":"https:\/\/univet.hu\/hu\/wp-json\/wp\/v2\/pages"}],"about":[{"href":"https:\/\/univet.hu\/hu\/wp-json\/wp\/v2\/types\/page"}],"author":[{"embeddable":true,"href":"https:\/\/univet.hu\/hu\/wp-json\/wp\/v2\/users\/3837"}],"replies":[{"embeddable":true,"href":"https:\/\/univet.hu\/hu\/wp-json\/wp\/v2\/comments?post=16093"}],"version-history":[{"count":0,"href":"https:\/\/univet.hu\/hu\/wp-json\/wp\/v2\/pages\/16093\/revisions"}],"up":[{"embeddable":true,"href":"https:\/\/univet.hu\/hu\/wp-json\/wp\/v2\/pages\/677"}],"wp:attachment":[{"href":"https:\/\/univet.hu\/hu\/wp-json\/wp\/v2\/media?parent=16093"}],"wp:term":[{"taxonomy":"category","embeddable":true,"href":"https:\/\/univet.hu\/hu\/wp-json\/wp\/v2\/categories?post=16093"},{"taxonomy":"post_tag","embeddable":true,"href":"https:\/\/univet.hu\/hu\/wp-json\/wp\/v2\/tags?post=16093"}],"curies":[{"name":"wp","href":"https:\/\/api.w.org\/{rel}","templated":true}]}}