{"id":16094,"date":"1970-01-01T00:00:00","date_gmt":"1969-12-31T23:00:00","guid":{"rendered":"http:\/\/univet.hu\/oktatas\/kurzusok\/zoonozisok-i\/"},"modified":"2020-09-23T14:08:07","modified_gmt":"2020-09-23T12:08:07","slug":"zoonozisok-i","status":"publish","type":"page","link":"https:\/\/univet.hu\/hu\/oktatas\/kurzusok\/zoonozisok-i\/","title":{"rendered":"Zoon\u00f3zisok I."},"content":{"rendered":"<p>A kurzus 2020\/2021 \u0151szi szemeszter\u00e9ben nem indul.<\/p> <p>&nbsp;<\/p> <p><strong>A kurzus le\u00edr\u00e1sa<\/strong><\/p> <p><strong>\u00a0<\/strong><\/p> <table> <tbody> <tr> <td width=\"140\">A kurzus ind\u00edt\u00e1s\u00e1nak felt\u00e9tele<\/td> <td width=\"475\">A tant\u00e1rgyat akkor ind\u00edtjuk, ha minimum 20 hallgat\u00f3 jelentkezik, akik v\u00e1llalj\u00e1k, hogy az el\u0151ad\u00e1sokon k\u00f6vetkezetesen r\u00e9szt vesznek.<\/td> <\/tr> <tr> <td width=\"140\">\u00c9rt\u00e9kel\u00e9s<\/td> <td width=\"475\">A Zoon\u00f3zisok I. \u00e9s a Zoon\u00f3zisok II. el\u0151ad\u00e1sokon elhangzott anyag, valamint az egyes betegs\u00e9gek k\u00f6zeg\u00e9szs\u00e9g\u00fcgyi vonatkoz\u00e1saival kapcsolatban a J\u00e1rv\u00e1nytan el\u0151ad\u00e1sokon elhangzott anyag k\u00e9pezi a vizsga alapj\u00e1t, az el\u0151ad\u00e1sokon t\u00f6rt\u00e9n\u0151 akt\u00edv r\u00e9szv\u00e9tel a sikeres vizsga alapja<\/td> <\/tr> <tr> <td width=\"140\">Tant\u00e1rgy le\u00edr\u00e1sa<\/td> <td width=\"475\">Az el\u0151ad\u00e1sok hum\u00e1norvos-szakemberei, a Nemzeti N\u00e9peg\u00e9szs\u00e9g\u00fcgyi K\u00f6zpont, Szent Istv\u00e1n \u2013 Szent L\u00e1szl\u00f3 K\u00f3rh\u00e1z \u00e9s egy\u00e9b k\u00f3rh\u00e1zak infektol\u00f3gus szakemberei az \u00e1llatokr\u00f3l emberre terjed\u0151 fert\u0151z\u0151 betegs\u00e9gek emberben tapasztalhat\u00f3 t\u00fcneteit, k\u00f3rjelz\u00e9s\u00e9t, megel\u0151z\u00e9s\u00e9t foglalj\u00e1k \u00f6ssze.<\/td> <\/tr> <tr> <td width=\"140\">Oktat\u00f3k<\/td> <td width=\"475\"> <p>\u00b7\u00a0\u00a0\u00a0\u00a0\u00a0\u00a0\u00a0\u00a0 Varga J\u00e1nos dr. emeritus professzor<\/p> <p>\u00b7\u00a0\u00a0\u00a0\u00a0\u00a0\u00a0\u00a0\u00a0 Pauliny Zsuzsa dr.<\/p> <p>\u00b7\u00a0\u00a0\u00a0\u00a0\u00a0\u00a0\u00a0\u00a0 M\u00e9sz\u00e1ros Endre dr.<\/p> <p>\u00b7\u00a0\u00a0\u00a0\u00a0\u00a0\u00a0\u00a0\u00a0 Szl\u00e1vik J\u00e1nos dr.<\/td> <\/tr> <tr> <td width=\"140\">Oktat\u00e1si felt\u00e9telek<\/td> <td width=\"475\">Az el\u0151ad\u00e1sokat a Marek J\u00f3zsef el\u0151ad\u00f3ban\u00a0tartjuk, az el\u0151ad\u00e1s v\u00e1zlat\u00e1t \u00e9s a bemutat\u00e1sra sz\u00e1nt k\u00e9peket sz\u00e1m\u00edt\u00f3g\u00e9ppel \u00e9s projektorral vet\u00edtj\u00fck.<\/td> <\/tr> <\/tbody> <\/table> <p>&nbsp;<\/p>","protected":false},"excerpt":{"rendered":"<p>A kurzus 2020\/2021 \u0151szi szemeszter\u00e9ben nem indul. &nbsp; A kurzus le\u00edr\u00e1sa \u00a0 A kurzus ind\u00edt\u00e1s\u00e1nak felt\u00e9tele A tant\u00e1rgyat akkor ind\u00edtjuk, ha minimum 20 hallgat\u00f3 jelentkezik, akik v\u00e1llalj\u00e1k, hogy az el\u0151ad\u00e1sokon k\u00f6vetkezetesen r\u00e9szt vesznek. \u00c9rt\u00e9kel\u00e9s A Zoon\u00f3zisok I. \u00e9s a Zoon\u00f3zisok II. el\u0151ad\u00e1sokon elhangzott anyag, valamint az egyes betegs\u00e9gek k\u00f6zeg\u00e9szs\u00e9g\u00fcgyi vonatkoz\u00e1saival kapcsolatban a J\u00e1rv\u00e1nytan el\u0151ad\u00e1sokon elhangzott<\/p>\n","protected":false},"author":3837,"featured_media":0,"parent":677,"menu_order":118,"comment_status":"closed","ping_status":"closed","template":"","meta":{"_acf_changed":false,"footnotes":""},"categories":[],"tags":[],"class_list":["post-16094","page","type-page","status-publish","hentry"],"acf":[],"_links":{"self":[{"href":"https:\/\/univet.hu\/hu\/wp-json\/wp\/v2\/pages\/16094","targetHints":{"allow":["GET"]}}],"collection":[{"href":"https:\/\/univet.hu\/hu\/wp-json\/wp\/v2\/pages"}],"about":[{"href":"https:\/\/univet.hu\/hu\/wp-json\/wp\/v2\/types\/page"}],"author":[{"embeddable":true,"href":"https:\/\/univet.hu\/hu\/wp-json\/wp\/v2\/users\/3837"}],"replies":[{"embeddable":true,"href":"https:\/\/univet.hu\/hu\/wp-json\/wp\/v2\/comments?post=16094"}],"version-history":[{"count":0,"href":"https:\/\/univet.hu\/hu\/wp-json\/wp\/v2\/pages\/16094\/revisions"}],"up":[{"embeddable":true,"href":"https:\/\/univet.hu\/hu\/wp-json\/wp\/v2\/pages\/677"}],"wp:attachment":[{"href":"https:\/\/univet.hu\/hu\/wp-json\/wp\/v2\/media?parent=16094"}],"wp:term":[{"taxonomy":"category","embeddable":true,"href":"https:\/\/univet.hu\/hu\/wp-json\/wp\/v2\/categories?post=16094"},{"taxonomy":"post_tag","embeddable":true,"href":"https:\/\/univet.hu\/hu\/wp-json\/wp\/v2\/tags?post=16094"}],"curies":[{"name":"wp","href":"https:\/\/api.w.org\/{rel}","templated":true}]}}