{"id":16095,"date":"1970-01-01T00:00:00","date_gmt":"1969-12-31T23:00:00","guid":{"rendered":"http:\/\/univet.hu\/oktatas\/kurzusok\/zoonozisok-ii\/"},"modified":"2019-02-14T11:11:08","modified_gmt":"2019-02-14T10:11:08","slug":"zoonozisok-ii","status":"publish","type":"page","link":"https:\/\/univet.hu\/hu\/oktatas\/kurzusok\/zoonozisok-ii\/","title":{"rendered":"Zoon\u00f3zisok II."},"content":{"rendered":"<p><strong>A kurzus le\u00edr\u00e1sa<\/strong><\/p> <ul> <li>Az el\u0151ad\u00e1sok hum\u00e1norvos-szakemberei az \u00e1llatokr\u00f3l emberre terjed\u0151 fert\u0151z\u0151 betegs\u00e9gek emberben tapasztalhat\u00f3 t\u00fcneteit, k\u00f3rjelz\u00e9s\u00e9t, megel\u0151z\u00e9s\u00e9t foglalj\u00e1k \u00f6ssze.<\/li> <li>A tant\u00e1rgyat akkor ind\u00edtjuk, ha minimum 25 hallgat\u00f3 jelentkezik, akik v\u00e1llalj\u00e1k, hogy az el\u0151ad\u00e1sokon k\u00f6vetkezetesen r\u00e9szt vesznek.<\/li> <\/ul> <p><strong>\u00a0<\/strong><\/p> <p><strong>Oktat\u00f3k<\/strong><\/p> <ul> <li>K\u00e1d\u00e1r Gabriella dr. oszt\u00e1lyvezet\u0151 f\u0151orvos, Orsz\u00e1gos Kor\u00e1nyi TBC \u00e9s Pulmonol\u00f3giai Int\u00e9zet<\/li> <li>Prinz Gyula dr. oszt\u00e1lyvezet\u0151 f\u0151orvos, Egyes\u00edtett Szent Istv\u00e1n \u00e9s Szent L\u00e1szl\u00f3 K\u00f3rh\u00e1z Rendel\u0151int\u00e9zet<\/li> <li>Varga J\u00e1nos dr. Professor Emeritus<\/li> <\/ul> <p><strong>Oktat\u00e1si felt\u00e9telek <\/strong><\/p> <p>Az el\u0151ad\u00e1sokat a kar valamelyik tanterm\u00e9ben tartjuk, az el\u0151ad\u00e1s v\u00e1zlat\u00e1t \u00e9s a bemutat\u00e1sra sz\u00e1nt k\u00e9peket sz\u00e1m\u00edt\u00f3g\u00e9ppel, projektorral, ritk\u00e1bban diavet\u00edt\u0151vel vet\u00edtj\u00fck.<\/p>","protected":false},"excerpt":{"rendered":"<p>A kurzus le\u00edr\u00e1sa Az el\u0151ad\u00e1sok hum\u00e1norvos-szakemberei az \u00e1llatokr\u00f3l emberre terjed\u0151 fert\u0151z\u0151 betegs\u00e9gek emberben tapasztalhat\u00f3 t\u00fcneteit, k\u00f3rjelz\u00e9s\u00e9t, megel\u0151z\u00e9s\u00e9t foglalj\u00e1k \u00f6ssze. A tant\u00e1rgyat akkor ind\u00edtjuk, ha minimum 25 hallgat\u00f3 jelentkezik, akik v\u00e1llalj\u00e1k, hogy az el\u0151ad\u00e1sokon k\u00f6vetkezetesen r\u00e9szt vesznek. \u00a0 Oktat\u00f3k K\u00e1d\u00e1r Gabriella dr. oszt\u00e1lyvezet\u0151 f\u0151orvos, Orsz\u00e1gos Kor\u00e1nyi TBC \u00e9s Pulmonol\u00f3giai Int\u00e9zet Prinz Gyula dr. oszt\u00e1lyvezet\u0151 f\u0151orvos, Egyes\u00edtett<\/p>\n","protected":false},"author":3837,"featured_media":0,"parent":677,"menu_order":118,"comment_status":"closed","ping_status":"closed","template":"","meta":{"_acf_changed":false,"footnotes":""},"categories":[],"tags":[],"class_list":["post-16095","page","type-page","status-publish","hentry"],"acf":[],"_links":{"self":[{"href":"https:\/\/univet.hu\/hu\/wp-json\/wp\/v2\/pages\/16095","targetHints":{"allow":["GET"]}}],"collection":[{"href":"https:\/\/univet.hu\/hu\/wp-json\/wp\/v2\/pages"}],"about":[{"href":"https:\/\/univet.hu\/hu\/wp-json\/wp\/v2\/types\/page"}],"author":[{"embeddable":true,"href":"https:\/\/univet.hu\/hu\/wp-json\/wp\/v2\/users\/3837"}],"replies":[{"embeddable":true,"href":"https:\/\/univet.hu\/hu\/wp-json\/wp\/v2\/comments?post=16095"}],"version-history":[{"count":0,"href":"https:\/\/univet.hu\/hu\/wp-json\/wp\/v2\/pages\/16095\/revisions"}],"up":[{"embeddable":true,"href":"https:\/\/univet.hu\/hu\/wp-json\/wp\/v2\/pages\/677"}],"wp:attachment":[{"href":"https:\/\/univet.hu\/hu\/wp-json\/wp\/v2\/media?parent=16095"}],"wp:term":[{"taxonomy":"category","embeddable":true,"href":"https:\/\/univet.hu\/hu\/wp-json\/wp\/v2\/categories?post=16095"},{"taxonomy":"post_tag","embeddable":true,"href":"https:\/\/univet.hu\/hu\/wp-json\/wp\/v2\/tags?post=16095"}],"curies":[{"name":"wp","href":"https:\/\/api.w.org\/{rel}","templated":true}]}}