{"id":16116,"date":"1970-01-01T01:00:00","date_gmt":"1970-01-01T00:00:00","guid":{"rendered":"http:\/\/univet.hu\/egyetem\/szervezeti-egysegek\/elelmiszerhigieniai-tanszek\/konzultacios-orak\/"},"modified":"2025-02-04T13:16:07","modified_gmt":"2025-02-04T12:16:07","slug":"konzultacios-orak","status":"publish","type":"page","link":"https:\/\/univet.hu\/hu\/egyetem\/szervezeti-egysegek\/elelmiszerlanc-tudomanyi-intezet\/tanszekek\/elelmiszerhigieniai-tanszek\/konzultacios-orak\/","title":{"rendered":"Konzult\u00e1ci\u00f3s \u00f3r\u00e1k"},"content":{"rendered":"<p style=\"text-align: center\"><strong>\u00c9LELMISZER-HIGI\u00c9NIAI TANSZ\u00c9K<\/strong><\/p> <p style=\"text-align: center\"><strong>Konzult\u00e1ci\u00f3s \u00f3r\u00e1k<\/strong><\/p> <p style=\"text-align: center\"><strong>2024\/2025 II. f\u00e9l\u00e9v (10. szemeszter)<\/strong><\/p> <p style=\"text-align: center\"> <table class=\"aligncenter\" style=\"width: 50.5414%;height: 1481px\" width=\"715\"> <tbody> <tr> <td rowspan=\"2\" width=\"21\"><strong>\u00a0<\/strong><\/td> <td width=\"270\"> <p><strong>Dr. S\u00fcth Mikl\u00f3s <\/strong><\/p> <p>int\u00e9zetvezet\u0151, tansz\u00e9kvezet\u0151<\/p> <p>egyetemi docens<\/td> <td width=\"208\"><a class=\"decrypt\" rel=\"tvui\/njlmptAvojwfu\/iv\" href=\"javascript:void(0);\">[Kattintson az emailc\u00edmhez]<\/a><\/td> <td width=\"94\">szerda<\/td> <td width=\"121\">10<sup>15<\/sup>-11<sup>00<\/sup><\/td> <\/tr> <tr> <td width=\"270\"> <p><strong>Dr. Lehel J\u00f3zsef<\/strong><\/p> <p>egyetemi docens<\/td> <td width=\"208\"><a class=\"decrypt\" rel=\"mfifm\/kp{tfgAvojwfu\/iv\" href=\"javascript:void(0);\">[Kattintson az emailc\u00edmhez]<\/a><\/td> <td width=\"94\">kedd<\/td> <td width=\"121\">10<sup>15<\/sup>-11<sup>00<\/sup><\/td> <\/tr> <tr> <td width=\"21\"><strong>\u00a0<\/strong><\/td> <td width=\"270\"> <p><strong>Dr. Kocsner Tibor<\/strong><\/p> <p>mesteroktat\u00f3<\/td> <td width=\"208\"> <p><a class=\"decrypt\" rel=\"lpdtofs\/ujcpsAvojwfu\/iv\" href=\"javascript:void(0);\">[Kattintson az emailc\u00edmhez]<\/a><\/p> <p>&nbsp;<\/td> <td width=\"94\">cs\u00fct\u00f6rt\u00f6k<\/td> <td width=\"121\">10<sup>00<\/sup>-11<sup>00<\/sup><\/td> <\/tr> <tr> <td width=\"21\"><strong>\u00a0<\/strong><\/td> <td width=\"270\"> <p><strong>Dr. J\u00f3zwiak \u00c1kos<\/strong><\/p> <p>tansz\u00e9kvezet\u0151<\/td> <td width=\"208\"><a class=\"decrypt\" rel=\"kp{xjbl\/blptAvojwfu\/iv\" href=\"javascript:void(0);\">[Kattintson az emailc\u00edmhez]<\/a><\/td> <td width=\"94\">kedd<\/td> <td width=\"121\">8<sup>15<\/sup>-9<sup>00<\/sup><\/td> <\/tr> <tr> <td width=\"21\"><strong>\u00a0<\/strong><\/td> <td width=\"270\"> <p><strong>Dr. Kasza Gyula<\/strong><\/p> <p>egyetemi docens<\/td> <td width=\"208\"><a class=\"decrypt\" rel=\"lbt{b\/hzvmbAvojwfu\/iv\" href=\"javascript:void(0);\">[Kattintson az emailc\u00edmhez]<\/a><\/td> <td width=\"94\">cs\u00fct\u00f6rt\u00f6k<\/td> <td width=\"121\">9<sup>15<\/sup>-10<sup>00<\/sup><\/td> <\/tr> <tr> <td width=\"21\"><strong>\u00a0<\/strong><\/td> <td width=\"270\"> <p><strong>Dr. Bitts\u00e1nszky Andr\u00e1s<\/strong><\/p> <p>egyetemi adjunktus<\/td> <td width=\"208\"><a class=\"decrypt\" rel=\"cjuutbot{lz\/boesbtAvojwfu\/iv\" href=\"javascript:void(0);\">[Kattintson az emailc\u00edmhez]<\/a><\/td> <td width=\"94\">szerda<\/td> <td width=\"121\">10<sup>15<\/sup>-11<sup>00<\/sup><\/td> <\/tr> <tr> <td width=\"21\"><strong>\u00a0<\/strong><\/td> <td width=\"270\"> <p><strong>Dr. B\u00faza L\u00e1szl\u00f3<\/strong><\/p> <p>egyetemi adjunktus<\/td> <td width=\"208\"><a class=\"decrypt\" rel=\"cv{b\/mbt{mpAvojwfu\/iv\" href=\"javascript:void(0);\">[Kattintson az emailc\u00edmhez]<\/a><\/td> <td width=\"94\">cs\u00fct\u00f6rt\u00f6k<\/td> <td width=\"121\">16<sup>00<\/sup>-17<sup>00<\/sup><\/td> <\/tr> <tr> <td width=\"21\"><strong>\u00a0<\/strong><\/td> <td width=\"270\"> <p><strong>Dr. Darnay L\u00edvia<\/strong><\/p> <p>egyetemi adjunktus<\/td> <td width=\"208\"><a class=\"decrypt\" rel=\"ebsobz\/mjwjbAvojwfu\/iv\" href=\"javascript:void(0);\">[Kattintson az emailc\u00edmhez]<\/a><\/td> <td width=\"94\">kedd<\/td> <td width=\"121\">10<sup>15<\/sup>-11<sup>00<\/sup><\/td> <\/tr> <tr> <td width=\"21\"><strong>\u00a0<\/strong><\/td> <td width=\"270\"> <p><strong>Dr. Engelhardt Tekla<\/strong><\/p> <p>tudom\u00e1nyos munkat\u00e1rs<\/td> <td width=\"208\"><a class=\"decrypt\" rel=\"fohfmibseu\/uflmbAvojwfu\/iv\" href=\"javascript:void(0);\">[Kattintson az emailc\u00edmhez]<\/a><\/td> <td width=\"94\">kedd<\/td> <td width=\"121\">9<sup>00<\/sup>-10<sup>00<\/sup><\/td> <\/tr> <tr> <td width=\"21\"><strong>\u00a0<\/strong><\/td> <td width=\"270\"> <p><strong>Dr. Farkas M\u00e1t\u00e9<\/strong><\/p> <p>\u00e1llatorvos, PhD hallgat\u00f3<\/td> <td width=\"208\"><a class=\"decrypt\" rel=\"gbslbt\/nbufAvojwfu\/iv\" href=\"javascript:void(0);\">[Kattintson az emailc\u00edmhez]<\/a><\/td> <td width=\"94\">szerda<\/td> <td width=\"121\">15<sup>00<\/sup>-16<sup>00<\/sup><\/td> <\/tr> <tr> <td width=\"21\"><strong>\u00a0<\/strong><\/td> <td width=\"270\"> <p><strong>Kunszab\u00f3 Atilla<\/strong><\/p> <p>tudom\u00e1nyos seg\u00e9dmunkat\u00e1rs<\/td> <td width=\"208\"><a class=\"decrypt\" rel=\"lvot{bcp\/bujmmbAvojwfu\/iv\" href=\"javascript:void(0);\">[Kattintson az emailc\u00edmhez]<\/a><\/td> <td width=\"94\">cs\u00fct\u00f6rt\u00f6k<\/td> <td width=\"121\">9<sup>15<\/sup>-10<sup>00<\/sup><\/td> <\/tr> <tr> <td width=\"21\"><strong>\u00a0<\/strong><\/td> <td width=\"270\"> <p><strong>Dr. L\u00e1nyi Katalin<\/strong><\/p> <p>tudom\u00e1nyos f\u0151munkat\u00e1rs<\/td> <td width=\"208\"><a class=\"decrypt\" rel=\"mbozj\/lbubmjoAvojwfu\/iv\" href=\"javascript:void(0);\">[Kattintson az emailc\u00edmhez]<\/a><\/td> <td width=\"94\">szerda<\/td> <td width=\"121\">14<sup>15<\/sup>-15<sup>00<\/sup><\/td> <\/tr> <tr> <td width=\"21\"><strong>\u00a0<\/strong><\/td> <td width=\"270\"> <p><strong>Dr. Szakos D\u00e1vid<\/strong><\/p> <p>tudom\u00e1nyos munkat\u00e1rs<\/td> <td width=\"208\"><a class=\"decrypt\" rel=\"t{blpt\/ebwjeAvojwfu\/iv\" href=\"javascript:void(0);\">[Kattintson az emailc\u00edmhez]<\/a><\/td> <td width=\"94\">cs\u00fct\u00f6rt\u00f6k<\/td> <td width=\"121\">9<sup>15<\/sup>-10<sup>00<\/sup><\/td> <\/tr> <tr> <td width=\"21\"><strong>\u00a0<\/strong><\/td> <td width=\"270\"> <p><strong>Dr. T\u00f3th Andr\u00e1s J\u00f3zsef<\/strong><\/p> <p>egyetemi adjunktus<\/td> <td width=\"208\"><a class=\"decrypt\" rel=\"upui\/boesbt\/kp{tfgAvojwfu\/iv\" href=\"javascript:void(0);\">[Kattintson az emailc\u00edmhez]<\/a><\/td> <td width=\"94\">kedd<\/td> <td width=\"121\"> <p style=\"text-align: center\">15<sup>45<\/sup>-16<sup>30<\/sup><\/p> <\/td> <\/tr> <\/tbody> <\/table> <p>&nbsp;<\/p>","protected":false},"excerpt":{"rendered":"<p>\u00c9LELMISZER-HIGI\u00c9NIAI TANSZ\u00c9K Konzult\u00e1ci\u00f3s \u00f3r\u00e1k 2024\/2025 II. f\u00e9l\u00e9v (10. szemeszter) \u00a0 Dr. S\u00fcth Mikl\u00f3s int\u00e9zetvezet\u0151, tansz\u00e9kvezet\u0151 egyetemi docens [Kattintson az emailc\u00edmhez] szerda 1015-1100 Dr. Lehel J\u00f3zsef egyetemi docens [Kattintson az emailc\u00edmhez] kedd 1015-1100 \u00a0 Dr. Kocsner Tibor mesteroktat\u00f3 [Kattintson az emailc\u00edmhez] &nbsp; cs\u00fct\u00f6rt\u00f6k 1000-1100 \u00a0 Dr. J\u00f3zwiak \u00c1kos tansz\u00e9kvezet\u0151 [Kattintson az emailc\u00edmhez] kedd 815-900 \u00a0 Dr.<\/p>\n","protected":false},"author":3837,"featured_media":0,"parent":3319,"menu_order":0,"comment_status":"closed","ping_status":"closed","template":"","meta":{"_acf_changed":false,"footnotes":""},"categories":[],"tags":[],"class_list":["post-16116","page","type-page","status-publish","hentry"],"acf":[],"_links":{"self":[{"href":"https:\/\/univet.hu\/hu\/wp-json\/wp\/v2\/pages\/16116","targetHints":{"allow":["GET"]}}],"collection":[{"href":"https:\/\/univet.hu\/hu\/wp-json\/wp\/v2\/pages"}],"about":[{"href":"https:\/\/univet.hu\/hu\/wp-json\/wp\/v2\/types\/page"}],"author":[{"embeddable":true,"href":"https:\/\/univet.hu\/hu\/wp-json\/wp\/v2\/users\/3837"}],"replies":[{"embeddable":true,"href":"https:\/\/univet.hu\/hu\/wp-json\/wp\/v2\/comments?post=16116"}],"version-history":[{"count":2,"href":"https:\/\/univet.hu\/hu\/wp-json\/wp\/v2\/pages\/16116\/revisions"}],"predecessor-version":[{"id":175203,"href":"https:\/\/univet.hu\/hu\/wp-json\/wp\/v2\/pages\/16116\/revisions\/175203"}],"up":[{"embeddable":true,"href":"https:\/\/univet.hu\/hu\/wp-json\/wp\/v2\/pages\/3319"}],"wp:attachment":[{"href":"https:\/\/univet.hu\/hu\/wp-json\/wp\/v2\/media?parent=16116"}],"wp:term":[{"taxonomy":"category","embeddable":true,"href":"https:\/\/univet.hu\/hu\/wp-json\/wp\/v2\/categories?post=16116"},{"taxonomy":"post_tag","embeddable":true,"href":"https:\/\/univet.hu\/hu\/wp-json\/wp\/v2\/tags?post=16116"}],"curies":[{"name":"wp","href":"https:\/\/api.w.org\/{rel}","templated":true}]}}