{"id":16117,"date":"1970-01-01T01:00:00","date_gmt":"1970-01-01T00:00:00","guid":{"rendered":"http:\/\/univet.hu\/egyetem\/szervezeti-egysegek\/elelmiszerhigieniai-tanszek\/szakdolgozat\/"},"modified":"2023-09-05T15:18:30","modified_gmt":"2023-09-05T13:18:30","slug":"szakdolgozat","status":"publish","type":"page","link":"https:\/\/univet.hu\/hu\/egyetem\/szervezeti-egysegek\/elelmiszerlanc-tudomanyi-intezet\/tanszekek\/elelmiszerhigieniai-tanszek\/szakdolgozat\/","title":{"rendered":"Szakdolgozat"},"content":{"rendered":"<table width=\"920\"> <tbody> <tr> <td style=\"text-align: center;\" width=\"162\"><span style=\"font-size: 14pt;\"><strong>T\u00e9mavezet\u0151<\/strong><\/span><\/td> <td style=\"text-align: center;\" width=\"222\"><span style=\"font-size: 14pt;\"><strong>El\u00e9rhet\u0151s\u00e9g<\/strong><\/span><\/td> <td style=\"text-align: center;\" width=\"378\"><span style=\"font-size: 14pt;\"><strong>T\u00e9ma c\u00edme<\/strong><\/span><\/td> <td style=\"text-align: center;\" width=\"158\"><span style=\"font-size: 14pt;\"><strong>Szabad \/ foglalt<\/strong><\/span><\/td> <\/tr> <tr> <td style=\"text-align: center;\" width=\"162\"><strong>Dr. Lehel J\u00f3zsef<\/strong><\/td> <td style=\"text-align: center;\" width=\"222\"><a class=\"decrypt\" rel=\"mfifm\/kp{tfgAvojwfu\/iv\" href=\"javascript:void(0);\">[Kattintson az emailc\u00edmhez]<\/a><\/td> <td style=\"text-align: center;\" width=\"378\"><strong>Zebrad\u00e1ni\u00f3n kialak\u00edtott gyullad\u00e1sos modellek alkalmaz\u00e1si lehet\u0151s\u00e9gei toxikol\u00f3giai vizsg\u00e1latokban<\/strong><\/td> <td style=\"text-align: center;\" width=\"158\"><strong>FOGLALT<\/strong><\/td> <\/tr> <tr> <td style=\"text-align: center;\" width=\"162\"> <p><strong>Dr. L\u00e1nyi Katalin<\/strong><\/p> <p><strong>Dr. Buz\u00e1s Anna<\/strong><\/td> <td style=\"text-align: center;\" width=\"222\"> <p><strong><a class=\"decrypt\" rel=\"mbozj\/lbubmjoAvojwfu\/iv\" href=\"javascript:void(0);\">[Kattintson az emailc\u00edmhez]<\/a><\/strong><\/p> <p><a class=\"decrypt\" rel=\"cv{bt\/boobAvojwfu\/iv\" href=\"javascript:void(0);\">[Kattintson az emailc\u00edmhez]<\/a><\/td> <td style=\"text-align: center;\" width=\"378\"><strong>A poszt-harveszt peszticidek jelenl\u00e9t\u00e9nek hat\u00e1sa a k\u00e9sz\u00e9tel, vagy -ital k\u00e9miai biztons\u00e1g\u00e1ra<\/strong><\/td> <td style=\"text-align: center;\" width=\"158\"><strong>FOGLALT<\/strong><\/td> <\/tr> <tr> <td style=\"text-align: center;\" width=\"162\"><strong>Dr. L\u00e1nyi Katalin<\/strong><\/td> <td style=\"text-align: center;\" width=\"222\"><strong><a class=\"decrypt\" rel=\"mbozj\/lbubmjoAvojwfu\/iv\" href=\"javascript:void(0);\">[Kattintson az emailc\u00edmhez]<\/a><\/strong><\/td> <td style=\"text-align: center;\" width=\"378\"><strong>Antibiotikum reziduumok sorsa \u00e9s hat\u00e1sa kecskesajt k\u00e9sz\u00edt\u00e9s sor\u00e1n<\/strong><\/td> <td style=\"text-align: center;\" width=\"158\"><strong>FOGLALT<\/strong><\/td> <\/tr> <tr> <td style=\"text-align: center;\" width=\"162\"> <p><strong>Dr. L\u00e1nyi Katalin<\/strong><\/p> <p><strong>Dr. Pleva D\u00e1niel<\/strong><\/td> <td style=\"text-align: center;\" width=\"222\"> <p><strong><a class=\"decrypt\" rel=\"mbozj\/lbubmjoAvojwfu\/iv\" href=\"javascript:void(0);\">[Kattintson az emailc\u00edmhez]<\/a><\/strong><\/p> <p><a class=\"decrypt\" rel=\"qmfwb\/ebojfmAvojwfu\/iv\" href=\"javascript:void(0);\">[Kattintson az emailc\u00edmhez]<\/a><\/td> <td style=\"text-align: center;\" width=\"378\"><strong>R\u00e1kkelt\u0151 heterociklusos aminok keletkez\u00e9se kacsah\u00fasban grillez\u00e9s sor\u00e1n<\/strong><\/td> <td style=\"text-align: center;\" width=\"158\"><strong>FOGLALT<\/strong><\/td> <\/tr> <tr> <td style=\"text-align: center;\" width=\"162\"><strong>Dr. Darnay L\u00edvia<\/strong><\/td> <td style=\"text-align: center;\" width=\"222\"><a class=\"decrypt\" rel=\"ebsobz\/mjwjbAvojwfu\/iv\" href=\"javascript:void(0);\">[Kattintson az emailc\u00edmhez]<\/a><\/td> <td style=\"text-align: center;\" width=\"378\"><strong>A mikrobi\u00e1lis transzglutamin\u00e1z enzim szerepe k\u00fcl\u00f6nb\u00f6z\u0151 tevetejb\u0151l k\u00e9sz\u00fcl\u0151 f\u00e9lkem\u00e9ny sajtok min\u0151s\u00e9g\u00e9re<\/strong><\/td> <td style=\"text-align: center;\" width=\"158\"><strong>FOGLALT<\/strong><\/td> <\/tr> <tr> <td style=\"text-align: center;\"><strong>Dr. Lehel J\u00f3zsef\u00a0<\/strong><\/td> <td style=\"text-align: center;\"><strong><a class=\"decrypt\" rel=\"mfifm\/kp{tfgAvojwfu\/iv\" href=\"javascript:void(0);\">[Kattintson az emailc\u00edmhez]<\/a>\u00a0<\/strong><\/td> <td style=\"text-align: center;\"><strong>Potenci\u00e1lisan toxikus f\u00e9mek \u00e9lelmiszer-biztons\u00e1gi \u00e9rt\u00e9kel\u00e9se lazacfajokban<\/strong><\/td> <td style=\"text-align: center;\"><strong>FOGLALT\u00a0<\/strong><\/td> <\/tr> <tr> <td style=\"text-align: center;\"><strong>Dr. Lehel J\u00f3zsef\u00a0<\/strong><\/td> <td style=\"text-align: center;\"><strong><a class=\"decrypt\" rel=\"mfifm\/kp{tfgAvojwfu\/iv\" href=\"javascript:void(0);\">[Kattintson az emailc\u00edmhez]<\/a>\u00a0<\/strong><\/td> <td style=\"text-align: center;\"><strong>Potenci\u00e1lisan toxikus vegy\u00fcletek tengergy\u00fcm\u00f6lcseiben &#8211; \u00e9lelmiszer-biztons\u00e1gi vesz\u00e9lyek a fogyaszt\u00f3ra<\/strong><\/td> <td style=\"text-align: center;\"><strong>FOGLALT\u00a0\u00a0<\/strong><\/td> <\/tr> <\/tbody> <\/table> <p>&nbsp;<\/p>","protected":false},"excerpt":{"rendered":"<p>T\u00e9mavezet\u0151 El\u00e9rhet\u0151s\u00e9g T\u00e9ma c\u00edme Szabad \/ foglalt Dr. Lehel J\u00f3zsef [Kattintson az emailc\u00edmhez] Zebrad\u00e1ni\u00f3n kialak\u00edtott gyullad\u00e1sos modellek alkalmaz\u00e1si lehet\u0151s\u00e9gei toxikol\u00f3giai vizsg\u00e1latokban FOGLALT Dr. L\u00e1nyi Katalin Dr. Buz\u00e1s Anna [Kattintson az emailc\u00edmhez] [Kattintson az emailc\u00edmhez] A poszt-harveszt peszticidek jelenl\u00e9t\u00e9nek hat\u00e1sa a k\u00e9sz\u00e9tel, vagy -ital k\u00e9miai biztons\u00e1g\u00e1ra FOGLALT Dr. L\u00e1nyi Katalin [Kattintson az emailc\u00edmhez] Antibiotikum reziduumok sorsa<\/p>\n","protected":false},"author":3837,"featured_media":0,"parent":3319,"menu_order":0,"comment_status":"closed","ping_status":"closed","template":"","meta":{"_acf_changed":false,"footnotes":""},"categories":[],"tags":[],"class_list":["post-16117","page","type-page","status-publish","hentry"],"acf":[],"_links":{"self":[{"href":"https:\/\/univet.hu\/hu\/wp-json\/wp\/v2\/pages\/16117","targetHints":{"allow":["GET"]}}],"collection":[{"href":"https:\/\/univet.hu\/hu\/wp-json\/wp\/v2\/pages"}],"about":[{"href":"https:\/\/univet.hu\/hu\/wp-json\/wp\/v2\/types\/page"}],"author":[{"embeddable":true,"href":"https:\/\/univet.hu\/hu\/wp-json\/wp\/v2\/users\/3837"}],"replies":[{"embeddable":true,"href":"https:\/\/univet.hu\/hu\/wp-json\/wp\/v2\/comments?post=16117"}],"version-history":[{"count":0,"href":"https:\/\/univet.hu\/hu\/wp-json\/wp\/v2\/pages\/16117\/revisions"}],"up":[{"embeddable":true,"href":"https:\/\/univet.hu\/hu\/wp-json\/wp\/v2\/pages\/3319"}],"wp:attachment":[{"href":"https:\/\/univet.hu\/hu\/wp-json\/wp\/v2\/media?parent=16117"}],"wp:term":[{"taxonomy":"category","embeddable":true,"href":"https:\/\/univet.hu\/hu\/wp-json\/wp\/v2\/categories?post=16117"},{"taxonomy":"post_tag","embeddable":true,"href":"https:\/\/univet.hu\/hu\/wp-json\/wp\/v2\/tags?post=16117"}],"curies":[{"name":"wp","href":"https:\/\/api.w.org\/{rel}","templated":true}]}}