{"id":16126,"date":"1970-01-01T01:00:00","date_gmt":"1970-01-01T00:00:00","guid":{"rendered":"http:\/\/univet.hu\/egyetem\/szervezeti-egysegek\/jarvanytani-es-mikrobiologiai-tanszek\/kutatocsoportok\/bakteriologia\/"},"modified":"2020-11-24T12:32:09","modified_gmt":"2020-11-24T11:32:09","slug":"bakteriologia","status":"publish","type":"page","link":"https:\/\/univet.hu\/hu\/egyetem\/szervezeti-egysegek\/jarvanytani-es-mikrobiologiai-tanszek\/kutatocsoportok\/bakteriologia\/","title":{"rendered":"Bakteriol\u00f3gia"},"content":{"rendered":"<p><strong>Bakteriol\u00f3gia<\/strong><\/p> <p><strong>KUTAT\u00d3CSOPORT-VEZET\u0150:\u00a0<\/strong>Dr. Fodor L\u00e1szl\u00f3, egyetemi tan\u00e1r<\/p> <p><strong>EL\u00c9RHET\u0150S\u00c9G:\u00a0<\/strong>[E-mail megjelen\u00edt\u00e9se]<\/p> <p><strong>A KUTAT\u00d3CSOPORTBAN DOLGOZ\u00d3K SZ\u00c1MA:<\/strong><br \/> Egyetemi tan\u00e1r: 2 f\u0151<br \/> Egyetemi docens: 1 f\u0151<br \/> Egyetemi tan\u00e1rseg\u00e9d: 2 f\u0151<br \/> Asszisztens: 2 f\u0151<br \/> PhD hallgat\u00f3: 2 f\u0151<\/p> <p><strong>KUTAT\u00c1SI TER\u00dcLETEK:<\/strong><\/p> <p>K\u00f3rokoz\u00f3 bakt\u00e9riumok \u00e1llatokban, K\u00f3rokoz\u00f3 gomb\u00e1k \u00e1llatokban, Zoon\u00f3zisok, \u00c1llatorvosi bakteriol\u00f3gia, H\u00e1zi\u00e1llatok fert\u0151z\u0151 betegs\u00e9gei, Bakteriol\u00f3giai diagnosztika, Diagnosztikai m\u00f3dszerek fejleszt\u00e9se, Gy\u00f3gyszer- \u00e9s vakcina fejleszt\u00e9s, \u00c1llom\u00e1nyspecifikus vakcin\u00e1k kifejleszt\u00e9se<\/p> <p><strong>SZAKMAI SZERVEZETI TAGS\u00c1G:<\/strong><br \/> Magyar Mikrobiol\u00f3giai T\u00e1rsas\u00e1g<br \/> Magyar Zoon\u00f3zis T\u00e1rsas\u00e1g<\/p> <p><strong>HOSSZ\u00daT\u00c1V\u00da EGY\u00dcTTM\u0170K\u00d6D\u00c9SEK:<\/strong><\/p> <p>E\u00f6tv\u00f6s Lor\u00e1nd Tudom\u00e1nyegyetem, Term\u00e9szettudom\u00e1nyi Kar<\/p> <p>Debreceni Egyetem, Orvosi Mikrobiol\u00f3giai Tansz\u00e9k<\/p> <p>ELKH Agr\u00e1rtudom\u00e1nyi Kutat\u00f3k\u00f6zpont, \u00c1llatorvos- tudom\u00e1nyi Int\u00e9zet<\/p> <p>Nemzeti \u00c9lelmiszerl\u00e1nc-biztons\u00e1gi Hivatal, \u00c1llateg\u00e9szs\u00e9g\u00fcgyi Diagnosztikai Igazgat\u00f3s\u00e1g<\/p> <p>Nemzeti N\u00e9peg\u00e9szs\u00e9g\u00fcgyi K\u00f6zpont<\/p> <p>Imperial College London, Department of Medicine, Section of Paediatrics<\/p> <p><strong>IG\u00c9NYELHET\u0150 SZOLG\u00c1LTAT\u00c1SOK:<\/strong><\/p> <p>bakteriol\u00f3giai diagnosztika<\/p> <p>telepspecifikus olt\u00f3anyagok kifejleszt\u00e9se \u00e9s el\u0151\u00e1ll\u00edt\u00e1sa<\/p> <p>vakcin\u00e1k \u00e9s antibakteri\u00e1lis szerek fejleszt\u00e9se, kipr\u00f3b\u00e1l\u00e1sa<\/p> <p>mentes\u00edt\u00e9si programok kidolgoz\u00e1sa<\/p> <p>bakt\u00e9riumizol\u00e1l\u00e1s<\/p> <p>polimer\u00e1z l\u00e1ncreakci\u00f3val t\u00f6rt\u00e9n\u0151 k\u00f3rokoz\u00f3k kimutat\u00e1sa (PCR m\u00f3dszerek)<\/p> <p>bakt\u00e9riumt\u00f6rzsek genetikai jellemz\u00e9se<\/p> <p><strong>P\u00c1LY\u00c1ZATOK:<\/strong><\/p> <table width=\"650\"> <tbody> <tr> <td>OTKA<\/td> <td>A Pasteurellaceae csal\u00e1dba tartoz\u00f3 egyes bakt\u00e9riumfajok \u00f6sszehasonl\u00edt\u00f3 vizsg\u00e1lata (2019)<\/td> <\/tr> <tr> <td>OTKA<\/td> <td>Hazai sert\u00e9s\u00e1llom\u00e1nyokb\u00f3l izol\u00e1lt <em>Actinobacillus pleuropneumoniae<\/em> t\u00f6rzsek jellemz\u00e9se (2015)<\/td> <\/tr> <tr> <td>OTKA<\/td> <td>\u00c1llatorvosi jelent\u0151s\u00e9g\u0171 Pasteurellaceae fajok antibiotikum \u00e9rz\u00e9kenys\u00e9g\u00e9nek \u00e9s az e m\u00f6g\u00f6tti genetikai h\u00e1tt\u00e9r vizsg\u00e1lata (2011)<\/td> <\/tr> <tr> <td>OTKA<\/td> <td>K\u00fcl\u00f6nb\u00f6z\u0151 eredet\u0171 Francisella t\u00f6rzsek \u00f6sszehasonl\u00edt\u00f3 vizsg\u00e1lata Magyarorsz\u00e1gon (2009)<\/td> <\/tr> <tr> <td>NKTH T\u00c9T<\/td> <td>\u00c1llati eredet\u0171 feh\u00e9rje termel\u00e9se (2008)<\/td> <\/tr> <tr> <td>OTKA<\/td> <td>A Pasteurellaceae csal\u00e1d egyes eml\u0151spatog\u00e9n fajainak \u00f6sszehasonl\u00edt\u00f3 vizsg\u00e1lata (2006)<\/td> <\/tr> <\/tbody> <\/table> <p><strong>MEGB\u00cdZ\u00c1SOK:<\/strong><br \/> Gy\u00f3gyszerk\u00e9sz\u00edtm\u00e9ny-gy\u00e1rt\u00f3 c\u00e9gek (2008-t\u00f3l), Mez\u0151gazdas\u00e1gi v\u00e1llalatok \u00e1llattart\u00f3 telepei (1970-t\u0151l)<\/p> <p>&nbsp;<\/p>","protected":false},"excerpt":{"rendered":"<p>Bakteriol\u00f3gia KUTAT\u00d3CSOPORT-VEZET\u0150:\u00a0Dr. Fodor L\u00e1szl\u00f3, egyetemi tan\u00e1r EL\u00c9RHET\u0150S\u00c9G:\u00a0[E-mail megjelen\u00edt\u00e9se] A KUTAT\u00d3CSOPORTBAN DOLGOZ\u00d3K SZ\u00c1MA: Egyetemi tan\u00e1r: 2 f\u0151 Egyetemi docens: 1 f\u0151 Egyetemi tan\u00e1rseg\u00e9d: 2 f\u0151 Asszisztens: 2 f\u0151 PhD hallgat\u00f3: 2 f\u0151 KUTAT\u00c1SI TER\u00dcLETEK: K\u00f3rokoz\u00f3 bakt\u00e9riumok \u00e1llatokban, K\u00f3rokoz\u00f3 gomb\u00e1k \u00e1llatokban, Zoon\u00f3zisok, \u00c1llatorvosi bakteriol\u00f3gia, H\u00e1zi\u00e1llatok fert\u0151z\u0151 betegs\u00e9gei, Bakteriol\u00f3giai diagnosztika, Diagnosztikai m\u00f3dszerek fejleszt\u00e9se, Gy\u00f3gyszer- \u00e9s vakcina fejleszt\u00e9s, \u00c1llom\u00e1nyspecifikus<\/p>\n","protected":false},"author":1,"featured_media":0,"parent":16125,"menu_order":0,"comment_status":"closed","ping_status":"closed","template":"","meta":{"_acf_changed":false,"footnotes":""},"categories":[],"tags":[],"class_list":["post-16126","page","type-page","status-publish","hentry"],"acf":[],"_links":{"self":[{"href":"https:\/\/univet.hu\/hu\/wp-json\/wp\/v2\/pages\/16126","targetHints":{"allow":["GET"]}}],"collection":[{"href":"https:\/\/univet.hu\/hu\/wp-json\/wp\/v2\/pages"}],"about":[{"href":"https:\/\/univet.hu\/hu\/wp-json\/wp\/v2\/types\/page"}],"author":[{"embeddable":true,"href":"https:\/\/univet.hu\/hu\/wp-json\/wp\/v2\/users\/1"}],"replies":[{"embeddable":true,"href":"https:\/\/univet.hu\/hu\/wp-json\/wp\/v2\/comments?post=16126"}],"version-history":[{"count":0,"href":"https:\/\/univet.hu\/hu\/wp-json\/wp\/v2\/pages\/16126\/revisions"}],"up":[{"embeddable":true,"href":"https:\/\/univet.hu\/hu\/wp-json\/wp\/v2\/pages\/16125"}],"wp:attachment":[{"href":"https:\/\/univet.hu\/hu\/wp-json\/wp\/v2\/media?parent=16126"}],"wp:term":[{"taxonomy":"category","embeddable":true,"href":"https:\/\/univet.hu\/hu\/wp-json\/wp\/v2\/categories?post=16126"},{"taxonomy":"post_tag","embeddable":true,"href":"https:\/\/univet.hu\/hu\/wp-json\/wp\/v2\/tags?post=16126"}],"curies":[{"name":"wp","href":"https:\/\/api.w.org\/{rel}","templated":true}]}}