{"id":16127,"date":"1970-01-01T01:00:00","date_gmt":"1970-01-01T00:00:00","guid":{"rendered":"http:\/\/univet.hu\/egyetem\/szervezeti-egysegek\/jarvanytani-es-mikrobiologiai-tanszek\/kutatocsoportok\/immunologia\/"},"modified":"2020-09-07T13:35:58","modified_gmt":"2020-09-07T11:35:58","slug":"immunologia","status":"publish","type":"page","link":"https:\/\/univet.hu\/hu\/egyetem\/szervezeti-egysegek\/jarvanytani-es-mikrobiologiai-tanszek\/kutatocsoportok\/immunologia\/","title":{"rendered":"Immunol\u00f3gia"},"content":{"rendered":"<p><strong>KUTAT\u00d3CSOPORT-VEZET\u0150:<\/strong>\u00a0Dr. L\u0151rincz M\u00e1rta, egyetemi adjunktus<\/p> <p><strong>EL\u00c9RHET\u0150S\u00c9G:<\/strong>\u00a0<a class=\"decrypt\" rel=\"mpsjod{\/nbsubAvojwfu\/iv\" href=\"javascript:void(0);\">[Kattintson az emailc\u00edmhez]<\/a><\/p> <p><strong>A KUTAT\u00d3CSOPORTBAN DOLGOZ\u00d3K SZ\u00c1MA:<\/strong><br \/> Egyetemi adjunktus: 1 f\u0151<br \/> \u00c1llatorvos: 1 f\u0151<br \/> Technikus: 1 f\u0151<br \/> PhD hallgat\u00f3: 2 f\u0151<\/p> <p>Szakdolgoz\u00f3: 6 f\u0151<\/p> <p><strong>KUTAT\u00c1SI TER\u00dcLETEK:<\/strong><\/p> <p><span style=\"color: #1a1a1a; font-size: 12pt;\">Circo- \u00e9s parvov\u00edrusok k\u00fcl\u00f6nb\u00f6z\u0151 \u00e1llatfajokban\u00a0<\/span><\/p> <p><span style=\"color: #1a1a1a; font-size: 12pt;\">Sert\u00e9s coronav\u00edrusok molekul\u00e1ris elemz\u00e9se<\/span><\/p> <p><span style=\"font-size: 12pt;\"><span style=\"color: #1a1a1a;\">Hepatitis E el\u0151fordul\u00e1sa \u00e9s evol\u00faci\u00f3ja \u00e1llatokban<\/span><\/span><\/p> <p><span style=\"font-size: 12pt;\">A cellul\u00e1ris immunv\u00e1lasz m\u00f3dos\u00edt\u00e1sa a hat\u00e9konyabb reakci\u00f3 kialak\u00edt\u00e1sa \u00e9rdek\u00e9ben<\/span><\/p> <p><span style=\"font-size: 12pt;\">A cink-oxid immunrendszerre gyakorolt hat\u00e1s\u00e1nak vizsg\u00e1lata <strong><\/p> <p><\/strong><\/span><\/p> <p>&nbsp;<\/p> <p><span style=\"font-size: 12pt;\"><strong>SZAKMAI SZERVEZETI TAGS\u00c1G:<\/strong><\/span><\/p> <p><span style=\"font-size: 12pt;\">Magyar Mikrobiol\u00f3giai T\u00e1rsas\u00e1g<\/span><\/p> <p><span style=\"font-size: 12pt;\">Magyar Zoon\u00f3zis T\u00e1rsas\u00e1g<\/span><\/p> <p><span style=\"font-size: 12pt;\"><strong>HOSSZ\u00daT\u00c1V\u00da EGY\u00dcTTM\u0170K\u00d6D\u00c9SEK:<\/strong><\/span><br \/> <span style=\"font-size: 12pt;\"> Mez\u0151gazdas\u00e1gi Biotechnol\u00f3giai Kutat\u00f3k\u00f6zpont<\/span><br \/> <span style=\"font-size: 12pt;\"> University of Guelph (Kanada)<\/span><br \/> <span style=\"font-size: 12pt;\"> Queen&#8217;s University of Belfast (\u00cdrorsz\u00e1g)<\/span><br \/> <span style=\"font-size: 12pt;\"> National Veterinary Research Institute (Lengyelorsz\u00e1g)<\/span><br \/> <span style=\"font-size: 12pt;\"> University of Agricultural Sciences and Veterinary Medicine (Rom\u00e1nia)<\/span><br \/> <span style=\"font-size: 12pt;\"> Kaposv\u00e1ri Egyetem<\/span><\/p> <p><strong>IG\u00c9NYELHET\u0150 SZOLG\u00c1LTAT\u00c1SOK:<\/strong><\/p> <p><span style=\"color: #1a1a1a;\"><span style=\"font-size: medium;\">Immunol\u00f3giai tesztek<br \/> Citokin-szint m\u00e9r\u00e9sek<br \/> Kvantitat\u00edv nukleinsav m\u00e9r\u00e9sek<br \/> V\u00edruskimutat\u00e1s<\/span><\/span><\/p> <p><strong>P\u00c1LY\u00c1ZATOK:<\/strong><\/p> <p><strong>\u00a0<\/strong><\/p> <table width=\"808\" cellspacing=\"0\" cellpadding=\"0\"> <colgroup> <col width=\"83\" \/> <col width=\"725\" \/> <\/colgroup> <tbody> <tr valign=\"top\"> <td width=\"83\"><span style=\"font-size: medium;\">IK-UK<\/span><\/td> <td width=\"725\"><span style=\"font-size: medium;\">T\u00e1rs\u00e1llatok autoimmun betegs\u00e9geinek el\u0151fordul\u00e1sa Magyarorsz\u00e1gon (2017)<\/span><\/td> <\/tr> <tr valign=\"top\"> <td width=\"83\"><span style=\"font-size: medium;\">IK-UK<\/span><\/td> <td width=\"725\"><span style=\"font-size: medium;\">Hepatitis E v\u00edrus el\u0151fordul\u00e1sa kuty\u00e1kban \u00e9s a v\u00edrus elszapor\u00edt\u00e1sa szerol\u00f3giai vizsg\u00e1latokhoz (2018)<\/span><\/td> <\/tr> <\/tbody> <\/table> <p>&nbsp;<\/p>","protected":false},"excerpt":{"rendered":"<p>KUTAT\u00d3CSOPORT-VEZET\u0150:\u00a0Dr. L\u0151rincz M\u00e1rta, egyetemi adjunktus EL\u00c9RHET\u0150S\u00c9G:\u00a0[Kattintson az emailc\u00edmhez] A KUTAT\u00d3CSOPORTBAN DOLGOZ\u00d3K SZ\u00c1MA: Egyetemi adjunktus: 1 f\u0151 \u00c1llatorvos: 1 f\u0151 Technikus: 1 f\u0151 PhD hallgat\u00f3: 2 f\u0151 Szakdolgoz\u00f3: 6 f\u0151 KUTAT\u00c1SI TER\u00dcLETEK: Circo- \u00e9s parvov\u00edrusok k\u00fcl\u00f6nb\u00f6z\u0151 \u00e1llatfajokban\u00a0 Sert\u00e9s coronav\u00edrusok molekul\u00e1ris elemz\u00e9se Hepatitis E el\u0151fordul\u00e1sa \u00e9s evol\u00faci\u00f3ja \u00e1llatokban A cellul\u00e1ris immunv\u00e1lasz m\u00f3dos\u00edt\u00e1sa a hat\u00e9konyabb reakci\u00f3 kialak\u00edt\u00e1sa \u00e9rdek\u00e9ben<\/p>\n","protected":false},"author":1,"featured_media":0,"parent":16125,"menu_order":0,"comment_status":"closed","ping_status":"closed","template":"","meta":{"_acf_changed":false,"footnotes":""},"categories":[],"tags":[],"class_list":["post-16127","page","type-page","status-publish","hentry"],"acf":[],"_links":{"self":[{"href":"https:\/\/univet.hu\/hu\/wp-json\/wp\/v2\/pages\/16127","targetHints":{"allow":["GET"]}}],"collection":[{"href":"https:\/\/univet.hu\/hu\/wp-json\/wp\/v2\/pages"}],"about":[{"href":"https:\/\/univet.hu\/hu\/wp-json\/wp\/v2\/types\/page"}],"author":[{"embeddable":true,"href":"https:\/\/univet.hu\/hu\/wp-json\/wp\/v2\/users\/1"}],"replies":[{"embeddable":true,"href":"https:\/\/univet.hu\/hu\/wp-json\/wp\/v2\/comments?post=16127"}],"version-history":[{"count":0,"href":"https:\/\/univet.hu\/hu\/wp-json\/wp\/v2\/pages\/16127\/revisions"}],"up":[{"embeddable":true,"href":"https:\/\/univet.hu\/hu\/wp-json\/wp\/v2\/pages\/16125"}],"wp:attachment":[{"href":"https:\/\/univet.hu\/hu\/wp-json\/wp\/v2\/media?parent=16127"}],"wp:term":[{"taxonomy":"category","embeddable":true,"href":"https:\/\/univet.hu\/hu\/wp-json\/wp\/v2\/categories?post=16127"},{"taxonomy":"post_tag","embeddable":true,"href":"https:\/\/univet.hu\/hu\/wp-json\/wp\/v2\/tags?post=16127"}],"curies":[{"name":"wp","href":"https:\/\/api.w.org\/{rel}","templated":true}]}}