{"id":16128,"date":"1970-01-01T01:00:00","date_gmt":"1970-01-01T00:00:00","guid":{"rendered":"http:\/\/univet.hu\/egyetem\/szervezeti-egysegek\/jarvanytani-es-mikrobiologiai-tanszek\/kutatocsoportok\/virologia\/"},"modified":"2020-09-01T10:19:12","modified_gmt":"2020-09-01T08:19:12","slug":"virologia","status":"publish","type":"page","link":"https:\/\/univet.hu\/hu\/egyetem\/szervezeti-egysegek\/jarvanytani-es-mikrobiologiai-tanszek\/kutatocsoportok\/virologia\/","title":{"rendered":"Virol\u00f3gia"},"content":{"rendered":"<div class=\"col-sm-7 col-md-8 col-lg-9 aote-content\"> <p><strong>KUTAT\u00d3CSOPORT-VEZET\u0150:<\/strong>\u00a0Dr. Forg\u00e1ch Petra, egyetemi adjunktus<\/p> <p><strong>EL\u00c9RHET\u0150S\u00c9G:<\/strong> <a class=\"decrypt\" rel=\"WjspmphzAvojwfu\/iv\" href=\"javascript:void(0);\">[Kattintson az emailc\u00edmhez]<\/a><\/p> <p><strong>A KUTAT\u00d3CSOPORTBAN DOLGOZ\u00d3K SZ\u00c1MA:<\/strong><br \/> Egyetemi adjunktus: 1 f\u0151<br \/> Egyetemi tan\u00e1rseg\u00e9d: 1 f\u0151<br \/> Laborat\u00f3riumi asszisztens: 2 f\u0151<\/p> <p><strong>KUTAT\u00c1SI TER\u00dcLETEK:<\/strong><br \/> Arthropod-borne k\u00f3rokoz\u00f3k \u00e1llatokban, Food-born v\u00edrusok \u00e1llatokban, K\u00f3rokoz\u00f3 v\u00edrusok \u00e1llatokban, Zoon\u00f3zisok, Virol\u00f3gia, Molekul\u00e1ris tervez\u00e9s, Molekul\u00e1ris evol\u00faci\u00f3, Molekul\u00e1ris markerek \u00e9s azonos\u00edt\u00e1suk, \u00c1llatorvosi virol\u00f3gia, H\u00e1zi\u00e1llatok fert\u0151z\u0151 betegs\u00e9gei, Virol\u00f3giai diagnosztika, Diagnosztikai m\u00f3dszerek fejleszt\u00e9se, \u00c1llom\u00e1ny-specifikus vakcin\u00e1k kifejleszt\u00e9se<\/p> <p><strong>SZAKMAI SZERVEZETI TAGS\u00c1G:<\/strong><br \/> Magyar Mikrobiol\u00f3giai T\u00e1rsas\u00e1g<br \/> Magyar Zoon\u00f3zis T\u00e1rsas\u00e1g<\/p> <p><strong>HOSSZ\u00daT\u00c1V\u00da EGY\u00dcTTM\u0170K\u00d6D\u00c9SEK:<\/strong><br \/> Mez\u0151gazdas\u00e1gi Szakigazgat\u00e1si Hivatal<br \/> E\u00f6tv\u00f6s Lor\u00e1nd Tudom\u00e1nyegyetem, Term\u00e9szettudom\u00e1nyi kar<br \/> MTA Agr\u00e1rtudom\u00e1nyi Kutat\u00f3k\u00f6zpont, \u00c1llatorvos-tudom\u00e1nyi Int\u00e9zet<br \/> MTA K\u00eds\u00e9rleti Orvostudom\u00e1nyi Kutat\u00f3int\u00e9zet<br \/> Orsz\u00e1gos Epidemiol\u00f3giai K\u00f6zpont<br \/> University of Veterinary Medicine Vienna (Ausztria)<br \/> The National Veterinary Institute &amp; The Swedish University of Agricultural Sciences, Departments of Virology (Sv\u00e9dorsz\u00e1g)<br \/> Utrecht University, Faculty of Veterinary Medicine (Hollandia)<br \/> Erasmus University Medical Center, Rotterdam (Hollandia)<\/p> <p><strong>IG\u00c9NYELHET\u0150 SZOLG\u00c1LTAT\u00c1SOK:<\/strong><br \/> virol\u00f3giai diagnosztika<br \/> mentes\u00edt\u00e9si programok kidolgoz\u00e1sa<\/p> <p><strong>P\u00c1LY\u00c1ZATOK:<\/strong><\/p> <table style=\"width: 585px;\" border=\"0\" cellspacing=\"0\" cellpadding=\"0\"> <tbody> <tr> <td>EU FP7<\/td> <td>Tanulm\u00e1nyok a veszetts\u00e9g patogenezis\u00e9nek megismer\u00e9s\u00e9re a t\u00fal\u00e9l\u00e9s es\u00e9lyeinek jav\u00edt\u00e1s\u00e1hoz, ASKLEPIOS (2013)<\/td> <\/tr> <tr> <td>EU FP7<\/td> <td>Vektorok okozta kock\u00e1zatok Eur\u00f3p\u00e1ban: A nyugat n\u00edlusi \u00e9s a Chikungunya v\u00edrus kock\u00e1zatelemz\u00e9se \u00e9s ellen\u0151rz\u00e9se, VECTORIE (2011)<\/td> <\/tr> <tr> <td>OTKA<\/td> <td>Vadon \u00e9l\u0151 madarak egyes v\u00edrusfert\u0151z\u00e9seinek vizsg\u00e1lata (2007)<\/td> <\/tr> <tr> <td>NKTH T\u00c9T<\/td> <td>A v\u00edrusfert\u0151z\u00e9sek hat\u00e1smechanizmusa \u00e9s jelent\u0151s\u00e9ge a m\u00e9zel\u0151 m\u00e9h (Apis mellifera) anyanevel\u00e9sben (2007)<\/td> <\/tr> <tr> <td>NKTH T\u00c9T<\/td> <td>Zoonotikus v\u00edrusok K\u00f6z\u00e9p-Eur\u00f3p\u00e1ban (2007)<\/td> <\/tr> <tr> <td>OTKA<\/td> <td>\u00c1llateg\u00e9szs\u00e9g\u00fcgyi \u00e9s k\u00f6zeg\u00e9szs\u00e9g\u00fcgyi jelent\u0151s\u00e9g\u0171 v\u00edrusok molekul\u00e1ris diagnosztik\u00e1ja \u00e9s filogenetikai anal\u00edzise (2005)<\/td> <\/tr> <\/tbody> <\/table> <p><strong>MEGB\u00cdZ\u00c1SOK:<\/strong><br \/> K\u00fcl\u00f6nf\u00e9le mez\u0151gazdas\u00e1gi v\u00e1llalatok \u00e1llattart\u00f3 telepei (1970-t\u0151l, aktu\u00e1lisan 10 gazdas\u00e1g)<\/p> <\/div>","protected":false},"excerpt":{"rendered":"<p>KUTAT\u00d3CSOPORT-VEZET\u0150:\u00a0Dr. Forg\u00e1ch Petra, egyetemi adjunktus EL\u00c9RHET\u0150S\u00c9G: [Kattintson az emailc\u00edmhez] A KUTAT\u00d3CSOPORTBAN DOLGOZ\u00d3K SZ\u00c1MA: Egyetemi adjunktus: 1 f\u0151 Egyetemi tan\u00e1rseg\u00e9d: 1 f\u0151 Laborat\u00f3riumi asszisztens: 2 f\u0151 KUTAT\u00c1SI TER\u00dcLETEK: Arthropod-borne k\u00f3rokoz\u00f3k \u00e1llatokban, Food-born v\u00edrusok \u00e1llatokban, K\u00f3rokoz\u00f3 v\u00edrusok \u00e1llatokban, Zoon\u00f3zisok, Virol\u00f3gia, Molekul\u00e1ris tervez\u00e9s, Molekul\u00e1ris evol\u00faci\u00f3, Molekul\u00e1ris markerek \u00e9s azonos\u00edt\u00e1suk, \u00c1llatorvosi virol\u00f3gia, H\u00e1zi\u00e1llatok fert\u0151z\u0151 betegs\u00e9gei, Virol\u00f3giai diagnosztika, Diagnosztikai m\u00f3dszerek<\/p>\n","protected":false},"author":1,"featured_media":0,"parent":16125,"menu_order":0,"comment_status":"closed","ping_status":"closed","template":"","meta":{"_acf_changed":false,"footnotes":""},"categories":[],"tags":[],"class_list":["post-16128","page","type-page","status-publish","hentry"],"acf":[],"_links":{"self":[{"href":"https:\/\/univet.hu\/hu\/wp-json\/wp\/v2\/pages\/16128","targetHints":{"allow":["GET"]}}],"collection":[{"href":"https:\/\/univet.hu\/hu\/wp-json\/wp\/v2\/pages"}],"about":[{"href":"https:\/\/univet.hu\/hu\/wp-json\/wp\/v2\/types\/page"}],"author":[{"embeddable":true,"href":"https:\/\/univet.hu\/hu\/wp-json\/wp\/v2\/users\/1"}],"replies":[{"embeddable":true,"href":"https:\/\/univet.hu\/hu\/wp-json\/wp\/v2\/comments?post=16128"}],"version-history":[{"count":0,"href":"https:\/\/univet.hu\/hu\/wp-json\/wp\/v2\/pages\/16128\/revisions"}],"up":[{"embeddable":true,"href":"https:\/\/univet.hu\/hu\/wp-json\/wp\/v2\/pages\/16125"}],"wp:attachment":[{"href":"https:\/\/univet.hu\/hu\/wp-json\/wp\/v2\/media?parent=16128"}],"wp:term":[{"taxonomy":"category","embeddable":true,"href":"https:\/\/univet.hu\/hu\/wp-json\/wp\/v2\/categories?post=16128"},{"taxonomy":"post_tag","embeddable":true,"href":"https:\/\/univet.hu\/hu\/wp-json\/wp\/v2\/tags?post=16128"}],"curies":[{"name":"wp","href":"https:\/\/api.w.org\/{rel}","templated":true}]}}