{"id":1613,"date":"2018-03-21T12:03:11","date_gmt":"2018-03-21T11:03:11","guid":{"rendered":"http:\/\/univet.hu\/egyetem\/konyvtar\/kapcsolat-2\/"},"modified":"2022-12-08T15:43:07","modified_gmt":"2022-12-08T14:43:07","slug":"kapcsolat-2","status":"publish","type":"page","link":"https:\/\/univet.hu\/hu\/kapcsolat-2\/","title":{"rendered":"Kapcsolat"},"content":{"rendered":"<p><strong>Lev\u00e9lt\u00e1ros:<\/strong> Boz\u00f3 Bence<\/p> <p><strong>C\u00edm:<\/strong>\u00a01078 Budapest, Istv\u00e1n u. 2.<\/p> <p><strong>K\u00f6zponti telefon\u00a0a k\u00f6nyvt\u00e1r titk\u00e1rs\u00e1g\u00e1ra:<\/strong>\u00a0+36 1 478 4226<\/p> <p><strong>Email:<\/strong> <a class=\"decrypt\" rel=\"cp{p\/cfodfAvojwfu\/iv\" href=\"javascript:void(0);\">[Kattintson az emailc\u00edmhez]<\/a><\/p> <p><strong>Nyitva tart\u00e1s:\u00a0<\/strong><\/p> <ul> <li>H\u00e9tf\u0151: 8.30-15.30<\/li> <li>Kedd: 8.30-15.30<\/li> <li>Szerda: 8.30-15.30<\/li> <li>Cs\u00fct\u00f6rt\u00f6k: 8.30-15.30<\/li> <li>P\u00e9ntek: 9.00-11.00<\/li> <\/ul> <p><strong>P\u00e1ly\u00e1zatok szakmai besz\u00e1mol\u00f3i:<\/strong><\/p> <ul> <li>Szakmai besz\u00e1mol\u00f3 A Szent Istv\u00e1n Egyetem \u00c1llatorvos-tudom\u00e1nyi Kar lev\u00e9lt\u00e1ra 13 pergamen oklevel\u00e9nek restaur\u00e1l\u00e1s\u00e1ra elnyert 204111\/03884 azonos\u00edt\u00f3 sz\u00e1m\u00fa p\u00e1ly\u00e1zatr\u00f3l<\/li> <li><a href=\"http:\/\/konyvtar.univet.hu\/wp-content\/uploads\/2017\/08\/szakbesz2.pdf\">A Szent Istv\u00e1n Egyetem \u00c1llatorvos-tudom\u00e1nyi Kar lev\u00e9lt\u00e1ra 11 pap\u00edr alap\u00fa oklevel\u00e9nek restaur\u00e1l\u00e1s\u00e1ra elnyert 3511\/03831 azonos\u00edt\u00f3 sz\u00e1m\u00fa p\u00e1ly\u00e1zatr\u00f3l<\/a><\/li> <\/ul> <p><strong>\u00c9ves besz\u00e1mol\u00f3k:<\/strong><\/p> <p>A Lev\u00e9lt\u00e1r munk\u00e1j\u00e1t is \u00f6sszefoglal\u00f3 int\u00e9zm\u00e9nyi \u00e9ves besz\u00e1mol\u00f3k az Egyetem intranetj\u00e9n tal\u00e1lhat\u00f3k.<\/p> <p><strong>Jogszab\u00e1lyok:<\/strong><\/p> <ul> <li><a href=\"http:\/\/www.complex.hu\/jr\/gen\/hjegy_doc.cgi?docid=99500066.TV\" target=\"_blank\" rel=\"noopener\">1995. \u00e9vi LXVI. t\u00f6rv\u00e9ny a k\u00f6ziratokr\u00f3l, a k\u00f6zlev\u00e9lt\u00e1rakr\u00f3l \u00e9s a mag\u00e1nlev\u00e9lt\u00e1ri anyag v\u00e9delm\u00e9r\u0151l<\/a><\/li> <li><a href=\"http:\/\/www.complex.hu\/jr\/gen\/hjegy_doc.cgi?docid=A0200010.NKM\" target=\"_blank\" rel=\"noopener\">10\/2002. (IV. 13.) NK\u00d6M rendelet a k\u00f6zlev\u00e9lt\u00e1rak \u00e9s a nyilv\u00e1nos mag\u00e1nlev\u00e9lt\u00e1rak tev\u00e9kenys\u00e9g\u00e9vel \u00f6sszef\u00fcgg\u0151 szakmai k\u00f6vetelm\u00e9nyekr\u0151l<\/a><\/li> <li><a href=\"http:\/\/net.jogtar.hu\/jr\/gen\/hjegy_doc.cgi?docid=A1100112.TV\" target=\"_blank\" rel=\"noopener\">2011. \u00e9vi CXII. t\u00f6rv\u00e9ny az inform\u00e1ci\u00f3s \u00f6nrendelkez\u00e9si jogr\u00f3l \u00e9s az inform\u00e1ci\u00f3szabads\u00e1gr\u00f3l<\/a><\/li> <\/ul>","protected":false},"excerpt":{"rendered":"<p>Lev\u00e9lt\u00e1ros: Boz\u00f3 Bence C\u00edm:\u00a01078 Budapest, Istv\u00e1n u. 2. K\u00f6zponti telefon\u00a0a k\u00f6nyvt\u00e1r titk\u00e1rs\u00e1g\u00e1ra:\u00a0+36 1 478 4226 Email: [Kattintson az emailc\u00edmhez] Nyitva tart\u00e1s:\u00a0 H\u00e9tf\u0151: 8.30-15.30 Kedd: 8.30-15.30 Szerda: 8.30-15.30 Cs\u00fct\u00f6rt\u00f6k: 8.30-15.30 P\u00e9ntek: 9.00-11.00 P\u00e1ly\u00e1zatok szakmai besz\u00e1mol\u00f3i: Szakmai besz\u00e1mol\u00f3 A Szent Istv\u00e1n Egyetem \u00c1llatorvos-tudom\u00e1nyi Kar lev\u00e9lt\u00e1ra 13 pergamen oklevel\u00e9nek restaur\u00e1l\u00e1s\u00e1ra elnyert 204111\/03884 azonos\u00edt\u00f3 sz\u00e1m\u00fa p\u00e1ly\u00e1zatr\u00f3l A Szent Istv\u00e1n<\/p>\n","protected":false},"author":1,"featured_media":0,"parent":0,"menu_order":154,"comment_status":"closed","ping_status":"closed","template":"","meta":{"_acf_changed":false,"footnotes":""},"categories":[],"tags":[],"class_list":["post-1613","page","type-page","status-publish","hentry"],"acf":[],"_links":{"self":[{"href":"https:\/\/univet.hu\/hu\/wp-json\/wp\/v2\/pages\/1613","targetHints":{"allow":["GET"]}}],"collection":[{"href":"https:\/\/univet.hu\/hu\/wp-json\/wp\/v2\/pages"}],"about":[{"href":"https:\/\/univet.hu\/hu\/wp-json\/wp\/v2\/types\/page"}],"author":[{"embeddable":true,"href":"https:\/\/univet.hu\/hu\/wp-json\/wp\/v2\/users\/1"}],"replies":[{"embeddable":true,"href":"https:\/\/univet.hu\/hu\/wp-json\/wp\/v2\/comments?post=1613"}],"version-history":[{"count":0,"href":"https:\/\/univet.hu\/hu\/wp-json\/wp\/v2\/pages\/1613\/revisions"}],"wp:attachment":[{"href":"https:\/\/univet.hu\/hu\/wp-json\/wp\/v2\/media?parent=1613"}],"wp:term":[{"taxonomy":"category","embeddable":true,"href":"https:\/\/univet.hu\/hu\/wp-json\/wp\/v2\/categories?post=1613"},{"taxonomy":"post_tag","embeddable":true,"href":"https:\/\/univet.hu\/hu\/wp-json\/wp\/v2\/tags?post=1613"}],"curies":[{"name":"wp","href":"https:\/\/api.w.org\/{rel}","templated":true}]}}