{"id":16134,"date":"1970-01-01T01:00:00","date_gmt":"1970-01-01T00:00:00","guid":{"rendered":"http:\/\/univet.hu\/egyetem\/szervezeti-egysegek\/szuleszeti-es-szaporodasbiologiai-tanszek-es-klinika\/oktatas\/"},"modified":"2026-03-30T10:24:19","modified_gmt":"2026-03-30T08:24:19","slug":"oktatas","status":"publish","type":"page","link":"https:\/\/univet.hu\/hu\/egyetem\/szervezeti-egysegek\/szuleszeti-es-szaporodasbiologiai-tanszek-es-klinika\/oktatas\/","title":{"rendered":"Oktat\u00e1s"},"content":{"rendered":"<p><strong>K\u00f6telez\u0151 t\u00e1rgyak:<\/strong><\/p> <ul> <li><a href=\"https:\/\/univet.hu\/hu\/oktatas\/kurzusok\/haszonallat-gyogyaszat-1\/\">Haszon\u00e1llat-gy\u00f3gy\u00e1szat 1.<\/a><\/li> <li><a href=\"https:\/\/univet.hu\/hu\/oktatas\/kurzusok\/haszonallat-gyogyaszat-2\/\">Haszon\u00e1llat-gy\u00f3gy\u00e1szat 2.<\/a><\/li> <li><a href=\"https:\/\/univet.hu\/hu\/oktatas\/kurzusok\/haszonallat-gyogyaszat-3\/\">Haszon\u00e1llat-gy\u00f3gy\u00e1szat 3.<\/a><\/li> <li><a href=\"https:\/\/univet.hu\/hu\/oktatas\/kurzusok\/szaporodasbiologia-es-biotechnologia-1\/\">Szaporod\u00e1sbiol\u00f3gia \u00e9s biotechnol\u00f3gia 1.<\/a><\/li> <li><a href=\"https:\/\/univet.hu\/hu\/oktatas\/kurzusok\/szaporodasbiologia-es-biotechnologia-2\/\">Szaporod\u00e1sbiol\u00f3gia \u00e9s biotechnol\u00f3gia 2.<\/a><\/li> <li><a href=\"https:\/\/univet.hu\/hu\/oktatas\/kurzusok\/szaporodasbiologia-es-biotechnologia-3\/\">Szaporod\u00e1sbiol\u00f3gia \u00e9s biotechnol\u00f3gia 3.<\/a><\/li> <li><a href=\"https:\/\/univet.hu\/hu\/oktatas\/kurzusok\/szaporodasbiologia-biotechnologia-es-szintetikus-biologia\/\">Biol\u00f3gus MSc: Szaporod\u00e1sbiol\u00f3gia, biotechnol\u00f3gia \u00e9s szintetikus biol\u00f3gia<\/a><\/li> <\/ul> <p>&nbsp;<\/p> <p><strong>Fakultat\u00edv t\u00e1rgyak:<\/strong><\/p> <ul> <li><a title=\"Androl\u00f3gia \u00e9s assziszt\u00e1lt reprodukci\u00f3\" href=\"https:\/\/univet.hu\/hu\/hallgato\/kurzusok\/andrologia-es-asszisztalt-reprodukcio\" data-replaced=\"true\">Androl\u00f3gia \u00e9s assziszt\u00e1lt reprodukci\u00f3<\/a><\/li> <li><a title=\"Klinikai endokrinol\u00f3gia\" href=\"https:\/\/univet.hu\/hu\/hallgato\/kurzusok\/klinikai-endokrinologia\" data-replaced=\"true\">Klinikai endokrinol\u00f3gia<\/a><\/li> <li><a href=\"https:\/\/univet.hu\/hu\/oktatas\/kurzusok\/allatorvosi-neonatologia\/\">\u00c1llatorvosi neonatol\u00f3gia<\/a><\/li> <li><a href=\"https:\/\/univet.hu\/hu\/oktatas\/kurzusok\/hajlamosito-tenyezok-hatasai-a-szarvasmarha-peripartalis-idoszakaban\/\">Hajlamos\u00edt\u00f3 t\u00e9nyez\u0151k hat\u00e1sai a szarvasmarha peripart\u00e1lis id\u0151szak\u00e1ban<\/a><\/li> <li><a href=\"https:\/\/univet.hu\/hu\/oktatas\/kurzusok\/precizios-digitalis-eljarasok-a-tej-es-hushasznu-teheneszetekben\/\">Prec\u00edzi\u00f3s digit\u00e1lis elj\u00e1r\u00e1sok a tej-\u00e9s h\u00fashaszn\u00fa tehen\u00e9szetekben<\/a><\/li> <li><a href=\"https:\/\/univet.hu\/hu\/oktatas\/kurzusok\/szaporodasbiologia-es-asszisztalt-reprodukcios-technikak-nem-haziasitott-allatfajokban\/\">Szaporod\u00e1sbiol\u00f3gia \u00e9s assziszt\u00e1lt reprodukci\u00f3s technik\u00e1k nem h\u00e1zias\u00edtott \u00e1llatfajokban<\/a><\/li> <\/ul> <p>&nbsp;<\/p> <p><strong>Aj\u00e1nlott irodalom:<\/strong><\/p> <ul> <li>H\u00e1zi eml\u0151s\u00e1llatok szaporod\u00e1sa (Szerk. Solti L.) Kiad\u00f3: M\u00c1OK Kft, Budapest, 2022<\/li> <li>Cseh S\u00e1ndor: \u00c1llatorvosi androl\u00f3gia, \u00c1llatorvostudom\u00e1nyi Egyetem, Budapest, 2020<\/li> <li>P.L. Senger: Pathways to pregnancy and parturition 3rd edition, Pullman: Current Conceptions Inc. 2014<\/li> <li>Haraszti J., Z\u00f6ld\u00e1g L. (szerk.): A h\u00e1zi\u00e1llatok sz\u00fcl\u00e9szete \u00e9s szaporod\u00e1sbiol\u00f3gi\u00e1ja (2. kiad\u00e1s). Mez\u0151gazd. Kiad\u00f3, Budapest, 1993.<\/li> <li>Shirley D Johnston, Margaret V. Root Kustritz, Patricia N. S. Olson: Canine and Feline Theriogenology. Saunders Elsevier, Philadelphia, 2001.<\/li> <li>Mauricio H. Pineda and Michael P. Dooly (eds): McDonald\u2019s Veterinary Endocrinology and Reproduction. 5th edition, Iowa State Press A Blackwell Publishing Company, 2003.<\/li> <li>Robert S. Youngquist and Walter R. Threlfall (eds): Current Therapy in Large Animal Theriogenology. 2nd edition, Saunders Elsevier, St. Louis, Missouri, 2007.<\/li> <li>David E. Noakes, Timothy J. Parkinson and Gary C.W. England (eds): Veterinary Reproduction and Obstetrics. 9th edition, Saunders Elsevier, London, 2009.<\/li> <li>Gary England, Angelika von Heimendahl: BSAVA Manual of Canine and Feline Reproduction and Neonatology. 2nd edition, British Small Animal Vererinary Association, Gloucester, 2010.<\/li> <li>D.E. Noakes, Timothy J. Parkinson and Gary C.W. England (eds):Veterinary Reproduction and Obstetrics. 10th edition, Saunders Elsevier, London, 2019.<\/li> <\/ul> <p>&nbsp;<\/p> <h3><a href=\"https:\/\/univet.hu\/wp-content\/uploads\/2026\/03\/fogadoorak-2026tav-magyar.pdf\"><strong>Tansz\u00e9ki fogad\u00f3\u00f3r\u00e1k<\/strong><\/a><\/h3> <p><em>K\u00e9rj\u00fck, el\u0151z\u0151leg e-mailen jelentkezzenek be.<\/em><\/p>","protected":false},"excerpt":{"rendered":"<p>K\u00f6telez\u0151 t\u00e1rgyak: Haszon\u00e1llat-gy\u00f3gy\u00e1szat 1. Haszon\u00e1llat-gy\u00f3gy\u00e1szat 2. Haszon\u00e1llat-gy\u00f3gy\u00e1szat 3. Szaporod\u00e1sbiol\u00f3gia \u00e9s biotechnol\u00f3gia 1. Szaporod\u00e1sbiol\u00f3gia \u00e9s biotechnol\u00f3gia 2. Szaporod\u00e1sbiol\u00f3gia \u00e9s biotechnol\u00f3gia 3. Biol\u00f3gus MSc: Szaporod\u00e1sbiol\u00f3gia, biotechnol\u00f3gia \u00e9s szintetikus biol\u00f3gia &nbsp; Fakultat\u00edv t\u00e1rgyak: Androl\u00f3gia \u00e9s assziszt\u00e1lt reprodukci\u00f3 Klinikai endokrinol\u00f3gia \u00c1llatorvosi neonatol\u00f3gia Hajlamos\u00edt\u00f3 t\u00e9nyez\u0151k hat\u00e1sai a szarvasmarha peripart\u00e1lis id\u0151szak\u00e1ban Prec\u00edzi\u00f3s digit\u00e1lis elj\u00e1r\u00e1sok a tej-\u00e9s h\u00fashaszn\u00fa tehen\u00e9szetekben Szaporod\u00e1sbiol\u00f3gia \u00e9s assziszt\u00e1lt<\/p>\n","protected":false},"author":3837,"featured_media":0,"parent":3382,"menu_order":0,"comment_status":"closed","ping_status":"closed","template":"","meta":{"_acf_changed":false,"footnotes":""},"categories":[],"tags":[],"class_list":["post-16134","page","type-page","status-publish","hentry"],"acf":[],"_links":{"self":[{"href":"https:\/\/univet.hu\/hu\/wp-json\/wp\/v2\/pages\/16134","targetHints":{"allow":["GET"]}}],"collection":[{"href":"https:\/\/univet.hu\/hu\/wp-json\/wp\/v2\/pages"}],"about":[{"href":"https:\/\/univet.hu\/hu\/wp-json\/wp\/v2\/types\/page"}],"author":[{"embeddable":true,"href":"https:\/\/univet.hu\/hu\/wp-json\/wp\/v2\/users\/3837"}],"replies":[{"embeddable":true,"href":"https:\/\/univet.hu\/hu\/wp-json\/wp\/v2\/comments?post=16134"}],"version-history":[{"count":2,"href":"https:\/\/univet.hu\/hu\/wp-json\/wp\/v2\/pages\/16134\/revisions"}],"predecessor-version":[{"id":204481,"href":"https:\/\/univet.hu\/hu\/wp-json\/wp\/v2\/pages\/16134\/revisions\/204481"}],"up":[{"embeddable":true,"href":"https:\/\/univet.hu\/hu\/wp-json\/wp\/v2\/pages\/3382"}],"wp:attachment":[{"href":"https:\/\/univet.hu\/hu\/wp-json\/wp\/v2\/media?parent=16134"}],"wp:term":[{"taxonomy":"category","embeddable":true,"href":"https:\/\/univet.hu\/hu\/wp-json\/wp\/v2\/categories?post=16134"},{"taxonomy":"post_tag","embeddable":true,"href":"https:\/\/univet.hu\/hu\/wp-json\/wp\/v2\/tags?post=16134"}],"curies":[{"name":"wp","href":"https:\/\/api.w.org\/{rel}","templated":true}]}}