{"id":16135,"date":"1970-01-01T01:00:00","date_gmt":"1970-01-01T00:00:00","guid":{"rendered":"http:\/\/univet.hu\/egyetem\/szervezeti-egysegek\/szuleszeti-es-szaporodasbiologiai-tanszek-es-klinika\/oktatas\/oktatasi-tajekoztatok\/"},"modified":"2025-09-09T11:16:26","modified_gmt":"2025-09-09T09:16:26","slug":"oktatasi-tajekoztatok","status":"publish","type":"page","link":"https:\/\/univet.hu\/hu\/egyetem\/szervezeti-egysegek\/szuleszeti-es-szaporodasbiologiai-tanszek-es-klinika\/oktatas\/oktatasi-tajekoztatok\/","title":{"rendered":"Oktat\u00e1ssal kapcsolatos inform\u00e1ci\u00f3k"},"content":{"rendered":"<p><a href=\"https:\/\/univet.hu\/wp-content\/uploads\/2025\/09\/Gyakorlati-vizsga-2024.pdf\">Gyakorlati vizsga t\u00e9telek- kis\u00e1llat sz\u00fcl\u00e9szet 2024<\/a><\/p> <p><a href=\"https:\/\/univet.hu\/wp-content\/uploads\/2022\/09\/Haszonallat_tetelsor_2022.docx\">Haszon\u00e1llat-gy\u00f3gy\u00e1szat szigorlati t\u00e9telsor<\/a><\/p> <p><a href=\"https:\/\/univet.hu\/wp-content\/uploads\/2023\/02\/k\u00f6vrendsz-magyar-2023-tavasz.pdf\">K\u00f6vetelm\u00e9nyrendszer Szaporod\u00e1sbiol\u00f3gia \u00e9s biotechnol\u00f3gia<\/a><\/p> <p><a href=\"https:\/\/univet.hu\/wp-content\/uploads\/2021\/09\/k\u00f6vrendsz_haszonallat_magyar_2021osz.pdf\">K\u00f6vetelm\u00e9nyrendszer Haszon\u00e1llatgy\u00f3gy\u00e1szat<\/a><\/p> <p><a href=\"https:\/\/univet.hu\/wp-content\/uploads\/2021\/09\/szakdolg-megallapodas-2021osz.pdf\">Szakdolgozat\/ TDK Meg\u00e1llapod\u00e1s<\/a><span style=\"font-size: 14.0pt;line-height: 150%\">\u00a0<\/span><\/p> <p><a href=\"https:\/\/univet.hu\/hu\/oktatas\/kurzusok\/nyari-orvoslasi-gyakorlat\/\">Ny\u00e1ri orvosl\u00e1si gyakorlat kurzus honlapja<\/a><\/p> <p><a href=\"https:\/\/univet.hu\/files\/subpages\/310\/files\/Higi%C3%A9ni%C3%A1s%20protokoll.pdf\" data-replaced=\"true\">Higi\u00e9n\u00e9s protokoll a kis\u00e1llatklinik\u00e1n<\/a><\/p> <p>&nbsp;<\/p> <p>&nbsp;<\/p>","protected":false},"excerpt":{"rendered":"<p>Gyakorlati vizsga t\u00e9telek- kis\u00e1llat sz\u00fcl\u00e9szet 2024 Haszon\u00e1llat-gy\u00f3gy\u00e1szat szigorlati t\u00e9telsor K\u00f6vetelm\u00e9nyrendszer Szaporod\u00e1sbiol\u00f3gia \u00e9s biotechnol\u00f3gia K\u00f6vetelm\u00e9nyrendszer Haszon\u00e1llatgy\u00f3gy\u00e1szat Szakdolgozat\/ TDK Meg\u00e1llapod\u00e1s\u00a0 Ny\u00e1ri orvosl\u00e1si gyakorlat kurzus honlapja Higi\u00e9n\u00e9s protokoll a kis\u00e1llatklinik\u00e1n &nbsp; &nbsp;<\/p>\n","protected":false},"author":3837,"featured_media":0,"parent":16134,"menu_order":0,"comment_status":"closed","ping_status":"closed","template":"","meta":{"_acf_changed":false,"footnotes":""},"categories":[],"tags":[],"class_list":["post-16135","page","type-page","status-publish","hentry"],"acf":[],"_links":{"self":[{"href":"https:\/\/univet.hu\/hu\/wp-json\/wp\/v2\/pages\/16135","targetHints":{"allow":["GET"]}}],"collection":[{"href":"https:\/\/univet.hu\/hu\/wp-json\/wp\/v2\/pages"}],"about":[{"href":"https:\/\/univet.hu\/hu\/wp-json\/wp\/v2\/types\/page"}],"author":[{"embeddable":true,"href":"https:\/\/univet.hu\/hu\/wp-json\/wp\/v2\/users\/3837"}],"replies":[{"embeddable":true,"href":"https:\/\/univet.hu\/hu\/wp-json\/wp\/v2\/comments?post=16135"}],"version-history":[{"count":2,"href":"https:\/\/univet.hu\/hu\/wp-json\/wp\/v2\/pages\/16135\/revisions"}],"predecessor-version":[{"id":190320,"href":"https:\/\/univet.hu\/hu\/wp-json\/wp\/v2\/pages\/16135\/revisions\/190320"}],"up":[{"embeddable":true,"href":"https:\/\/univet.hu\/hu\/wp-json\/wp\/v2\/pages\/16134"}],"wp:attachment":[{"href":"https:\/\/univet.hu\/hu\/wp-json\/wp\/v2\/media?parent=16135"}],"wp:term":[{"taxonomy":"category","embeddable":true,"href":"https:\/\/univet.hu\/hu\/wp-json\/wp\/v2\/categories?post=16135"},{"taxonomy":"post_tag","embeddable":true,"href":"https:\/\/univet.hu\/hu\/wp-json\/wp\/v2\/tags?post=16135"}],"curies":[{"name":"wp","href":"https:\/\/api.w.org\/{rel}","templated":true}]}}