{"id":16139,"date":"1970-01-01T01:00:00","date_gmt":"1970-01-01T00:00:00","guid":{"rendered":"http:\/\/univet.hu\/egyetem\/szervezeti-egysegek\/szuleszeti-es-szaporodasbiologiai-tanszek-es-klinika\/oktatas\/vendegeloadok\/dr-foldi-jozsef\/"},"modified":"1970-01-01T01:00:00","modified_gmt":"1970-01-01T00:00:00","slug":"dr-foldi-jozsef","status":"publish","type":"page","link":"https:\/\/univet.hu\/hu\/egyetem\/szervezeti-egysegek\/szuleszeti-es-szaporodasbiologiai-tanszek-es-klinika\/oktatas\/vendegeloadok\/dr-foldi-jozsef\/","title":{"rendered":"Dr. F\u00f6ldi J\u00f3zsef"},"content":{"rendered":"<p>1986-ban v&eacute;gzett a Budapesti &Aacute;llatorvos-tudom&aacute;nyi Egyetemen. Ezt k&ouml;vet\u0151en h&eacute;t &eacute;ven &aacute;t a h&aacute;zi&aacute;llatok v&iacute;rusos betegs&eacute;geinek laborat&oacute;riumi diagnosztik&aacute;ja ter&uuml;let&eacute;n dolgozott.<\/p> <p>Kutat&oacute;munk&aacute;j&aacute;t az al&aacute;bbi ter&uuml;leteken v&eacute;gezte:<\/p> <ul> <li>szarvasmarha BHV-1 okozta betegs&eacute;gek,<\/li> <li>&aacute;llom&aacute;nyszint\u0171 ellen\u0151rz&eacute;s, mentes&iacute;t&eacute;s,<\/li> <li>Aujeszky-f&eacute;le betegs&eacute;g; ellen\u0151rz&eacute;s &eacute;s mentes&iacute;t&eacute;s,<\/li> <li>Influenzav&iacute;rus fert\u0151z&eacute;sek (baromfi, sert&eacute;s),<\/li> <li>pulyka rhinotracheitis (TRT).<\/li> <\/ul> <p>1993-t&oacute;l az Intervet International (Boxmeer, Hollandia), illetve jogut&oacute;d v&aacute;llaltai (Intervet SPAH, MSD Animal Health) Klinikai Vizsg&aacute;latok Munkacsoportj&aacute;ban dolgozott, ahol &ouml;sszesen 20 &aacute;llatgy&oacute;gy&aacute;szati vakcina &eacute;s gy&oacute;gyszer k&eacute;sz&iacute;tm&eacute;ny t&ouml;bb mint 30 klinikai vizsg&aacute;lat&aacute;ban vett r&eacute;szt vagy vezetett. Ennek r&eacute;szek&eacute;nt lett a Sz&uuml;l&eacute;szeti &eacute;s Szaporod&aacute;sbiol&oacute;giai Tansz&eacute;k Alkalmazott Endokrinol&oacute;giai Munkacsoportj&aacute;nak k&uuml;ls\u0151 tagja, ahol a gy&oacute;gyszer fejleszt&eacute;sen t&uacute;l, Huszenicza Professzor &uacute;r vezet&eacute;s&eacute;vel a tejel\u0151 teh&eacute;n invol&uacute;ci&oacute;s betegs&eacute;geinek k&oacute;rtan&aacute;val, hajlamos&iacute;t&oacute; t&eacute;nyez\u0151ivel &eacute;s bakteriol&oacute;giai h&aacute;tter&eacute;nek vizsg&aacute;lat&aacute;val foglalkoz&oacute; kutat&aacute;si munk&aacute;ban vett r&eacute;szt.<\/p> <p>Az invol&uacute;ci&oacute; &eacute;lettana &eacute;s k&oacute;rtana c&iacute;m\u0171 anyagr&eacute;sz oktat&aacute;s&aacute;t Huszenicza Professzor &uacute;r sajn&aacute;latos, korai elhunyta ut&aacute;n vette &aacute;t.<\/p> <p>A 2012-es &eacute;vt\u0151l a saj&aacute;t alap&iacute;t&aacute;s&uacute; Euvet Bt-ben folytatja gy&oacute;gyszeripari konzult&aacute;ci&oacute;s &eacute;s klinikai vizsg&aacute;lati tev&eacute;kenys&eacute;g&eacute;t,<\/p> <p>Lektor&aacute;lt lapokban 23 k&ouml;zlem&eacute;nnyel rendelkezik, amelyek &ouml;sszegzett IF-a 10,48.<\/p>","protected":false},"excerpt":{"rendered":"<p>1986-ban v&eacute;gzett a Budapesti &Aacute;llatorvos-tudom&aacute;nyi Egyetemen. Ezt k&ouml;vet\u0151en h&eacute;t &eacute;ven &aacute;t a h&aacute;zi&aacute;llatok v&iacute;rusos betegs&eacute;geinek laborat&oacute;riumi diagnosztik&aacute;ja ter&uuml;let&eacute;n dolgozott. Kutat&oacute;munk&aacute;j&aacute;t az al&aacute;bbi ter&uuml;leteken v&eacute;gezte: szarvasmarha BHV-1 okozta betegs&eacute;gek, &aacute;llom&aacute;nyszint\u0171 ellen\u0151rz&eacute;s, mentes&iacute;t&eacute;s, Aujeszky-f&eacute;le betegs&eacute;g; ellen\u0151rz&eacute;s &eacute;s mentes&iacute;t&eacute;s, Influenzav&iacute;rus fert\u0151z&eacute;sek (baromfi, sert&eacute;s), pulyka rhinotracheitis (TRT). 1993-t&oacute;l az Intervet International (Boxmeer, Hollandia), illetve jogut&oacute;d v&aacute;llaltai (Intervet SPAH, MSD<\/p>\n","protected":false},"author":3837,"featured_media":0,"parent":16137,"menu_order":0,"comment_status":"closed","ping_status":"closed","template":"","meta":{"_acf_changed":false,"footnotes":""},"categories":[],"tags":[],"class_list":["post-16139","page","type-page","status-publish","hentry"],"acf":[],"_links":{"self":[{"href":"https:\/\/univet.hu\/hu\/wp-json\/wp\/v2\/pages\/16139","targetHints":{"allow":["GET"]}}],"collection":[{"href":"https:\/\/univet.hu\/hu\/wp-json\/wp\/v2\/pages"}],"about":[{"href":"https:\/\/univet.hu\/hu\/wp-json\/wp\/v2\/types\/page"}],"author":[{"embeddable":true,"href":"https:\/\/univet.hu\/hu\/wp-json\/wp\/v2\/users\/3837"}],"replies":[{"embeddable":true,"href":"https:\/\/univet.hu\/hu\/wp-json\/wp\/v2\/comments?post=16139"}],"version-history":[{"count":0,"href":"https:\/\/univet.hu\/hu\/wp-json\/wp\/v2\/pages\/16139\/revisions"}],"up":[{"embeddable":true,"href":"https:\/\/univet.hu\/hu\/wp-json\/wp\/v2\/pages\/16137"}],"wp:attachment":[{"href":"https:\/\/univet.hu\/hu\/wp-json\/wp\/v2\/media?parent=16139"}],"wp:term":[{"taxonomy":"category","embeddable":true,"href":"https:\/\/univet.hu\/hu\/wp-json\/wp\/v2\/categories?post=16139"},{"taxonomy":"post_tag","embeddable":true,"href":"https:\/\/univet.hu\/hu\/wp-json\/wp\/v2\/tags?post=16139"}],"curies":[{"name":"wp","href":"https:\/\/api.w.org\/{rel}","templated":true}]}}