{"id":16140,"date":"1970-01-01T01:00:00","date_gmt":"1970-01-01T00:00:00","guid":{"rendered":"http:\/\/univet.hu\/egyetem\/szervezeti-egysegek\/szuleszeti-es-szaporodasbiologiai-tanszek-es-klinika\/oktatas\/vendegeloadok\/dr-gocza-elen\/"},"modified":"1970-01-01T01:00:00","modified_gmt":"1970-01-01T00:00:00","slug":"dr-gocza-elen","status":"publish","type":"page","link":"https:\/\/univet.hu\/hu\/egyetem\/szervezeti-egysegek\/szuleszeti-es-szaporodasbiologiai-tanszek-es-klinika\/oktatas\/vendegeloadok\/dr-gocza-elen\/","title":{"rendered":"Dr. G\u00f3cza Elen"},"content":{"rendered":"<p>Fels\u0151fok&uacute; tanulm&aacute;nyait az ELTE Term&eacute;szettudom&aacute;nyi Kar Biol&oacute;gus Szak&aacute;n v&eacute;gezte (1989). Doktori disszert&aacute;ci&oacute;j&aacute;t 1993-ban v&eacute;dte meg, a PhD fokozatot 1996-ban szerezte meg az ELTE-n &bdquo;Pluripotens embrion&aacute;lis eredet\u0171 sejtvonalak fejl\u0151d&eacute;si potenci&aacute;j&aacute;nak vizsg&aacute;lata&rdquo; c&iacute;mmel.<\/p> <p>1989 &eacute;s 1995 k&ouml;z&ouml;tt az ELTE TTK G&ouml;di Biol&oacute;giai &Aacute;llom&aacute;s Embriol&oacute;giai Laborat&oacute;rium&aacute;ban dolgozott. 1996 janu&aacute;rja &oacute;ta a g&ouml;d&ouml;ll\u0151i Mez\u0151gazdas&aacute;gi Biotechnol&oacute;giai Kutat&oacute;k&ouml;zpont &Aacute;llatbiol&oacute;giai Int&eacute;zet&eacute;nek munkat&aacute;rsa.<\/p> <p>T&ouml;bb &ouml;szt&ouml;nd&iacute;jat nyert el: Soros &ouml;szt&ouml;nd&iacute;j, OECD &ouml;szt&ouml;nd&iacute;j, Bolyai J&aacute;nos Kutat&aacute;si &Ouml;szt&ouml;nd&iacute;j. Sz&aacute;mos kutat&aacute;si p&aacute;ly&aacute;zatban vett r&eacute;szt k&ouml;zrem\u0171k&ouml;d\u0151k&eacute;nt vagy t&eacute;mavezet\u0151k&eacute;nt.<\/p> <p>Kiterjedt publik&aacute;ci&oacute;s tev&eacute;kenys&eacute;get folytat, az MTA Doktora c&iacute;m elnyer&eacute;s&eacute;hez beny&uacute;jtott p&aacute;ly&aacute;zat&aacute;nak b&iacute;r&aacute;lata folyamatban van.<\/p> <p>Kutat&aacute;si ter&uuml;lete: eg&eacute;r fejl\u0151d&eacute;sbiol&oacute;gia, kim&eacute;ra embri&oacute;k &eacute;s az embrion&aacute;lis eredet\u0171 \u0151ssejt-vonalak vizsg&aacute;lata.<\/p>","protected":false},"excerpt":{"rendered":"<p>Fels\u0151fok&uacute; tanulm&aacute;nyait az ELTE Term&eacute;szettudom&aacute;nyi Kar Biol&oacute;gus Szak&aacute;n v&eacute;gezte (1989). Doktori disszert&aacute;ci&oacute;j&aacute;t 1993-ban v&eacute;dte meg, a PhD fokozatot 1996-ban szerezte meg az ELTE-n &bdquo;Pluripotens embrion&aacute;lis eredet\u0171 sejtvonalak fejl\u0151d&eacute;si potenci&aacute;j&aacute;nak vizsg&aacute;lata&rdquo; c&iacute;mmel. 1989 &eacute;s 1995 k&ouml;z&ouml;tt az ELTE TTK G&ouml;di Biol&oacute;giai &Aacute;llom&aacute;s Embriol&oacute;giai Laborat&oacute;rium&aacute;ban dolgozott. 1996 janu&aacute;rja &oacute;ta a g&ouml;d&ouml;ll\u0151i Mez\u0151gazdas&aacute;gi Biotechnol&oacute;giai Kutat&oacute;k&ouml;zpont &Aacute;llatbiol&oacute;giai Int&eacute;zet&eacute;nek munkat&aacute;rsa.<\/p>\n","protected":false},"author":3837,"featured_media":0,"parent":16137,"menu_order":0,"comment_status":"closed","ping_status":"closed","template":"","meta":{"_acf_changed":false,"footnotes":""},"categories":[],"tags":[],"class_list":["post-16140","page","type-page","status-publish","hentry"],"acf":[],"_links":{"self":[{"href":"https:\/\/univet.hu\/hu\/wp-json\/wp\/v2\/pages\/16140","targetHints":{"allow":["GET"]}}],"collection":[{"href":"https:\/\/univet.hu\/hu\/wp-json\/wp\/v2\/pages"}],"about":[{"href":"https:\/\/univet.hu\/hu\/wp-json\/wp\/v2\/types\/page"}],"author":[{"embeddable":true,"href":"https:\/\/univet.hu\/hu\/wp-json\/wp\/v2\/users\/3837"}],"replies":[{"embeddable":true,"href":"https:\/\/univet.hu\/hu\/wp-json\/wp\/v2\/comments?post=16140"}],"version-history":[{"count":0,"href":"https:\/\/univet.hu\/hu\/wp-json\/wp\/v2\/pages\/16140\/revisions"}],"up":[{"embeddable":true,"href":"https:\/\/univet.hu\/hu\/wp-json\/wp\/v2\/pages\/16137"}],"wp:attachment":[{"href":"https:\/\/univet.hu\/hu\/wp-json\/wp\/v2\/media?parent=16140"}],"wp:term":[{"taxonomy":"category","embeddable":true,"href":"https:\/\/univet.hu\/hu\/wp-json\/wp\/v2\/categories?post=16140"},{"taxonomy":"post_tag","embeddable":true,"href":"https:\/\/univet.hu\/hu\/wp-json\/wp\/v2\/tags?post=16140"}],"curies":[{"name":"wp","href":"https:\/\/api.w.org\/{rel}","templated":true}]}}