{"id":16142,"date":"1970-01-01T01:00:00","date_gmt":"1970-01-01T00:00:00","guid":{"rendered":"http:\/\/univet.hu\/egyetem\/szervezeti-egysegek\/szuleszeti-es-szaporodasbiologiai-tanszek-es-klinika\/oktatas\/vendegeloadok\/dr-markus-gabriella\/"},"modified":"1970-01-01T01:00:00","modified_gmt":"1970-01-01T00:00:00","slug":"dr-markus-gabriella","status":"publish","type":"page","link":"https:\/\/univet.hu\/hu\/egyetem\/szervezeti-egysegek\/szuleszeti-es-szaporodasbiologiai-tanszek-es-klinika\/oktatas\/vendegeloadok\/dr-markus-gabriella\/","title":{"rendered":"Dr. Markus Gabriella"},"content":{"rendered":"<p>1981-ben v&eacute;gzett az &Aacute;llatorvos-tudom&aacute;nyi Egyetemen Budapesten. Diplomamunk&aacute;j&aacute;t a tejel\u0151 tehenek t\u0151gygyullad&aacute;s-hajlam&aacute;nak &ouml;r&ouml;k&ouml;lhet\u0151s&eacute;g&eacute;b\u0151l &iacute;rta.<\/p> <p>El\u0151sz&ouml;r a Kom&aacute;romi Mez\u0151gazdas&aacute;gi Kombin&aacute;tban dolgozott, mint &uuml;zemi &aacute;llatorvos. 1983-ban &ouml;szt&ouml;nd&iacute;jjal ker&uuml;lt az &Aacute;llatorvos-tudom&aacute;nyi Egyetem &Aacute;llatteny&eacute;szt&eacute;stani Tansz&eacute;k&eacute;re, ahol tudom&aacute;nyos munk&aacute;t v&eacute;gzett h&aacute;rom &eacute;vig f\u0151&aacute;ll&aacute;sban, ezt k&ouml;vet\u0151en h&aacute;rom &eacute;vig mell&eacute;k&aacute;ll&aacute;sban, egyidej\u0171leg a TAURINA &Aacute;llatteny&eacute;szt\u0151 K&ouml;z&ouml;s v&aacute;llalatn&aacute;l dolgozott t\u0151gyeg&eacute;szs&eacute;g&uuml;gyi szaktan&aacute;csad&oacute; &aacute;llatorvosk&eacute;nt.<\/p> <p>1990 &oacute;ta mag&aacute;n-v&aacute;llalkoz&oacute;k&eacute;nt t\u0151gyeg&eacute;szs&eacute;g&uuml;gyi szaktan&aacute;csad&oacute;. 1992-ben alak&iacute;totta ki az erre a munk&aacute;ra szakosodott laborat&oacute;rium&aacute;t, amelyet az&oacute;ta is folyamatosan fejleszt.<\/p> <p>2007-ben v&eacute;gezett az ELTE TTK-n okleveles mikrobiol&oacute;gusk&eacute;nt; 2002 &oacute;ta e min\u0151s&eacute;gben is dolgozik a &ndash; 2005 &oacute;ta kft form&aacute;ban m\u0171k&ouml;dtetett &ndash; laborat&oacute;rium&aacute;ban.<\/p> <p>R&eacute;szt vett a Magyar &Aacute;llatorvosi Kamara K&Aacute;T&Eacute; programj&aacute;nak megalkot&aacute;s&aacute;ban a kamara Min\u0151s&eacute;gbiztos&iacute;t&aacute;si Bizotts&aacute;g&aacute;nak tagjak&eacute;nt (a szarvasmarha-eg&eacute;szs&eacute;g&uuml;gyi r&eacute;sz&eacute;rt volt felel\u0151s), &eacute;s 2006 &oacute;ta a Magyar &Aacute;llatorvosi Kamara Orsz&aacute;gos Etikai Bizotts&aacute;g&aacute;nak eln&ouml;ke.<\/p> <p>Szerz\u0151k&eacute;nt vett r&eacute;szt a Szarvasmarha-teny&eacute;szt&eacute;s gyakorlata c. foly&oacute;irat 1982-ben megjelent k&eacute;t sz&aacute;m&aacute;ban, valamint A tejtermel\u0151 csal&aacute;di gazdas&aacute;gok tart&aacute;stechnol&oacute;gi&aacute;ja c. 2004-ben megjelent &ndash; &eacute;s az id&eacute;n &uacute;jra kiad&aacute;sra ker&uuml;l\u0151 &ndash; k&ouml;nyv meg&iacute;r&aacute;s&aacute;ban.&nbsp;<\/p>","protected":false},"excerpt":{"rendered":"<p>1981-ben v&eacute;gzett az &Aacute;llatorvos-tudom&aacute;nyi Egyetemen Budapesten. Diplomamunk&aacute;j&aacute;t a tejel\u0151 tehenek t\u0151gygyullad&aacute;s-hajlam&aacute;nak &ouml;r&ouml;k&ouml;lhet\u0151s&eacute;g&eacute;b\u0151l &iacute;rta. El\u0151sz&ouml;r a Kom&aacute;romi Mez\u0151gazdas&aacute;gi Kombin&aacute;tban dolgozott, mint &uuml;zemi &aacute;llatorvos. 1983-ban &ouml;szt&ouml;nd&iacute;jjal ker&uuml;lt az &Aacute;llatorvos-tudom&aacute;nyi Egyetem &Aacute;llatteny&eacute;szt&eacute;stani Tansz&eacute;k&eacute;re, ahol tudom&aacute;nyos munk&aacute;t v&eacute;gzett h&aacute;rom &eacute;vig f\u0151&aacute;ll&aacute;sban, ezt k&ouml;vet\u0151en h&aacute;rom &eacute;vig mell&eacute;k&aacute;ll&aacute;sban, egyidej\u0171leg a TAURINA &Aacute;llatteny&eacute;szt\u0151 K&ouml;z&ouml;s v&aacute;llalatn&aacute;l dolgozott t\u0151gyeg&eacute;szs&eacute;g&uuml;gyi szaktan&aacute;csad&oacute; &aacute;llatorvosk&eacute;nt. 1990 &oacute;ta mag&aacute;n-v&aacute;llalkoz&oacute;k&eacute;nt<\/p>\n","protected":false},"author":3837,"featured_media":0,"parent":16137,"menu_order":0,"comment_status":"closed","ping_status":"closed","template":"","meta":{"_acf_changed":false,"footnotes":""},"categories":[],"tags":[],"class_list":["post-16142","page","type-page","status-publish","hentry"],"acf":[],"_links":{"self":[{"href":"https:\/\/univet.hu\/hu\/wp-json\/wp\/v2\/pages\/16142","targetHints":{"allow":["GET"]}}],"collection":[{"href":"https:\/\/univet.hu\/hu\/wp-json\/wp\/v2\/pages"}],"about":[{"href":"https:\/\/univet.hu\/hu\/wp-json\/wp\/v2\/types\/page"}],"author":[{"embeddable":true,"href":"https:\/\/univet.hu\/hu\/wp-json\/wp\/v2\/users\/3837"}],"replies":[{"embeddable":true,"href":"https:\/\/univet.hu\/hu\/wp-json\/wp\/v2\/comments?post=16142"}],"version-history":[{"count":0,"href":"https:\/\/univet.hu\/hu\/wp-json\/wp\/v2\/pages\/16142\/revisions"}],"up":[{"embeddable":true,"href":"https:\/\/univet.hu\/hu\/wp-json\/wp\/v2\/pages\/16137"}],"wp:attachment":[{"href":"https:\/\/univet.hu\/hu\/wp-json\/wp\/v2\/media?parent=16142"}],"wp:term":[{"taxonomy":"category","embeddable":true,"href":"https:\/\/univet.hu\/hu\/wp-json\/wp\/v2\/categories?post=16142"},{"taxonomy":"post_tag","embeddable":true,"href":"https:\/\/univet.hu\/hu\/wp-json\/wp\/v2\/tags?post=16142"}],"curies":[{"name":"wp","href":"https:\/\/api.w.org\/{rel}","templated":true}]}}