{"id":16146,"date":"1970-01-01T01:00:00","date_gmt":"1970-01-01T00:00:00","guid":{"rendered":"http:\/\/univet.hu\/egyetem\/szervezeti-egysegek\/szuleszeti-es-szaporodasbiologiai-tanszek-es-klinika\/oktatas\/vendegeloadok\/juliane-kuhl\/"},"modified":"1970-01-01T01:00:00","modified_gmt":"1970-01-01T00:00:00","slug":"juliane-kuhl","status":"publish","type":"page","link":"https:\/\/univet.hu\/hu\/egyetem\/szervezeti-egysegek\/szuleszeti-es-szaporodasbiologiai-tanszek-es-klinika\/oktatas\/vendegeloadok\/juliane-kuhl\/","title":{"rendered":"Juliane Kuhl"},"content":{"rendered":"<p>Dr. Kuhl az &Aacute;llatorvos-tudom&aacute;nyi Egyetem (M&uuml;nchen) befejez&eacute;se ut&aacute;n csatlakozott a Prof. Aurich &aacute;ltal vezetett tansz&eacute;khez, B&eacute;csben.<br \/> Doktori t&eacute;zis&eacute;t a csik&oacute;k gasztrointesztin&aacute;lis rendszer&eacute;nek fejl\u0151d&eacute;s&eacute;b\u0151l k&eacute;sz&iacute;tette.<br \/> Hamarosan az ECAR Diplomate c&iacute;met is elnyerte.<br \/> Jelenleg szenior klinikus &eacute;s Christine Aurich helyettese, aki a lovas klinikai &eacute;s kutat&aacute;si munk&aacute;kat ir&aacute;ny&iacute;tja B&eacute;csben. A Mesters&eacute;ges Term&eacute;keny&iacute;t\u0151 &eacute;s Embri&oacute; &Aacute;t&uuml;ltet\u0151 K&ouml;zpont vezet\u0151 klinikusa.<br \/> Kutat&aacute;si ter&uuml;lete: a korai vemhess&eacute;g &eacute;lettani, genetikai &eacute;s klinikai vonatkoz&aacute;sai l&oacute;ban.<\/p>","protected":false},"excerpt":{"rendered":"<p>Dr. Kuhl az &Aacute;llatorvos-tudom&aacute;nyi Egyetem (M&uuml;nchen) befejez&eacute;se ut&aacute;n csatlakozott a Prof. Aurich &aacute;ltal vezetett tansz&eacute;khez, B&eacute;csben. Doktori t&eacute;zis&eacute;t a csik&oacute;k gasztrointesztin&aacute;lis rendszer&eacute;nek fejl\u0151d&eacute;s&eacute;b\u0151l k&eacute;sz&iacute;tette. Hamarosan az ECAR Diplomate c&iacute;met is elnyerte. Jelenleg szenior klinikus &eacute;s Christine Aurich helyettese, aki a lovas klinikai &eacute;s kutat&aacute;si munk&aacute;kat ir&aacute;ny&iacute;tja B&eacute;csben. A Mesters&eacute;ges Term&eacute;keny&iacute;t\u0151 &eacute;s Embri&oacute; &Aacute;t&uuml;ltet\u0151 K&ouml;zpont vezet\u0151<\/p>\n","protected":false},"author":3837,"featured_media":0,"parent":16137,"menu_order":0,"comment_status":"closed","ping_status":"closed","template":"","meta":{"_acf_changed":false,"footnotes":""},"categories":[],"tags":[],"class_list":["post-16146","page","type-page","status-publish","hentry"],"acf":[],"_links":{"self":[{"href":"https:\/\/univet.hu\/hu\/wp-json\/wp\/v2\/pages\/16146","targetHints":{"allow":["GET"]}}],"collection":[{"href":"https:\/\/univet.hu\/hu\/wp-json\/wp\/v2\/pages"}],"about":[{"href":"https:\/\/univet.hu\/hu\/wp-json\/wp\/v2\/types\/page"}],"author":[{"embeddable":true,"href":"https:\/\/univet.hu\/hu\/wp-json\/wp\/v2\/users\/3837"}],"replies":[{"embeddable":true,"href":"https:\/\/univet.hu\/hu\/wp-json\/wp\/v2\/comments?post=16146"}],"version-history":[{"count":0,"href":"https:\/\/univet.hu\/hu\/wp-json\/wp\/v2\/pages\/16146\/revisions"}],"up":[{"embeddable":true,"href":"https:\/\/univet.hu\/hu\/wp-json\/wp\/v2\/pages\/16137"}],"wp:attachment":[{"href":"https:\/\/univet.hu\/hu\/wp-json\/wp\/v2\/media?parent=16146"}],"wp:term":[{"taxonomy":"category","embeddable":true,"href":"https:\/\/univet.hu\/hu\/wp-json\/wp\/v2\/categories?post=16146"},{"taxonomy":"post_tag","embeddable":true,"href":"https:\/\/univet.hu\/hu\/wp-json\/wp\/v2\/tags?post=16146"}],"curies":[{"name":"wp","href":"https:\/\/api.w.org\/{rel}","templated":true}]}}