{"id":16147,"date":"1970-01-01T01:00:00","date_gmt":"1970-01-01T00:00:00","guid":{"rendered":"http:\/\/univet.hu\/egyetem\/szervezeti-egysegek\/szuleszeti-es-szaporodasbiologiai-tanszek-es-klinika\/oktatas\/vendegeloadok\/prof-georgios-amiridis\/"},"modified":"1970-01-01T01:00:00","modified_gmt":"1970-01-01T00:00:00","slug":"prof-georgios-amiridis","status":"publish","type":"page","link":"https:\/\/univet.hu\/hu\/egyetem\/szervezeti-egysegek\/szuleszeti-es-szaporodasbiologiai-tanszek-es-klinika\/oktatas\/vendegeloadok\/prof-georgios-amiridis\/","title":{"rendered":"Prof. Georgios Amiridis"},"content":{"rendered":"<p>Dr. Georgios Amiridis &aacute;llatorvos-doktori diplom&aacute;j&aacute;t 1986-ban szerezte meg a Theszaloniki Egyetem &Aacute;llatorvos-tudom&aacute;nyi Kar&aacute;n. 1996-ban sikeresen v&eacute;dte meg doktori disszert&aacute;ci&oacute;j&aacute;t a Glasgow-i Egyetem &Aacute;llatorvos-tudom&aacute;nyi Kar&aacute;n. Sz&aacute;mos nemzeti &eacute;s nemzetk&ouml;z kutat&aacute;si p&aacute;ly&aacute;zatot ir&aacute;ny&iacute;tott vagy r&eacute;sztvev\u0151k&eacute;nt k&ouml;zrem\u0171k&ouml;d&ouml;tt benne. Kiterjedt publik&aacute;ci&oacute;s tev&eacute;kenys&eacute;get folytat, amit a rangos nemzetk&ouml;zi tudom&aacute;nyos foly&oacute;iratokban megjelent dolgozatainak &eacute;s nemzetk&ouml;zi konferenci&aacute;kon elhangzott el\u0151ad&aacute;sainak &eacute;s posztereinek magas sz&aacute;ma jelez.&nbsp; Mindezek mellett jut ideje, energi&aacute;ja &eacute;s lelkesed&eacute;se a fiatal szakemberek k&eacute;pz&eacute;s&eacute;re is.<\/p> <p>Amiridis doktor, aki 1998 &oacute;ta a Theszaloniki Egyetem &Aacute;llatorvos-tudom&aacute;nyi Kar&aacute;nak (G&ouml;r&ouml;gorsz&aacute;g) oktat&oacute;ja majd vezet\u0151 oktat&oacute;ja, hossz&uacute; &eacute;vek &oacute;ta &#8211; otthoni oktat&oacute;i munk&aacute;ja mellett &#8211; rendszeresen visszat&eacute;r\u0151 vend&eacute;gel\u0151ad&oacute; karunkon. Minden &eacute;vben nagy sikerrel tart el\u0151ad&aacute;sokat az angol nyelv\u0171 k&eacute;pz&eacute;sben r&eacute;szt vev\u0151 hallgat&oacute;inknak a Sz&uuml;l&eacute;szeti tansz&eacute;k &aacute;ltal ind&iacute;tott &bdquo;Assziszt&aacute;lt reprodukci&oacute;&rdquo; c. fakultat&iacute;v t&aacute;rgy keret&eacute;ben. N&eacute;h&aacute;ny &eacute;vvel ezel\u0151tt nagy &eacute;rdekl\u0151d&eacute;ssel k&iacute;s&eacute;rt el\u0151ad&aacute;sokat tartott a PhD hallgat&oacute;knak (nem csak a SZIE PhD hallgat&oacute;i r&eacute;sz&eacute;re) szervezett &bdquo;Androl&oacute;gia &eacute;s Assziszt&aacute;lt Reprodukci&oacute;&rdquo; c. kurzuson is. K&uuml;l&ouml;n szeretn&eacute;m kihangs&uacute;lyozni, hogy Amiridis professzor &uacute;r az el\u0151ad&aacute;sokra sz&oacute;l&oacute; megh&iacute;v&aacute;sokat mindig nagy &ouml;r&ouml;mmel fogadja &eacute;s mindig saj&aacute;t k&ouml;lts&eacute;g&eacute;n utazik Magyarorsz&aacute;gra.<\/p> <p>Nem csak az oktat&aacute;s, hanem a kutat&aacute;s ter&eacute;n is szoros egy&uuml;ttm\u0171k&ouml;d&eacute;s alakult ki az elm&uacute;lt &eacute;vekben a g&ouml;r&ouml;g &eacute;s a magyar munkacsoport k&ouml;z&ouml;tt. T&ouml;bb k&ouml;z&ouml;s k&iacute;s&eacute;rlet sorozaton vagyunk t&uacute;l, amelyek eredm&eacute;nyeit &eacute;s tapasztalatait egy&uuml;tt publik&aacute;ltuk n&iacute;v&oacute;s tudom&aacute;nyos lapokban.<\/p> <p>Amiridis professzor &uacute;r nagyon sokat tett &eacute;s tesz az&eacute;rt, hogy mindk&eacute;t &aacute;llatorvos k&eacute;pz\u0151 m\u0171hely sz&aacute;m&aacute;ra gy&uuml;m&ouml;lcs&ouml;z\u0151 egy&uuml;ttm\u0171k&ouml;d&eacute;s alakuljon ki &eacute;s maradjon fenn az oktat&aacute;s &eacute;s kutat&aacute;s ter&eacute;n egyar&aacute;nt.<\/p>","protected":false},"excerpt":{"rendered":"<p>Dr. Georgios Amiridis &aacute;llatorvos-doktori diplom&aacute;j&aacute;t 1986-ban szerezte meg a Theszaloniki Egyetem &Aacute;llatorvos-tudom&aacute;nyi Kar&aacute;n. 1996-ban sikeresen v&eacute;dte meg doktori disszert&aacute;ci&oacute;j&aacute;t a Glasgow-i Egyetem &Aacute;llatorvos-tudom&aacute;nyi Kar&aacute;n. Sz&aacute;mos nemzeti &eacute;s nemzetk&ouml;z kutat&aacute;si p&aacute;ly&aacute;zatot ir&aacute;ny&iacute;tott vagy r&eacute;sztvev\u0151k&eacute;nt k&ouml;zrem\u0171k&ouml;d&ouml;tt benne. Kiterjedt publik&aacute;ci&oacute;s tev&eacute;kenys&eacute;get folytat, amit a rangos nemzetk&ouml;zi tudom&aacute;nyos foly&oacute;iratokban megjelent dolgozatainak &eacute;s nemzetk&ouml;zi konferenci&aacute;kon elhangzott el\u0151ad&aacute;sainak &eacute;s posztereinek magas<\/p>\n","protected":false},"author":3837,"featured_media":0,"parent":16137,"menu_order":0,"comment_status":"closed","ping_status":"closed","template":"","meta":{"_acf_changed":false,"footnotes":""},"categories":[],"tags":[],"class_list":["post-16147","page","type-page","status-publish","hentry"],"acf":[],"_links":{"self":[{"href":"https:\/\/univet.hu\/hu\/wp-json\/wp\/v2\/pages\/16147","targetHints":{"allow":["GET"]}}],"collection":[{"href":"https:\/\/univet.hu\/hu\/wp-json\/wp\/v2\/pages"}],"about":[{"href":"https:\/\/univet.hu\/hu\/wp-json\/wp\/v2\/types\/page"}],"author":[{"embeddable":true,"href":"https:\/\/univet.hu\/hu\/wp-json\/wp\/v2\/users\/3837"}],"replies":[{"embeddable":true,"href":"https:\/\/univet.hu\/hu\/wp-json\/wp\/v2\/comments?post=16147"}],"version-history":[{"count":0,"href":"https:\/\/univet.hu\/hu\/wp-json\/wp\/v2\/pages\/16147\/revisions"}],"up":[{"embeddable":true,"href":"https:\/\/univet.hu\/hu\/wp-json\/wp\/v2\/pages\/16137"}],"wp:attachment":[{"href":"https:\/\/univet.hu\/hu\/wp-json\/wp\/v2\/media?parent=16147"}],"wp:term":[{"taxonomy":"category","embeddable":true,"href":"https:\/\/univet.hu\/hu\/wp-json\/wp\/v2\/categories?post=16147"},{"taxonomy":"post_tag","embeddable":true,"href":"https:\/\/univet.hu\/hu\/wp-json\/wp\/v2\/tags?post=16147"}],"curies":[{"name":"wp","href":"https:\/\/api.w.org\/{rel}","templated":true}]}}