{"id":16149,"date":"1970-01-01T01:00:00","date_gmt":"1970-01-01T00:00:00","guid":{"rendered":"http:\/\/univet.hu\/egyetem\/szervezeti-egysegek\/szuleszeti-es-szaporodasbiologiai-tanszek-es-klinika\/oktatas\/menhelyes-mutetek\/"},"modified":"2023-09-01T14:11:05","modified_gmt":"2023-09-01T12:11:05","slug":"menhelyes-mutetek","status":"publish","type":"page","link":"https:\/\/univet.hu\/hu\/egyetem\/szervezeti-egysegek\/szuleszeti-es-szaporodasbiologiai-tanszek-es-klinika\/oktatas\/menhelyes-mutetek\/","title":{"rendered":"Menhelyes m\u0171t\u00e9tek"},"content":{"rendered":"<p><a href=\"https:\/\/univet.hu\/files\/subpages\/309\/files\/alma%20mater_2016_08%20M%C3%81L.pdf\" data-replaced=\"true\">Alma Mater 2016<\/a><\/p> <p>&nbsp;<\/p> <p><a href=\"https:\/\/univet.hu\/wp-content\/uploads\/2023\/09\/menhelyes_honlap.pdf\"><strong>Inform\u00e1ci\u00f3 a Sz\u00fcl\u00e9szet \u00fcgyeleti napokr\u00f3l \u00e9s a menhelyes m\u0171t\u00e9tekr\u0151l<\/strong><\/a><\/p>","protected":false},"excerpt":{"rendered":"<p>Alma Mater 2016 &nbsp; Inform\u00e1ci\u00f3 a Sz\u00fcl\u00e9szet \u00fcgyeleti napokr\u00f3l \u00e9s a menhelyes m\u0171t\u00e9tekr\u0151l<\/p>\n","protected":false},"author":3837,"featured_media":0,"parent":16134,"menu_order":0,"comment_status":"closed","ping_status":"closed","template":"","meta":{"_acf_changed":false,"footnotes":""},"categories":[],"tags":[],"class_list":["post-16149","page","type-page","status-publish","hentry"],"acf":[],"_links":{"self":[{"href":"https:\/\/univet.hu\/hu\/wp-json\/wp\/v2\/pages\/16149","targetHints":{"allow":["GET"]}}],"collection":[{"href":"https:\/\/univet.hu\/hu\/wp-json\/wp\/v2\/pages"}],"about":[{"href":"https:\/\/univet.hu\/hu\/wp-json\/wp\/v2\/types\/page"}],"author":[{"embeddable":true,"href":"https:\/\/univet.hu\/hu\/wp-json\/wp\/v2\/users\/3837"}],"replies":[{"embeddable":true,"href":"https:\/\/univet.hu\/hu\/wp-json\/wp\/v2\/comments?post=16149"}],"version-history":[{"count":0,"href":"https:\/\/univet.hu\/hu\/wp-json\/wp\/v2\/pages\/16149\/revisions"}],"up":[{"embeddable":true,"href":"https:\/\/univet.hu\/hu\/wp-json\/wp\/v2\/pages\/16134"}],"wp:attachment":[{"href":"https:\/\/univet.hu\/hu\/wp-json\/wp\/v2\/media?parent=16149"}],"wp:term":[{"taxonomy":"category","embeddable":true,"href":"https:\/\/univet.hu\/hu\/wp-json\/wp\/v2\/categories?post=16149"},{"taxonomy":"post_tag","embeddable":true,"href":"https:\/\/univet.hu\/hu\/wp-json\/wp\/v2\/tags?post=16149"}],"curies":[{"name":"wp","href":"https:\/\/api.w.org\/{rel}","templated":true}]}}