{"id":16154,"date":"1970-01-01T01:00:00","date_gmt":"1970-01-01T00:00:00","guid":{"rendered":"http:\/\/univet.hu\/egyetem\/szervezeti-egysegek\/szuleszeti-es-szaporodasbiologiai-tanszek-es-klinika\/szolgaltatasok\/andrologiai-laboratorium\/"},"modified":"2026-03-27T10:17:44","modified_gmt":"2026-03-27T09:17:44","slug":"andrologiai-laboratorium","status":"publish","type":"page","link":"https:\/\/univet.hu\/hu\/egyetem\/szervezeti-egysegek\/szuleszeti-es-szaporodasbiologiai-tanszek-es-klinika\/szolgaltatasok\/andrologiai-laboratorium\/","title":{"rendered":"Androl\u00f3giai laborat\u00f3rium"},"content":{"rendered":"<p><strong>\u00a0Vezet\u0151:<\/strong>\u00a0<a title=\"Cseh Sandor\" href=\"https:\/\/univet.hu\/hu\/egyetem\/munkatarsak\/cseh-sandor\">Dr. Cseh S\u00e1ndor<\/a><\/p> <p><strong>Munkat\u00e1rsak:<\/strong><\/p> <ul> <li><a title=\"Keresztes Zsuzsanna\" href=\"https:\/\/univet.hu\/hu\/egyetem\/munkatarsak\/keresztes-zsuzsanna\">Keresztes Zsuzsanna<\/a> &#8211; tel: 061 478 4100; Mell\u00e9k: 8340 (8-14 \u00f3r\u00e1ig)- laborat\u00f3riumi szakasszisztens<\/li> <li><a href=\"https:\/\/univet.hu\/hu\/egyetem\/munkatarsak\/somoskoi-bence\/\">Dr. Somosk\u0151i Bence<\/a>&#8211; tudom\u00e1nyos f\u0151munkat\u00e1rs<\/li> <li><a href=\"https:\/\/univet.hu\/hu\/egyetem\/munkatarsak\/torok-dora\/\">Dr. Balassa- T\u00f6r\u00f6k D\u00f3ra<\/a> &#8211; tudom\u00e1nyos munkat\u00e1rs<\/li> <li><a href=\"https:\/\/univet.hu\/hu\/egyetem\/munkatarsak\/bacsa-monika\/\">Dr. Bacsa M\u00f3nika<\/a>&#8211; \u00e1llatorvos<\/li> <li><a href=\"https:\/\/univet.hu\/hu\/egyetem\/munkatarsak\/vincze-boglarka\/\">\u00c1rkin\u00e9 Dr. Vincze Bogl\u00e1rka<\/a>&#8211; \u00e1llatorvos, egyetemi docens<\/li> <\/ul> <p>Az \u00c1llatorvostudom\u00e1nyi Egyetem Sz\u00fcl\u00e9szeti Tansz\u00e9k\u00e9hez tartoz\u00f3 Androl\u00f3gia \u00e9s Assziszt\u00e1lt Reprodukci\u00f3s Laborat\u00f3rium laborat\u00f3riumi szolg\u00e1ltat\u00e1sok v\u00e9gz\u00e9s\u00e9n k\u00edv\u00fcl kutat\u00e1si tev\u00e9kenys\u00e9get is folytat. Kutat\u00f3csoportunk honlapj\u00e1t \u00e9s kutat\u00e1si ter\u00fcleteit itt tudja megtekinteni: <a href=\"https:\/\/univet.hu\/hu\/kutatas\/kutatocsoportok\/andrologiai-asszisztalt-reprodukcios-kutatocsoport\/\">Kutat\u00f3csoport<\/a><\/p> <p><strong>Androl\u00f3giai \u00e9s assziszt\u00e1lt reprodukci\u00f3s laborat\u00f3riumi szolg\u00e1ltat\u00e1sok (kutyasperma):<\/strong><\/p> <ul> <li><em>alap spermavizsg\u00e1lat<\/em>: fizik\u00e1lis vizsg\u00e1lat, t\u00e9rfogatm\u00e9r\u00e9s, CASA-val, azaz sz\u00e1m\u00edt\u00f3g\u00e9pes elemz\u00e9ssel t\u00f6rt\u00e9n\u0151 motilit\u00e1s vizsg\u00e1lat, koncentr\u00e1ci\u00f3 \u00e9s \u00f6ssz-sejtsz\u00e1m meghat\u00e1roz\u00e1s + a lelet elk\u00e9sz\u00edt\u00e9se &#8211; 25.000 Ft<\/li> <li><em>komplex spermavizsg\u00e1lat<\/em>: alap spermavizsg\u00e1lat + morfol\u00f3giai vizsg\u00e1lat festett kenet alapj\u00e1n &#8211; 35.000 Ft<\/li> <li>alap\/komplex spermavizsg\u00e1lat + <em>spermah\u0171t\u00e9s<\/em> 4-5 \u00b0C-ra, kutyasperm\u00e1ra kifejlesztett, magas t\u00fal\u00e9l\u00e9st biztos\u00edt\u00f3, hat\u00e9kony h\u00edg\u00edt\u00f3val, majd a h\u00edg\u00edtott, h\u0171t\u00f6tt sperma \u00e1tad\u00e1sa a tulajdonosnak &#8211; 35.000-45.000 Ft<\/li> <li>\u201e<em>sperma eltarthat\u00f3s\u00e1gi vizsg\u00e1lat<\/em>\u201d: alap\/komplex spermavizsg\u00e1lat + spermah\u0171t\u00e9s 4-5 \u00b0C-ra, kutyasperm\u00e1ra kifejlesztett, magas t\u00fal\u00e9l\u00e9st biztos\u00edt\u00f3 h\u00edg\u00edt\u00f3val \u00e9s a h\u0171t\u00f6tt sperma naponk\u00e9nti motilit\u00e1s vizsg\u00e1lata \u2013 45.000-55.000 Ft<br \/> K\u00e9rj\u00fck itt vegy\u00e9k figyelembe, hogy h\u00e9tv\u00e9g\u00e9n nem tudunk m\u00e9rni, ez\u00e9rt ebb\u0151l a c\u00e9lb\u00f3l \u00e9rdemes h\u00e9tf\u0151re id\u0151z\u00edteni a spermav\u00e9telt!<\/li> <li><em>spermafagyaszt\u00e1s<\/em> + pr\u00f3ba kiolvaszt\u00e1s \u00e9s motilit\u00e1s vizsg\u00e1lat, term\u00e9keny\u00edt\u0151 d\u00f3zis sz\u00e1mol\u00e1s, lelet\u00edr\u00e1s &#8211; 95.000 Ft<\/li> <li>az Egyetemen fagyasztott spermamint\u00e1k <em>t\u00e1rol\u00e1s\u00e1t<\/em> is v\u00e1llaljuk szerz\u0151d\u00e9sk\u00f6t\u00e9ssel, minimum 1 \u00e9ves peri\u00f3dusra &#8211; 10.000 Ft\/\u00e9v<\/li> <li>Spermiumok <em>kromatin-integrit\u00e1s (DNS)- vizsg\u00e1lata<\/em>: 10.000 Ft<\/li> <\/ul> <p><strong><img loading=\"lazy\" decoding=\"async\" class=\"alignnone size-medium wp-image-203364\" src=\"https:\/\/univet.hu\/wp-content\/uploads\/2026\/03\/kutyasperma-casa-320x171.png\" alt=\"\" width=\"320\" height=\"171\" srcset=\"https:\/\/univet.hu\/wp-content\/uploads\/2026\/03\/kutyasperma-casa-320x171.png 320w, https:\/\/univet.hu\/wp-content\/uploads\/2026\/03\/kutyasperma-casa-960x512.png 960w, https:\/\/univet.hu\/wp-content\/uploads\/2026\/03\/kutyasperma-casa-768x409.png 768w, https:\/\/univet.hu\/wp-content\/uploads\/2026\/03\/kutyasperma-casa-1536x819.png 1536w, https:\/\/univet.hu\/wp-content\/uploads\/2026\/03\/kutyasperma-casa.png 1915w\" sizes=\"auto, (max-width: 320px) 100vw, 320px\" \/>\u00a0 \u00a0 \u00a0<\/strong><\/p> <p><strong>\u00a0<\/strong><strong><img loading=\"lazy\" decoding=\"async\" class=\"alignnone size-medium wp-image-203367\" src=\"https:\/\/univet.hu\/wp-content\/uploads\/2026\/03\/kutyasperma-320x170.png\" alt=\"\" width=\"320\" height=\"170\" srcset=\"https:\/\/univet.hu\/wp-content\/uploads\/2026\/03\/kutyasperma-320x170.png 320w, https:\/\/univet.hu\/wp-content\/uploads\/2026\/03\/kutyasperma-960x510.png 960w, https:\/\/univet.hu\/wp-content\/uploads\/2026\/03\/kutyasperma-768x408.png 768w, https:\/\/univet.hu\/wp-content\/uploads\/2026\/03\/kutyasperma-1536x816.png 1536w, https:\/\/univet.hu\/wp-content\/uploads\/2026\/03\/kutyasperma.png 1899w\" sizes=\"auto, (max-width: 320px) 100vw, 320px\" \/><\/strong><\/p> <p>A laborat\u00f3riumi k\u00f6lts\u00e9geken k\u00edv\u00fcl klinikai vizsg\u00e1lat + spermav\u00e9teli d\u00edjat sz\u00e1m\u00edtunk fel, ami mag\u00e1ban foglalja az anamn\u00e9zis felv\u00e9tel\u00e9t, az ebek fizik\u00e1lis vizsg\u00e1lat\u00e1t \u00e9s a spermav\u00e9teli elj\u00e1r\u00e1st, valamint az orvosi konzult\u00e1ci\u00f3t. A Kis\u00e1llat Sz\u00fcl\u00e9szeti Klinika <a href=\"https:\/\/univet.hu\/hu\/klinikak\/kisallatklinika\/szuleszeti-klinika-kisallatklinika\/\">\u00e1rair\u00f3l itt<\/a> tud t\u00e1j\u00e9koz\u00f3dni.<\/p> <p>Az \u00e1rak 2026.01.01-t\u0151l \u00e9rv\u00e9nyesek.<\/p> <p>T\u00e1j\u00e9koztat\u00f3 <strong>kutyasperma vizsg\u00e1lattal \u00e9s -fagyaszt\u00e1ssal<\/strong> kapcsolatban, \u00e1llattart\u00f3knak<\/p> <p>A <strong>kan kuty\u00e1k<\/strong> androl\u00f3giai kivizsg\u00e1l\u00e1sa az \u00c1llatorvostudom\u00e1nyi Egyetem (1078 Bp., Istv\u00e1n u. 2.) Kis\u00e1llat Klinika Sz\u00fcl\u00e9szeti r\u00e9szleg\u00e9n el\u0151zetes id\u0151pontfoglalal\u00e1st k\u00f6vet\u0151en minden h\u00e9tk\u00f6znap lehets\u00e9ges.<\/p> <p>Telefonsz\u00e1m: <strong>061 478-4200- Kis\u00e1llatklinika, Sz\u00fcl\u00e9szet<\/strong><\/p> <p>Amennyiben az androl\u00f3giai vizsg\u00e1latot spermavizsg\u00e1lattal \u00e9s\/vagy spermafagyaszt\u00e1ssal szeretn\u00e9k kieg\u00e9sz\u00edteni, arra is van m\u00f3d. A spermav\u00e9tel a Klinik\u00e1n t\u00f6rt\u00e9nik, a spermavizsg\u00e1lat- \u00e9s fagyaszt\u00e1s pedig az Androl\u00f3giai \u00e9s Assziszt\u00e1lt Reprodukci\u00f3s Laborat\u00f3riumban. Ebben az esetben is a klinik\u00e1t kell h\u00edvni, az ott dolgoz\u00f3 klinikus \u00e1llatorvosok pedig id\u0151pontot egyeztetnek a laborban dolgoz\u00f3 koll\u00e9g\u00e1kkal, ez ut\u00e1n tudunk id\u0151pontot adni spermav\u00e9telre a klinik\u00e1ra, ahonnan a kan kuty\u00e1t\u00f3l levett minta \u00e1tker\u00fcl a laborba vizsg\u00e1latra, feldolgoz\u00e1sra.<\/p> <p>A laborat\u00f3rium minden h\u00e9tk\u00f6znap 8:30-t\u00f3l 13:00-ig fogad mint\u00e1t.<\/p> <ul> <li>A <strong>spermafagyaszt\u00e1s<\/strong> &#8211; spermavizsg\u00e1lattal kieg\u00e9sz\u00edtve &#8211; egy \u00f6sszetett \u00e9s id\u0151ig\u00e9nyes folyamat. A laborba \u00e9rkezett mint\u00e1k feldolgoz\u00e1sa a k\u00f6vetkez\u0151 l\u00e9p\u00e9sekb\u0151l \u00e1ll:<\/li> <li>spermavizsg\u00e1lat \u2013 fizik\u00e1lis vizsg\u00e1lat, t\u00e9rfogatm\u00e9r\u00e9s, motilit\u00e1s vizsg\u00e1lat, kenetk\u00e9sz\u00edt\u00e9s, az ejakul\u00e1tum egy milliliter\u00e9ben l\u00e9v\u0151 spermium koncentr\u00e1ci\u00f3 \u00e9s az ejakul\u00e1tum teljes mennyis\u00e9g\u00e9ben tal\u00e1lhat\u00f3 \u00f6ssz-spermiumsz\u00e1m meghat\u00e1roz\u00e1sa, centrifug\u00e1l\u00e1s<\/li> <li>spermafagyaszt\u00e1s &#8211; A fagyaszt\u00e1s sor\u00e1n el\u0151sz\u00f6r a nat\u00edv minta \u00f6ssz-sejtsz\u00e1ma \u00e9s a lefagyasztand\u00f3 szalm\u00e1kban el\u00e9rni k\u00edv\u00e1nt koncentr\u00e1ci\u00f3 alapj\u00e1n h\u00edg\u00edtjuk a lecentrifug\u00e1lt mint\u00e1t, majd 4-5 \u00b0C-os h\u0171t\u0151pultba tessz\u00fck. Az \u00fagynevezett equilibr\u00e1ci\u00f3s id\u0151 letelt\u00e9vel hozz\u00e1adjuk a h\u00edg\u00edt\u00f3 m\u00e1sik fel\u00e9t \u00e9s m\u0171szalm\u00e1kba t\u00f6ltj\u00fck a h\u00edg\u00edtott, h\u0171t\u00f6tt mint\u00e1t. A m\u0171szalm\u00e1kat ezut\u00e1n foly\u00e9kony nitrog\u00e9n g\u0151zbe helyezz\u00fck bizonyos ideig, majd beker\u00fclnek a foly\u00e9kony nitrog\u00e9nbe, -196 \u00b0C-ra.<\/li> <li>pr\u00f3ba felolvaszt\u00e1s: A lefagyasztott m\u0171szalm\u00e1kb\u00f3l egyet felolvasztunk, majd motilit\u00e1s vizsg\u00e1latot v\u00e9gz\u00fcnk a testh\u0151m\u00e9rs\u00e9kletre felmeleg\u00edtett sperm\u00e1n. Ez\u00e1ltal kapunk k\u00e9pet arr\u00f3l, hogy milyen ar\u00e1nyban \u00e9lt\u00e9k t\u00fal a sejtek a fagyaszt\u00e1s- felolvaszt\u00e1s folyamat\u00e1t, illetve ez alapj\u00e1n tudjuk meghat\u00e1rozni a term\u00e9keny\u00edt\u0151 d\u00f3zisokat (h\u00e1ny m\u0171szalm\u00e1t kell felhaszn\u00e1lni a term\u00e9keny\u00edt\u00e9s sor\u00e1n).<\/li> <li>kenet elemz\u00e9s: kenet fest\u00e9se majd mikroszk\u00f3pos elemz\u00e9se<\/li> <li>lelet\u00edr\u00e1s- a leletet email-ben k\u00fcldj\u00fck el az \u00e1llat tulajdonosnak, ez\u00e9rt fontos, hogy megfelel\u0151 adatok legyenek megadva a klinik\u00e1n<\/li> <\/ul> <p>K\u00e9rj\u00fck vegy\u00e9k figyelembe, hogy nem minden kutya sperm\u00e1ja h\u0171thet\u0151, fagyaszthat\u00f3 j\u00f3 hat\u00e9konys\u00e1ggal. A kutya spermiumokra \u00e1ltal\u00e1noss\u00e1gban elmondhat\u00f3, hogy j\u00f3l toler\u00e1lj\u00e1k a h\u0171t\u00e9s, fagyaszt\u00e1s, felolvaszt\u00e1s folyamat\u00e1t, azonban a fagyaszt\u00e1s sor\u00e1n k\u00e9pz\u0151d\u0151 j\u00e9gkrist\u00e1lyok k\u00e1ros\u00edthatj\u00e1k a spermiumokat, illetve egy\u00e9b k\u00e1ros sejt\u00e9lettani hat\u00e1sok miatt k\u00fcl\u00f6nbs\u00e9gek tapasztalhat\u00f3k az egyedek (kanok) k\u00f6z\u00f6tt a t\u00fal\u00e9l\u0151 spermiumok ar\u00e1ny\u00e1ban. Ezeket a negat\u00edv hat\u00e1sokat igyeksz\u00fcnk kiv\u00e9deni a saj\u00e1t vizsg\u00e1lataink alapj\u00e1n kapott, illetve a szakirodalom adatai alapj\u00e1n is egyik legjobbnak v\u00e9lt fagyaszt\u00f3 oldat (h\u00edg\u00edt\u00f3) haszn\u00e1lat\u00e1val.<\/p> <p>K\u00e9rj\u00fck, amennyiben spermafagyaszt\u00e1s c\u00e9lj\u00e1b\u00f3l hozz\u00e1k el hozz\u00e1nk kan kuty\u00e1jukat, az olt\u00e1si k\u00f6nyvet mindenk\u00e9pp hozz\u00e1k magukkal, ugyanis veszetts\u00e9g, szopornyica, parvo v\u00edrus ellen oltottnak kell lennie az ebnek (61\/2002-es FVM rendelet). Emellett, a rendelet alapj\u00e1n, a fedez\u00e9s, spermanyer\u00e9s c\u00e9lj\u00e1ra haszn\u00e1lt ebet f\u00e9l\u00e9venk\u00e9nt szerol\u00f3giailag meg kell vizsg\u00e1lni brucella canis betegs\u00e9g al\u00f3li mentess\u00e9ge meg\u00e1llap\u00edt\u00e1sa c\u00e9lj\u00e1b\u00f3l (erre a spermav\u00e9tel el\u0151tt a Klinik\u00e1n is van lehet\u0151s\u00e9g). Ha export c\u00e9llal fagyasztan\u00e1k a sperm\u00e1t:<br \/> Vannak olyan orsz\u00e1gok, amelyekbe csak akkor lehet kutyasperm\u00e1t export\u00e1lni, amennyiben sz\u0171rve volt az eb Brucella canisra illetve sz\u0171rve vagy oltva leptospirosisra. Ezen sz\u0171r\u0151vizsg\u00e1latokat orsz\u00e1gok szerint k\u00fcl\u00f6nb\u00f6z\u0151 id\u0151pontban kell elv\u00e9gezni a spermav\u00e9telhez k\u00e9pest, ez\u00e9rt aj\u00e1nlott el\u0151re t\u00e1j\u00e9koz\u00f3dni a c\u00e9lorsz\u00e1g szab\u00e1lyair\u00f3l a teny\u00e9szt\u0151-sz\u00f6vets\u00e9gekn\u00e9l, amennyiben export\u00e1lni szeretn\u00e9k kuty\u00e1juk szapor\u00edt\u00f3anyag\u00e1t!<\/p>","protected":false},"excerpt":{"rendered":"<p>\u00a0Vezet\u0151:\u00a0Dr. Cseh S\u00e1ndor Munkat\u00e1rsak: Keresztes Zsuzsanna &#8211; tel: 061 478 4100; Mell\u00e9k: 8340 (8-14 \u00f3r\u00e1ig)- laborat\u00f3riumi szakasszisztens Dr. Somosk\u0151i Bence&#8211; tudom\u00e1nyos f\u0151munkat\u00e1rs Dr. Balassa- T\u00f6r\u00f6k D\u00f3ra &#8211; tudom\u00e1nyos munkat\u00e1rs Dr. Bacsa M\u00f3nika&#8211; \u00e1llatorvos \u00c1rkin\u00e9 Dr. Vincze Bogl\u00e1rka&#8211; \u00e1llatorvos, egyetemi docens Az \u00c1llatorvostudom\u00e1nyi Egyetem Sz\u00fcl\u00e9szeti Tansz\u00e9k\u00e9hez tartoz\u00f3 Androl\u00f3gia \u00e9s Assziszt\u00e1lt Reprodukci\u00f3s Laborat\u00f3rium laborat\u00f3riumi szolg\u00e1ltat\u00e1sok v\u00e9gz\u00e9s\u00e9n k\u00edv\u00fcl<\/p>\n","protected":false},"author":3837,"featured_media":0,"parent":16150,"menu_order":0,"comment_status":"closed","ping_status":"closed","template":"","meta":{"_acf_changed":false,"footnotes":""},"categories":[],"tags":[],"class_list":["post-16154","page","type-page","status-publish","hentry"],"acf":[],"_links":{"self":[{"href":"https:\/\/univet.hu\/hu\/wp-json\/wp\/v2\/pages\/16154","targetHints":{"allow":["GET"]}}],"collection":[{"href":"https:\/\/univet.hu\/hu\/wp-json\/wp\/v2\/pages"}],"about":[{"href":"https:\/\/univet.hu\/hu\/wp-json\/wp\/v2\/types\/page"}],"author":[{"embeddable":true,"href":"https:\/\/univet.hu\/hu\/wp-json\/wp\/v2\/users\/3837"}],"replies":[{"embeddable":true,"href":"https:\/\/univet.hu\/hu\/wp-json\/wp\/v2\/comments?post=16154"}],"version-history":[{"count":5,"href":"https:\/\/univet.hu\/hu\/wp-json\/wp\/v2\/pages\/16154\/revisions"}],"predecessor-version":[{"id":204411,"href":"https:\/\/univet.hu\/hu\/wp-json\/wp\/v2\/pages\/16154\/revisions\/204411"}],"up":[{"embeddable":true,"href":"https:\/\/univet.hu\/hu\/wp-json\/wp\/v2\/pages\/16150"}],"wp:attachment":[{"href":"https:\/\/univet.hu\/hu\/wp-json\/wp\/v2\/media?parent=16154"}],"wp:term":[{"taxonomy":"category","embeddable":true,"href":"https:\/\/univet.hu\/hu\/wp-json\/wp\/v2\/categories?post=16154"},{"taxonomy":"post_tag","embeddable":true,"href":"https:\/\/univet.hu\/hu\/wp-json\/wp\/v2\/tags?post=16154"}],"curies":[{"name":"wp","href":"https:\/\/api.w.org\/{rel}","templated":true}]}}