{"id":16156,"date":"1970-01-01T01:00:00","date_gmt":"1970-01-01T00:00:00","guid":{"rendered":"http:\/\/univet.hu\/egyetem\/szervezeti-egysegek\/szuleszeti-es-szaporodasbiologiai-tanszek-es-klinika\/szolgaltatasok\/endokrinologiai-laboratorium\/"},"modified":"2026-03-20T11:36:21","modified_gmt":"2026-03-20T10:36:21","slug":"endokrinologiai-laboratorium","status":"publish","type":"page","link":"https:\/\/univet.hu\/hu\/egyetem\/szervezeti-egysegek\/szuleszeti-es-szaporodasbiologiai-tanszek-es-klinika\/szolgaltatasok\/endokrinologiai-laboratorium\/","title":{"rendered":"Endokrinol\u00f3giai laborat\u00f3rium"},"content":{"rendered":"<p><strong>Vezet\u0151:\u00a0<\/strong><a title=\"Somosk\u0151i Bence\" href=\"https:\/\/univet.hu\/hu\/egyetem\/munkatarsak\/somoskoi-bence\" data-replaced=\"true\">Somosk\u0151i Bence<\/a> tudom\u00e1nyos f\u0151munkat\u00e1rs, email: <a class=\"decrypt\" rel=\"tpnptlpj\/cfodfAvojwfu\/iv\" href=\"javascript:void(0);\">[Kattintson az emailc\u00edmhez]<\/a><\/p> <p><strong>Munkat\u00e1rsak:<\/strong><\/p> <ul> <li><a title=\"Von\u00e1n\u00e9 Nagy Alice\" href=\"https:\/\/univet.hu\/hu\/egyetem\/munkatarsak\/vonane-nagy-alice\" data-replaced=\"true\">Von\u00e1n\u00e9 Nagy Alice<\/a><\/li> <li><a href=\"https:\/\/univet.hu\/hu\/egyetem\/munkatarsak\/nagy-monika-eva\/\">Nagy M\u00f3nika \u00c9va<\/a><\/li> <\/ul> <p>&nbsp;<\/p> <p><strong>Tev\u00e9kenys\u00e9g\u00fcnk:<\/strong><\/p> <ul> <li>Szaporod\u00e1sbiol\u00f3giai szempontb\u00f3l fontos hormonok min\u0151s\u00e9gi \u00e9s mennyis\u00e9gi meghat\u00e1roz\u00e1sa (saj\u00e1t \u00e9s k\u00fclf\u00f6ldi teszt-k\u00e9szletekkel).<\/li> <li>Kutat\u00f3- \u00e9s szolg\u00e1ltat\u00f3 tev\u00e9kenys\u00e9g, enzim-immun analitikai m\u00f3dszerek fejleszt\u00e9se, reagens-k\u00e9szletek el\u0151\u00e1ll\u00edt\u00e1sa, forgalmaz\u00e1sa.<\/li> <li>Reagens-k\u00e9szletek el\u0151\u00e1ll\u00edt\u00e1sa, dokument\u00e1l\u00e1sa, terjeszt\u00e9se, betan\u00edt\u00e1s, a vizsg\u00e1latokkal kapcsolatos tan\u00e1csad\u00e1s.<\/li> <li>Laborat\u00f3riumi vizsg\u00e1latok immunol\u00f3giai, toxikol\u00f3giai, endokrinol\u00f3giai kutat\u00e1si munk\u00e1kban.<\/li> <li>PhD hallgat\u00f3k \u00e9s diplomamunk\u00e1t k\u00e9sz\u00edt\u0151 di\u00e1kok k\u00eds\u00e9rleteinek t\u00e1mogat\u00e1sa.<\/li> <\/ul> <p>&nbsp;<\/p> <p class=\"xmsonormal\"><b>MINTA \u00c1TV\u00c9TEL: MINDEN H\u00c9TK\u00d6ZNAP 8.00-10.00 \u00d3R\u00c1IG<\/b><\/p> <p>Telefon: 0614784100\/8344, 06709053501<\/p> <p>&nbsp;<\/p> <p>&nbsp;<\/p> <p>&nbsp;<\/p> <p>&nbsp;<\/p> <p>&nbsp;<\/p>","protected":false},"excerpt":{"rendered":"<p>Vezet\u0151:\u00a0Somosk\u0151i Bence tudom\u00e1nyos f\u0151munkat\u00e1rs, email: [Kattintson az emailc\u00edmhez] Munkat\u00e1rsak: Von\u00e1n\u00e9 Nagy Alice Nagy M\u00f3nika \u00c9va &nbsp; Tev\u00e9kenys\u00e9g\u00fcnk: Szaporod\u00e1sbiol\u00f3giai szempontb\u00f3l fontos hormonok min\u0151s\u00e9gi \u00e9s mennyis\u00e9gi meghat\u00e1roz\u00e1sa (saj\u00e1t \u00e9s k\u00fclf\u00f6ldi teszt-k\u00e9szletekkel). Kutat\u00f3- \u00e9s szolg\u00e1ltat\u00f3 tev\u00e9kenys\u00e9g, enzim-immun analitikai m\u00f3dszerek fejleszt\u00e9se, reagens-k\u00e9szletek el\u0151\u00e1ll\u00edt\u00e1sa, forgalmaz\u00e1sa. Reagens-k\u00e9szletek el\u0151\u00e1ll\u00edt\u00e1sa, dokument\u00e1l\u00e1sa, terjeszt\u00e9se, betan\u00edt\u00e1s, a vizsg\u00e1latokkal kapcsolatos tan\u00e1csad\u00e1s. Laborat\u00f3riumi vizsg\u00e1latok immunol\u00f3giai, toxikol\u00f3giai, endokrinol\u00f3giai kutat\u00e1si<\/p>\n","protected":false},"author":3837,"featured_media":0,"parent":16150,"menu_order":0,"comment_status":"closed","ping_status":"closed","template":"","meta":{"_acf_changed":false,"footnotes":""},"categories":[],"tags":[],"class_list":["post-16156","page","type-page","status-publish","hentry"],"acf":[],"_links":{"self":[{"href":"https:\/\/univet.hu\/hu\/wp-json\/wp\/v2\/pages\/16156","targetHints":{"allow":["GET"]}}],"collection":[{"href":"https:\/\/univet.hu\/hu\/wp-json\/wp\/v2\/pages"}],"about":[{"href":"https:\/\/univet.hu\/hu\/wp-json\/wp\/v2\/types\/page"}],"author":[{"embeddable":true,"href":"https:\/\/univet.hu\/hu\/wp-json\/wp\/v2\/users\/3837"}],"replies":[{"embeddable":true,"href":"https:\/\/univet.hu\/hu\/wp-json\/wp\/v2\/comments?post=16156"}],"version-history":[{"count":4,"href":"https:\/\/univet.hu\/hu\/wp-json\/wp\/v2\/pages\/16156\/revisions"}],"predecessor-version":[{"id":203425,"href":"https:\/\/univet.hu\/hu\/wp-json\/wp\/v2\/pages\/16156\/revisions\/203425"}],"up":[{"embeddable":true,"href":"https:\/\/univet.hu\/hu\/wp-json\/wp\/v2\/pages\/16150"}],"wp:attachment":[{"href":"https:\/\/univet.hu\/hu\/wp-json\/wp\/v2\/media?parent=16156"}],"wp:term":[{"taxonomy":"category","embeddable":true,"href":"https:\/\/univet.hu\/hu\/wp-json\/wp\/v2\/categories?post=16156"},{"taxonomy":"post_tag","embeddable":true,"href":"https:\/\/univet.hu\/hu\/wp-json\/wp\/v2\/tags?post=16156"}],"curies":[{"name":"wp","href":"https:\/\/api.w.org\/{rel}","templated":true}]}}