{"id":1617,"date":"2018-03-21T12:03:14","date_gmt":"2018-03-21T11:03:14","guid":{"rendered":"http:\/\/univet.hu\/egyetem\/konyvtar\/szolgaltatasok\/"},"modified":"2018-03-21T15:17:19","modified_gmt":"2018-03-21T14:17:19","slug":"szolgaltatasok","status":"publish","type":"page","link":"https:\/\/univet.hu\/hu\/egyetem\/konyvtar\/szolgaltatasok\/","title":{"rendered":"Szolg\u00e1ltat\u00e1sok"},"content":{"rendered":"<p>A lev\u00e9lt\u00e1ri anyagok felt\u00f6lt\u00e9se folyamatosan t\u00f6rt\u00e9nik, addig k\u00e9rj\u00fck \u00e9rdek\u0151djenek telefonon vagy emailben.<\/p> <p><strong>Kutat\u00f3szolg\u00e1lat<\/strong><\/p> <ul> <li>kutat\u00f3termi szab\u00e1lyzat<\/li> <li>nyitva tart\u00e1s<\/li> <li>m\u00e1solatk\u00e9sz\u00edt\u00e9s d\u00edjai<\/li> <\/ul> <p><strong>\u00dcgyf\u00e9lszolg\u00e1lat<\/strong><\/p> <p>\u00fcgyfeleink felkereshetnek minket<\/p> <ul> <li>szem\u00e9lyesen(<a class=\"decrypt\" rel=\"iuuqt;00xxx\/hpphmf\/iv0nbqt0qmbdf0Jtuw&D4&B2o,v\/,3-,Cvebqftu-,T{fou,Jtuw&D4&B2o,Fhzfufn-,T{fou,Jtuwbo,Vojwfstjuz-,21890A58\/614384:-2:\/1887359-28{0ebub>\"4n2\"5c2\"5n3\"4n2\"2t1y5852ed747b43795c;1y252g:56b:649f414\" href=\"javascript:void(0);\">[Kattintson az emailc\u00edmhez]<\/a>)<\/li> <li>lev\u00e9lben: \u00c1llatorvostudom\u00e1nyi Egyetem 1078 Bp. Istv\u00e1n u. 2. &#8220;D&#8221; \u00e9p\u00fclet<\/li> <li>telefonon: +36 1 \u00a0478 4226<\/li> <li>faxon: +36 1 4784227<\/li> <li>emailben: <a class=\"decrypt\" rel=\"cp{p\/cfodfAvojwfu\/iv\" href=\"javascript:void(0);\">[Kattintson az emailc\u00edmhez]<\/a><\/li> <\/ul> <p>\u00dcgyfeleinket t\u00e1j\u00e9koztatjuk a kutat\u00e1s menet\u00e9r\u0151l, tov\u00e1bb\u00e1 m\u00e1s lev\u00e9lt\u00e1rban\/k\u00f6zgy\u0171jtem\u00e9nyben a kutat\u00e1s lehet\u0151s\u00e9geir\u0151l.<\/p> <p><strong>Iratkezel\u00e9si tan\u00e1csad\u00e1s<\/strong><\/p> <p>&nbsp;<\/p> <p><strong>Nyitva tart\u00e1s:<\/strong><\/p> <ul> <li>H\u00e9tf\u0151: 8.30-15.30<\/li> <li>Kedd: 8.30-15.30<\/li> <li>Szerda: 8.30-15.30<\/li> <li>Cs\u00fct\u00f6rt\u00f6k: 8.30-15.30<\/li> <li>P\u00e9ntek: 9.00-11.00<\/li> <\/ul> <p><strong>M\u00e1solatk\u00e9sz\u00edt\u00e9s d\u00edjai:<\/strong><\/p> <p>A lev\u00e9lt\u00e1ri t\u00f6rv\u00e9ny alapj\u00e1n a lev\u00e9lt\u00e1ri iratanyagban a kutat\u00e1s ingyenes.<\/p> <table> <tbody> <tr> <td>M\u00e1sol\u00e1s<\/td> <td> <h5>A\/4: 17,- Ft\/oldal<br \/> A\/3: 34,- Ft\/oldal<\/h5> <\/td> <\/tr> <tr> <td>M\u00e1sol\u00e1s muze\u00e1lis anyagb\u00f3l<\/td> <td> <h5>90,- Ft\/oldal<\/h5> <\/td> <\/tr> <tr> <td>Szkennel\u00e9s megrendel\u00e9sre<\/td> <td> <h5>60,- Ft\/oldal<\/h5> <\/td> <\/tr> <\/tbody> <\/table>","protected":false},"excerpt":{"rendered":"<p>A lev\u00e9lt\u00e1ri anyagok felt\u00f6lt\u00e9se folyamatosan t\u00f6rt\u00e9nik, addig k\u00e9rj\u00fck \u00e9rdek\u0151djenek telefonon vagy emailben. Kutat\u00f3szolg\u00e1lat kutat\u00f3termi szab\u00e1lyzat nyitva tart\u00e1s m\u00e1solatk\u00e9sz\u00edt\u00e9s d\u00edjai \u00dcgyf\u00e9lszolg\u00e1lat \u00fcgyfeleink felkereshetnek minket szem\u00e9lyesen(<\/p>\n","protected":false},"author":1,"featured_media":0,"parent":1081,"menu_order":218,"comment_status":"closed","ping_status":"closed","template":"","meta":{"_acf_changed":false,"footnotes":""},"categories":[],"tags":[],"class_list":["post-1617","page","type-page","status-publish","hentry"],"acf":[],"_links":{"self":[{"href":"https:\/\/univet.hu\/hu\/wp-json\/wp\/v2\/pages\/1617","targetHints":{"allow":["GET"]}}],"collection":[{"href":"https:\/\/univet.hu\/hu\/wp-json\/wp\/v2\/pages"}],"about":[{"href":"https:\/\/univet.hu\/hu\/wp-json\/wp\/v2\/types\/page"}],"author":[{"embeddable":true,"href":"https:\/\/univet.hu\/hu\/wp-json\/wp\/v2\/users\/1"}],"replies":[{"embeddable":true,"href":"https:\/\/univet.hu\/hu\/wp-json\/wp\/v2\/comments?post=1617"}],"version-history":[{"count":0,"href":"https:\/\/univet.hu\/hu\/wp-json\/wp\/v2\/pages\/1617\/revisions"}],"up":[{"embeddable":true,"href":"https:\/\/univet.hu\/hu\/wp-json\/wp\/v2\/pages\/1081"}],"wp:attachment":[{"href":"https:\/\/univet.hu\/hu\/wp-json\/wp\/v2\/media?parent=1617"}],"wp:term":[{"taxonomy":"category","embeddable":true,"href":"https:\/\/univet.hu\/hu\/wp-json\/wp\/v2\/categories?post=1617"},{"taxonomy":"post_tag","embeddable":true,"href":"https:\/\/univet.hu\/hu\/wp-json\/wp\/v2\/tags?post=1617"}],"curies":[{"name":"wp","href":"https:\/\/api.w.org\/{rel}","templated":true}]}}