{"id":16182,"date":"2018-09-07T20:18:43","date_gmt":"2018-09-07T18:18:43","guid":{"rendered":"http:\/\/univet.hu\/?page_id=16182"},"modified":"2026-02-23T16:01:19","modified_gmt":"2026-02-23T15:01:19","slug":"bepillantas-a-klinika-eletebe","status":"publish","type":"page","link":"https:\/\/univet.hu\/hu\/klinikak\/kisallatklinika\/sebeszet\/bepillantas-a-klinika-eletebe\/","title":{"rendered":"Bepillant\u00e1s a klinika \u00e9let\u00e9be"},"content":{"rendered":"<ul id='gallery-1' class='gallery galleryid-16182 block-grid-xs-2 block-grid-sm-3 block-grid-md-4 block-grid-lg-5'><li class='gallery-item'>         <span class='gallery-icon'>             <a href='https:\/\/univet.hu\/wp-content\/uploads\/2018\/09\/allatorvostudomanyi-egyetem-kisallat-bepillantas-45.jpg'><img loading=\"lazy\" decoding=\"async\" width=\"320\" height=\"320\" src=\"https:\/\/univet.hu\/wp-content\/uploads\/2018\/09\/allatorvostudomanyi-egyetem-kisallat-bepillantas-45-320x320.jpg\" class=\"attachment-thumbnail size-thumbnail\" alt=\"\" \/><\/a>         <\/span><\/li><\/ul>","protected":false},"excerpt":{"rendered":"","protected":false},"author":1,"featured_media":0,"parent":18640,"menu_order":127,"comment_status":"closed","ping_status":"closed","template":"","meta":{"_acf_changed":false,"footnotes":""},"categories":[],"tags":[],"class_list":["post-16182","page","type-page","status-publish","hentry"],"acf":[],"_links":{"self":[{"href":"https:\/\/univet.hu\/hu\/wp-json\/wp\/v2\/pages\/16182","targetHints":{"allow":["GET"]}}],"collection":[{"href":"https:\/\/univet.hu\/hu\/wp-json\/wp\/v2\/pages"}],"about":[{"href":"https:\/\/univet.hu\/hu\/wp-json\/wp\/v2\/types\/page"}],"author":[{"embeddable":true,"href":"https:\/\/univet.hu\/hu\/wp-json\/wp\/v2\/users\/1"}],"replies":[{"embeddable":true,"href":"https:\/\/univet.hu\/hu\/wp-json\/wp\/v2\/comments?post=16182"}],"version-history":[{"count":2,"href":"https:\/\/univet.hu\/hu\/wp-json\/wp\/v2\/pages\/16182\/revisions"}],"predecessor-version":[{"id":201573,"href":"https:\/\/univet.hu\/hu\/wp-json\/wp\/v2\/pages\/16182\/revisions\/201573"}],"up":[{"embeddable":true,"href":"https:\/\/univet.hu\/hu\/wp-json\/wp\/v2\/pages\/18640"}],"wp:attachment":[{"href":"https:\/\/univet.hu\/hu\/wp-json\/wp\/v2\/media?parent=16182"}],"wp:term":[{"taxonomy":"category","embeddable":true,"href":"https:\/\/univet.hu\/hu\/wp-json\/wp\/v2\/categories?post=16182"},{"taxonomy":"post_tag","embeddable":true,"href":"https:\/\/univet.hu\/hu\/wp-json\/wp\/v2\/tags?post=16182"}],"curies":[{"name":"wp","href":"https:\/\/api.w.org\/{rel}","templated":true}]}}