{"id":16184,"date":"2018-09-07T20:19:22","date_gmt":"2018-09-07T18:19:22","guid":{"rendered":"http:\/\/univet.hu\/?page_id=16184"},"modified":"2018-09-16T00:18:09","modified_gmt":"2018-09-15T22:18:09","slug":"panaszok-es-eszrevetelek","status":"publish","type":"page","link":"https:\/\/univet.hu\/hu\/klinikak\/kisallatklinika\/sebeszet\/panaszok-es-eszrevetelek\/","title":{"rendered":"Panaszok \u00e9s \u00e9szrev\u00e9telek"},"content":{"rendered":"<p>A tulajdonosi panaszok kivizsg\u00e1l\u00e1sa \u00fcgy\u00e9ben illet\u00e9kes vezet\u0151: Prof. dr N\u00e9meth Tibor, egyetemi tan\u00e1r, tansz\u00e9kvezet\u0151.<\/p> <p>E-mail c\u00edm: <a class=\"decrypt\" rel=\"ofnfui\/ujcpsAvojwfu\/iv\" href=\"javascript:void(0);\">[Kattintson az emailc\u00edmhez]<\/a><\/p>","protected":false},"excerpt":{"rendered":"<p>A tulajdonosi panaszok kivizsg\u00e1l\u00e1sa \u00fcgy\u00e9ben illet\u00e9kes vezet\u0151: Prof. dr N\u00e9meth Tibor, egyetemi tan\u00e1r, tansz\u00e9kvezet\u0151. E-mail c\u00edm: [Kattintson az emailc\u00edmhez]<\/p>\n","protected":false},"author":1,"featured_media":0,"parent":18640,"menu_order":157,"comment_status":"closed","ping_status":"closed","template":"","meta":{"_acf_changed":false,"footnotes":""},"categories":[],"tags":[],"class_list":["post-16184","page","type-page","status-publish","hentry"],"acf":[],"_links":{"self":[{"href":"https:\/\/univet.hu\/hu\/wp-json\/wp\/v2\/pages\/16184","targetHints":{"allow":["GET"]}}],"collection":[{"href":"https:\/\/univet.hu\/hu\/wp-json\/wp\/v2\/pages"}],"about":[{"href":"https:\/\/univet.hu\/hu\/wp-json\/wp\/v2\/types\/page"}],"author":[{"embeddable":true,"href":"https:\/\/univet.hu\/hu\/wp-json\/wp\/v2\/users\/1"}],"replies":[{"embeddable":true,"href":"https:\/\/univet.hu\/hu\/wp-json\/wp\/v2\/comments?post=16184"}],"version-history":[{"count":0,"href":"https:\/\/univet.hu\/hu\/wp-json\/wp\/v2\/pages\/16184\/revisions"}],"up":[{"embeddable":true,"href":"https:\/\/univet.hu\/hu\/wp-json\/wp\/v2\/pages\/18640"}],"wp:attachment":[{"href":"https:\/\/univet.hu\/hu\/wp-json\/wp\/v2\/media?parent=16184"}],"wp:term":[{"taxonomy":"category","embeddable":true,"href":"https:\/\/univet.hu\/hu\/wp-json\/wp\/v2\/categories?post=16184"},{"taxonomy":"post_tag","embeddable":true,"href":"https:\/\/univet.hu\/hu\/wp-json\/wp\/v2\/tags?post=16184"}],"curies":[{"name":"wp","href":"https:\/\/api.w.org\/{rel}","templated":true}]}}