{"id":16191,"date":"2018-09-07T20:34:57","date_gmt":"2018-09-07T18:34:57","guid":{"rendered":"http:\/\/univet.hu\/klinikak\/kisallatklinika\/oktatas\/"},"modified":"2023-03-13T00:15:00","modified_gmt":"2023-03-12T23:15:00","slug":"oktatas","status":"publish","type":"page","link":"https:\/\/univet.hu\/hu\/klinikak\/kisallatklinika\/sebeszet\/oktatas\/","title":{"rendered":"Oktat\u00e1s"},"content":{"rendered":"<h2>1. \u00c1ltal\u00e1nos tudnival\u00f3k<\/h2> <p>&nbsp;<\/p> <h3>A tansz\u00e9k r\u00f6vid t\u00f6rt\u00e9nete<\/h3> <p>II. J\u00f3zsef 1786. december 12-\u00e9n kelt rendelete a pesti egyetemen \u00e1llatgy\u00f3gy\u00e1szati tansz\u00e9k szervez\u00e9s\u00e9t mondta ki, amely int\u00e9zm\u00e9nyben megkezd\u0151dhetett a seb\u00e9szet oktat\u00e1sa. Az egyetem orvostan- \u00e9s seb\u00e9sz hallgat\u00f3i a k\u00f6telez\u0151 tant\u00e1rgyak k\u00f6z\u00f6tt m\u00e1r tanultak seb\u00e9szeti k\u00f3rtant, klinikai seb\u00e9szetet, m\u0171t\u00e9ttant, m\u0171szer- \u00e9s k\u00f6tszertant. A tananyaghoz j\u00e1rult hozz\u00e1 az \u00fajonnan bevezetett \u00e1llatorvostan, Tolnay S\u00e1ndor professzor speci\u00e1lis \u00e1llatseb\u00e9szeti ismereteivel, Wolstein b\u00e9csi professzor k\u00f6nyvei alapj\u00e1n. Abban az id\u0151ben az \u00e1llatorvosi seb\u00e9szet messze a hum\u00e1n seb\u00e9szet ut\u00e1n k\u00f6vetkezett fontoss\u00e1g\u00e1t tekintve. \u00c9rz\u00e9kelhet\u0151 fejl\u0151d\u00e9st a seb\u00e9szet oktat\u00e1s\u00e1ban Zlam\u00e1l Vilmos \u00e9rt el (1803\u20131886) felismerve az \u00e1llatorvosi seb\u00e9szet, mint \u00f6n\u00e1ll\u00f3 tant\u00e1rgy fontoss\u00e1g\u00e1t, az egy\u00e9b kapcsol\u00f3d\u00f3 tudom\u00e1nyok k\u00f6z\u00f6tt. A seb\u00e9szet els\u0151 kinevezett tan\u00e1ra Varga Ferenc orvosdoktor volt, aki egyben a magyar operat\u00edv seb\u00e9szeti m\u0171t\u00e9ttan megteremt\u0151j\u00e9nek, Balassa professzornak az asszisztense is volt. 1870-ben alap\u00edtott\u00e1k meg a \u201ek\u00fcl\u00f6n\u00f6s seb\u00e9szeti \u00e9s m\u0171t\u00e9ti tansz\u00e9ket\u201d, amelyet a jelenlegi Rottenbiller utcai \u00e9p\u00fcletben helyeztek el. Pl\u00f3sz B\u00e9la professzor idej\u00e9ben ker\u00fclt teljes \u00e1tdolgoz\u00e1sra \u00e9s \u00fajraszervez\u00e9sre a tansz\u00e9k, amikor is a seb\u00e9szi aszepszis \u00e9s m\u0171t\u00e9ttan felt\u00e9telei megteremt\u00e9sre ker\u00fcltek. Pl\u00f3sz professzor mind a hasi, mind az ortop\u00e9d seb\u00e9szet kimagasl\u00f3 egy\u00e9nis\u00e9g\u00e9v\u00e9 v\u00e1lt a l\u00f3seb\u00e9szet ter\u00e9n. A k\u00f6vetkez\u0151 tansz\u00e9kvezet\u0151 Berr\u00e1r Mih\u00e1ly (1884\u20131929), az \u00e1llatorvosi seb\u00e9szet \u00e9s szem\u00e9szet nemzetk\u00f6zileg elfogadott szakembere lett. A tansz\u00e9k radiol\u00f3giai oszt\u00e1ly\u00e1t Guoth Gy. Endre alap\u00edtotta 1929-ben. K\u00f3m\u00e1r Gyula, majd B. Kov\u00e1cs Andr\u00e1s nev\u00e9hez f\u0171z\u0151dik a lovak \u00e9s szarvasmarh\u00e1k hasi- \u00e9s l\u00e1bv\u00e9gseb\u00e9szet\u00e9nek megalap\u00edt\u00e1sa. Tam\u00e1s L\u00e1szl\u00f3 professzor fejlesztette tov\u00e1bb a l\u00f3seb\u00e9szetet 1981-1989 k\u00f6z\u00f6tt, majd T\u00f3th J\u00f3zsef professzor vezet\u00e9se alatt \u00fajult meg \u00e9s moderniz\u00e1l\u00f3dott a tansz\u00e9k, egy val\u00f3ban eur\u00f3pai sz\u00ednvonal\u00fa int\u00e9zm\u00e9nny\u00e9 n\u0151ve ki mag\u00e1t mind nagy\u00e1llat (majd 1980-as \u00e9vek v\u00e9g\u00e9t\u0151l) mind a kis\u00e1llat seb\u00e9szet ter\u00fclet\u00e9n, eszk\u00f6z \u00e9s m\u0171szerig\u00e9ny\u00e9t, valamint a szakmai munk\u00e1t tekintve egyar\u00e1nt. T\u00f3th professzor k\u00fclf\u00f6ldre t\u00e1voz\u00e1sa ut\u00e1n Tam\u00e1s professzor, majd Felkai Ferenc egyetemi docens vezett\u00e9k a tansz\u00e9ket kur\u00e1tori poz\u00edci\u00f3ban. 2005-t\u0151l N\u00e9meth Tibor egyetemi docenst nevezt\u00e9k ki a tansz\u00e9k vezet\u0151j\u00e9v\u00e9.<\/p> <h3>A tansz\u00e9k fel\u00e9p\u00edt\u00e9se, egys\u00e9gei<\/h3> <p>A Seb\u00e9szeti \u00e9s Szem\u00e9szeti Tansz\u00e9k f\u0151 tev\u00e9kenys\u00e9gi k\u00f6re az \u00e1llatorvosi seb\u00e9szet oktat\u00e1sa. A t\u00e1rgy gyakorlati jellege miatt az Egyetem oktat\u00f3 klinik\u00e1t \u00fczemeltet, amelynek els\u0151dleges c\u00e9lja, hogy a hallgat\u00f3k testk\u00f6zelb\u0151l l\u00e1thass\u00e1k \u00e9s gyakorolhass\u00e1k &#8211; t\u00f6bbek k\u00f6z\u00f6tt &#8211;\u00a0 a seb\u00e9szet tudom\u00e1ny\u00e1t. A klinikai tev\u00e9kenys\u00e9g egy\u00fattal hagyom\u00e1nyos \u00e9rtelemben vett \u00e1llatorvosi gy\u00f3gy\u00edt\u00f3 szolg\u00e1ltat\u00e1s, amely a beteg \u00e1llatok \u00e9s tulajdonosaik ig\u00e9nyeit igyekszik kiszolg\u00e1lni. A tansz\u00e9k dolgoz\u00f3i egy\u00fattal tudom\u00e1nyos tev\u00e9kenys\u00e9get is folytatnak, kutat\u00e1saikkal hozz\u00e1j\u00e1rulnak az \u00e1llatorvosi seb\u00e9szet fejl\u0151d\u00e9s\u00e9hez.<br \/> A seb\u00e9szet oktat\u00e1sa nagyobb r\u00e9szben az Istv\u00e1n utcai campusban kisebb r\u00e9szben az \u00dcll\u0151i Nagy\u00e1llatklinik\u00e1n zajlik.<\/p> <h3>A tansz\u00e9k \u00e1ltal gondozott fakult\u00e1ci\u00f3k<\/h3> <ul> <li>Speci\u00e1lis m\u0171t\u00e9ti technik\u00e1k kis\u00e1llatok l\u00e1gyszervi seb\u00e9szete ter\u00fclet\u00e9n (Dr. N\u00e9meth T.)<\/li> <li>H\u00fasev\u0151k fog\u00e1szata (Dr. Dunay M.)<\/li> <li>Kis\u00e1llat MR k\u00e9palkot\u00e1s (Dr. Kerekes Zolt\u00e1n)<\/li> <\/ul> <p>&nbsp;<\/p> <p>&nbsp;<\/p>","protected":false},"excerpt":{"rendered":"<p>1. \u00c1ltal\u00e1nos tudnival\u00f3k &nbsp; A tansz\u00e9k r\u00f6vid t\u00f6rt\u00e9nete II. J\u00f3zsef 1786. december 12-\u00e9n kelt rendelete a pesti egyetemen \u00e1llatgy\u00f3gy\u00e1szati tansz\u00e9k szervez\u00e9s\u00e9t mondta ki, amely int\u00e9zm\u00e9nyben megkezd\u0151dhetett a seb\u00e9szet oktat\u00e1sa. Az egyetem orvostan- \u00e9s seb\u00e9sz hallgat\u00f3i a k\u00f6telez\u0151 tant\u00e1rgyak k\u00f6z\u00f6tt m\u00e1r tanultak seb\u00e9szeti k\u00f3rtant, klinikai seb\u00e9szetet, m\u0171t\u00e9ttant, m\u0171szer- \u00e9s k\u00f6tszertant. A tananyaghoz j\u00e1rult hozz\u00e1 az \u00fajonnan<\/p>\n","protected":false},"author":1,"featured_media":0,"parent":18640,"menu_order":152,"comment_status":"closed","ping_status":"closed","template":"","meta":{"_acf_changed":false,"footnotes":""},"categories":[],"tags":[],"class_list":["post-16191","page","type-page","status-publish","hentry"],"acf":[],"_links":{"self":[{"href":"https:\/\/univet.hu\/hu\/wp-json\/wp\/v2\/pages\/16191","targetHints":{"allow":["GET"]}}],"collection":[{"href":"https:\/\/univet.hu\/hu\/wp-json\/wp\/v2\/pages"}],"about":[{"href":"https:\/\/univet.hu\/hu\/wp-json\/wp\/v2\/types\/page"}],"author":[{"embeddable":true,"href":"https:\/\/univet.hu\/hu\/wp-json\/wp\/v2\/users\/1"}],"replies":[{"embeddable":true,"href":"https:\/\/univet.hu\/hu\/wp-json\/wp\/v2\/comments?post=16191"}],"version-history":[{"count":0,"href":"https:\/\/univet.hu\/hu\/wp-json\/wp\/v2\/pages\/16191\/revisions"}],"up":[{"embeddable":true,"href":"https:\/\/univet.hu\/hu\/wp-json\/wp\/v2\/pages\/18640"}],"wp:attachment":[{"href":"https:\/\/univet.hu\/hu\/wp-json\/wp\/v2\/media?parent=16191"}],"wp:term":[{"taxonomy":"category","embeddable":true,"href":"https:\/\/univet.hu\/hu\/wp-json\/wp\/v2\/categories?post=16191"},{"taxonomy":"post_tag","embeddable":true,"href":"https:\/\/univet.hu\/hu\/wp-json\/wp\/v2\/tags?post=16191"}],"curies":[{"name":"wp","href":"https:\/\/api.w.org\/{rel}","templated":true}]}}