{"id":16196,"date":"2018-09-07T20:40:43","date_gmt":"2018-09-07T18:40:43","guid":{"rendered":"http:\/\/univet.hu\/?page_id=16196"},"modified":"2018-09-16T00:17:42","modified_gmt":"2018-09-15T22:17:42","slug":"kapcsolat","status":"publish","type":"page","link":"https:\/\/univet.hu\/hu\/klinikak\/kisallatklinika\/sebeszet\/kapcsolat\/","title":{"rendered":"Kapcsolat"},"content":{"rendered":"<h2>\u00c1llatorvostudom\u00e1nyi Egyetem,<br \/> Seb\u00e9szeti \u00e9s Szem\u00e9szeti Tansz\u00e9k \u00e9s Klinika<\/h2> <p><strong>C\u00edm:<\/strong> 1078 Budapest, Istv\u00e1n u. 2.<br \/> <strong>Telefonsz\u00e1m:<\/strong> 06-1-478-4197 (08.00 &#8211; 20.00 \u00f3ra k\u00f6z\u00f6tt h\u00edvhat\u00f3)<br \/> <strong>Fax:<\/strong> 06-1-478-4196<br \/> <strong>Email:<\/strong> <a class=\"decrypt\" rel=\"jogpAljtbmmbutfcft{fu\/iv\" href=\"javascript:void(0);\">[Kattintson az emailc\u00edmhez]<\/a><\/p> <p><iframe loading=\"lazy\" src=\"http:\/\/maps.google.com\/?ie=UTF8&amp;t=h&amp;ll=47.503417,19.078038&amp;spn=0.002537,0.00456&amp;z=17&amp;output=embed\" data-replaced=\"true\" width=\"350\" height=\"250\" frameborder=\"0\" marginwidth=\"0\" marginheight=\"0\" scrolling=\"no\"><\/iframe><\/p>","protected":false},"excerpt":{"rendered":"<p>\u00c1llatorvostudom\u00e1nyi Egyetem, Seb\u00e9szeti \u00e9s Szem\u00e9szeti Tansz\u00e9k \u00e9s Klinika C\u00edm: 1078 Budapest, Istv\u00e1n u. 2. Telefonsz\u00e1m: 06-1-478-4197 (08.00 &#8211; 20.00 \u00f3ra k\u00f6z\u00f6tt h\u00edvhat\u00f3) Fax: 06-1-478-4196 Email: [Kattintson az emailc\u00edmhez]<\/p>\n","protected":false},"author":1,"featured_media":0,"parent":18640,"menu_order":133,"comment_status":"closed","ping_status":"closed","template":"","meta":{"_acf_changed":false,"footnotes":""},"categories":[],"tags":[],"class_list":["post-16196","page","type-page","status-publish","hentry"],"acf":[],"_links":{"self":[{"href":"https:\/\/univet.hu\/hu\/wp-json\/wp\/v2\/pages\/16196","targetHints":{"allow":["GET"]}}],"collection":[{"href":"https:\/\/univet.hu\/hu\/wp-json\/wp\/v2\/pages"}],"about":[{"href":"https:\/\/univet.hu\/hu\/wp-json\/wp\/v2\/types\/page"}],"author":[{"embeddable":true,"href":"https:\/\/univet.hu\/hu\/wp-json\/wp\/v2\/users\/1"}],"replies":[{"embeddable":true,"href":"https:\/\/univet.hu\/hu\/wp-json\/wp\/v2\/comments?post=16196"}],"version-history":[{"count":0,"href":"https:\/\/univet.hu\/hu\/wp-json\/wp\/v2\/pages\/16196\/revisions"}],"up":[{"embeddable":true,"href":"https:\/\/univet.hu\/hu\/wp-json\/wp\/v2\/pages\/18640"}],"wp:attachment":[{"href":"https:\/\/univet.hu\/hu\/wp-json\/wp\/v2\/media?parent=16196"}],"wp:term":[{"taxonomy":"category","embeddable":true,"href":"https:\/\/univet.hu\/hu\/wp-json\/wp\/v2\/categories?post=16196"},{"taxonomy":"post_tag","embeddable":true,"href":"https:\/\/univet.hu\/hu\/wp-json\/wp\/v2\/tags?post=16196"}],"curies":[{"name":"wp","href":"https:\/\/api.w.org\/{rel}","templated":true}]}}