{"id":16615,"date":"2017-05-08T13:33:00","date_gmt":"2017-05-08T11:33:00","guid":{"rendered":"http:\/\/univet.hu\/egyetem\/eaeve-akkreditalt-intezmeny\/"},"modified":"2017-05-08T13:33:00","modified_gmt":"2017-05-08T11:33:00","slug":"eaeve-akkreditalt-intezmeny","status":"publish","type":"page","link":"https:\/\/univet.hu\/hu\/egyetem\/eaeve-akkreditalt-intezmeny\/","title":{"rendered":"EAEVE Akkredit\u00e1lt Int\u00e9zm\u00e9ny"},"content":{"rendered":"<p>A 227 &eacute;ves magyarorsz&aacute;gi &aacute;llatorvos-k&eacute;pz&eacute;s akkredit&aacute;ci&oacute;ja<\/p> <p><a href=\"\/files\/menus\/7\/files\/Certificate-of-Approval_kicsi.jpg\" target=\"_parent\"><img decoding=\"async\" alt=\"Certificate Of Approval Kicsi\" src=\"https:\/\/univet.hu\/files\/menus\/7\/images\/Certificate-of-Approval_kicsi_209x147.jpg\" data-replaced=\"true\" \/><\/a><a href=\"\/files\/menus\/7\/files\/Certificate-of-Accreditation_kicsi.jpg\"><img decoding=\"async\" alt=\"Certificate Of Accreditation Kicsi\" src=\"https:\/\/univet.hu\/files\/menus\/7\/images\/Certificate-of-Accreditation_kicsi_209x147.jpg\" data-replaced=\"true\" \/><\/a><img decoding=\"async\" alt=\"\" src=\"https:\/\/univet.hu\/files\/menus\/47\/images\/EAEVE%20logo.jpg\" data-replaced=\"true\" style=\"height:147px; width:249px\" \/><\/p> <p>&nbsp;<\/p> <p>Az Eur&oacute;pai &Aacute;llatorvos-k&eacute;pz\u0151 Int&eacute;zm&eacute;nyek Egyes&uuml;let&eacute;t (<a href=\"http:\/\/www.eaeve.org\/about-eaeve\/history-and-aims.html\" target=\"_blank\">EAEVE=European Association of Establishments for Veterinary Education<\/a>) 1988-ban alap&iacute;tott&aacute;k, amelynek c&eacute;lja az alap&iacute;t&oacute; orsz&aacute;gok &aacute;llatorvos-k&eacute;pz&eacute;s&eacute;nek egys&eacute;ges&iacute;t&eacute;se. Ez a szervezet v&eacute;gzi az eur&oacute;pai &aacute;llatorvos-k&eacute;pz\u0151 int&eacute;zm&eacute;nyek oktat&aacute;si sz&iacute;nvonal&aacute;nak min\u0151s&iacute;t&eacute;s&eacute;t egy, az adott &aacute;llatorvosi egyetem &aacute;ltal k&eacute;sz&iacute;tett r&eacute;szletes &iacute;r&aacute;sbeli &ouml;n&eacute;rt&eacute;kel&eacute;s&eacute;re, &eacute;s egy nemzetk&ouml;zi bizotts&aacute;g l&aacute;togat&aacute;sa keret&eacute;ben v&eacute;gzett szem&eacute;lyes vizsg&aacute;latra alapozva. Szigor&uacute; &eacute;s egys&eacute;ges szempontok alapj&aacute;n &eacute;rt&eacute;kelik az int&eacute;zm&eacute;ny &aacute;llatorvos-k&eacute;pz&eacute;s&eacute;t, &eacute;s amennyiben a vizsg&aacute;lat egyetlen meghat&aacute;roz&oacute; hi&aacute;nyoss&aacute;got sem tal&aacute;l, akkredit&aacute;lj&aacute;k a k&eacute;pz&eacute;st. Az &bdquo;elit k&ouml;rbe&rdquo; val&oacute; tartoz&aacute;s mellett ez a st&aacute;tusz azt is jelenti, hogy az int&eacute;zm&eacute;ny &aacute;ltal kiadott &aacute;llatorvosi diplom&aacute;t az eur&oacute;pai orsz&aacute;gok minden tov&aacute;bbi honos&iacute;t&aacute;si elj&aacute;r&aacute;s n&eacute;lk&uuml;l automatikusan elfogadj&aacute;k.<\/p> <p>&nbsp;&nbsp;&nbsp;&nbsp;&nbsp;&nbsp;&nbsp;&nbsp;&nbsp;&nbsp;&nbsp;&nbsp;&nbsp;&nbsp;&nbsp; 2007-t\u0151l tov&aacute;bb szigorodott az eur&oacute;pai akkredit&aacute;ci&oacute;: az addigi &aacute;llatorvos-szakmai szempontok alapj&aacute;n v&eacute;gzett &eacute;rt&eacute;kel&eacute;s mellett m&aacute;r egy min\u0151s&eacute;gbiztos&iacute;t&aacute;si vizsg&aacute;lat ellen\u0151rizte szigor&uacute; felt&eacute;telrendszernek is meg kell felelni. Ezt a szigor&uacute; k&ouml;vetelm&eacute;nyt k&ouml;zel sz&aacute;z vizsg&aacute;lt, illetve &eacute;rt&eacute;kel&eacute;sre v&aacute;r&oacute; &aacute;llatorvosi egyetem, illetve kar k&ouml;z&uuml;l mindezideig csak hat eur&oacute;pai &aacute;llatorvos-k&eacute;pz\u0151 int&eacute;zm&eacute;ny (Koppenh&aacute;ga, Gent, Helsinki, London, Z&uuml;rich\/Bern &eacute;s B&eacute;cs) tudta sikeresen teljes&iacute;teni, megel\u0151zve sz&aacute;mos nagynev\u0171 int&eacute;zm&eacute;nyt.<\/p> <p>&nbsp;&nbsp;&nbsp;&nbsp;&nbsp;&nbsp;&nbsp;&nbsp;&nbsp;&nbsp;&nbsp;&nbsp;&nbsp;&nbsp;&nbsp; 2014-ben ker&uuml;lt sor a Szent Istv&aacute;n Egyetem &Aacute;llatorvos-tudom&aacute;nyi Kar&aacute;n a hazai egyetlen, 227 &eacute;ve alap&iacute;tott Eur&oacute;p&aacute;ban p&eacute;lda n&eacute;lk&uuml;li m&oacute;don h&aacute;rom (magyar, n&eacute;met &eacute;s angol) nyelven oktat&oacute; &aacute;llatorvos-k&eacute;pz\u0151 int&eacute;zm&eacute;ny&uuml;nk &uacute;j rendszer szerinti vizsg&aacute;lat&aacute;ra. Ennek el\u0151k&eacute;sz&iacute;t&eacute;s&eacute;re a k&uuml;l&ouml;nb&ouml;z\u0151 eur&oacute;pai orsz&aacute;gokb&oacute;l sz&aacute;rmaz&oacute; neves szak&eacute;rt\u0151kb\u0151l &aacute;ll&oacute; k&eacute;t bizotts&aacute;g az el\u0151&iacute;r&aacute;soknak megfelel\u0151en 2013 v&eacute;g&eacute;n kapta meg az &aacute;ltalunk &ouml;ssze&aacute;ll&iacute;tott k&eacute;t angol nyelv\u0171 &iacute;r&aacute;sos &ouml;n&eacute;rt&eacute;kel&eacute;si dokumentumot: az egyik a gradu&aacute;lis oktat&aacute;s, szak&aacute;llatorvosi tov&aacute;bbk&eacute;pz&eacute;s &eacute;s a PhD k&eacute;pz&eacute;s mellett a tudom&aacute;nyos teljes&iacute;tm&eacute;ny adatait a lehet\u0151 legr&eacute;szletesebb form&aacute;ban tartalmazta, a m&aacute;sik a Kar min\u0151s&eacute;gbiztos&iacute;t&aacute;si rendszer&eacute;nek szerkezet&eacute;t &eacute;s m\u0171k&ouml;d&eacute;s&eacute;t mutatta be. A k&eacute;t bizotts&aacute;g 2014. febru&aacute;r utols&oacute; het&eacute;ben l&aacute;togatott Budapestre, ahol az egy h&eacute;tig tart&oacute; &eacute;s minden r&eacute;szletre kiterjed\u0151, szem&eacute;lyes megtekint&eacute;sekre &eacute;s egyeztet&eacute;sekre alapul&oacute;, tov&aacute;bb&aacute; valamennyi egyetemi polg&aacute;r (hallgat&oacute;k, vezet\u0151- &eacute;s beosztott oktat&oacute;k, alkalmazottak stb.) r&eacute;szv&eacute;tel&eacute;t megk&ouml;vetel\u0151 vizsg&aacute;lat f\u0151 c&eacute;lja az volt, hogy az &iacute;r&aacute;sos &ouml;n&eacute;rt&eacute;kel&eacute;s sz&aacute;mtalan adat&aacute;nak val&oacute;s jelleg&eacute;t &eacute;s megl&eacute;t&eacute;t k&ouml;zvetlen&uuml;l is ellen\u0151rizze. A k&eacute;t bizotts&aacute;g vizsg&aacute;lata egyetlen meghat&aacute;roz&oacute; hi&aacute;nyoss&aacute;got sem tal&aacute;lt, &eacute;s er\u0151ss&eacute;gk&eacute;nt kiemelte az egyetemi polg&aacute;rok egy emberk&eacute;nt val&oacute; ki&aacute;ll&aacute;s&aacute;t az &aacute;llatorvosi oktat&aacute;s mellett, k&uuml;l&ouml;n&ouml;s tekintettel a mintegy m&aacute;sf&eacute;lezer magyar, n&eacute;met &eacute;s angol nyelv\u0171 hallgat&oacute; p&eacute;ld&aacute;tlanul er\u0151s elk&ouml;telezetts&eacute;g&eacute;re &bdquo;alma mater&rdquo;-&uuml;nk ir&aacute;ny&aacute;ban. A vizsg&aacute;lat szint&eacute;n nagyra &eacute;rt&eacute;kelte a Kar nemzetk&ouml;zi &ouml;sszehasonl&iacute;t&aacute;sban is magasszint\u0171 tudom&aacute;nyos teljes&iacute;tm&eacute;ny&eacute;t.&nbsp; Az &eacute;rt&eacute;kel&eacute;s sz&aacute;mos aj&aacute;nl&aacute;st is megfogalmazott a hazai &aacute;llatorvos-k&eacute;pz&eacute;s sz&iacute;nvonal&aacute;nak tov&aacute;bbi jav&iacute;t&aacute;sa &eacute;rdek&eacute;ben, amelyek els\u0151sorban a hallgat&oacute;i j&oacute;l&eacute;ti int&eacute;zm&eacute;nyek fejleszt&eacute;s&eacute;re, az oktat&aacute;ssal j&aacute;r&oacute; adminisztrat&iacute;v tev&eacute;kenys&eacute;g jav&iacute;t&aacute;s&aacute;ra, &eacute;s az &eacute;lelmiszerl&aacute;nc-biztons&aacute;gi szeml&eacute;let elm&eacute;ly&iacute;t&eacute;s&eacute;re vonatkoztak. Mindk&eacute;t bizotts&aacute;g egybehangz&oacute; v&eacute;lem&eacute;nyk&eacute;nt fogalmazta meg azt, hogy a hazai &aacute;llatorvos-k&eacute;pz&eacute;s j&ouml;v\u0151beli fejl\u0151d&eacute;se szempontj&aacute;b&oacute;l, annak speci&aacute;lis jelleg&eacute;b\u0151l fakad&oacute;an, &ouml;n&aacute;ll&oacute; egyetemi st&aacute;tusz &eacute;s f&uuml;ggetlen p&eacute;nz&uuml;gyi gazd&aacute;lkod&aacute;s l&eacute;trehoz&aacute;sa els\u0151dleges jelent\u0151s&eacute;g\u0171.<\/p> <p>&nbsp;&nbsp;&nbsp;&nbsp;&nbsp;&nbsp;&nbsp;&nbsp;&nbsp;&nbsp;&nbsp;&nbsp;&nbsp;&nbsp;&nbsp; A bizotts&aacute;gok &eacute;rt&eacute;kel&eacute;s&eacute;t az Eur&oacute;pai &Aacute;llatorvos-k&eacute;pz\u0151 Int&eacute;zm&eacute;nyek Egyes&uuml;let&eacute;nek d&ouml;nt&eacute;shoz&oacute; test&uuml;lete 2014 m&aacute;jus&aacute;ban t&aacute;rgyalta. Ennek eredm&eacute;nyek&eacute;ppen,&nbsp;<strong>Eur&oacute;p&aacute;ban a hetedikk&eacute;nt, a hazai egyetlen &aacute;llatorvos-k&eacute;pz\u0151 int&eacute;zm&eacute;ny elnyerte a teljes (oktat&aacute;si &eacute;s min\u0151s&eacute;gbiztos&iacute;t&aacute;si) int&eacute;zm&eacute;nyi akkredit&aacute;ci&oacute;t,<\/strong>&nbsp;&eacute;s &iacute;gy a k&ouml;vetkez\u0151 megm&eacute;rettet&eacute;sig 10 &eacute;ven kereszt&uuml;l biztos&iacute;tja a legmagasabb oktat&aacute;si min\u0151s&iacute;t&eacute;st.&nbsp;<strong>Ez az &quot;elit k&ouml;rbe&quot; val&oacute; tartoz&aacute; azt is jelenti, hogy az &aacute;ltalunk kiadott &aacute;llatorvosi diplom&aacute;t az eur&oacute;pai orsz&aacute;gok minden tov&aacute;bbi honos&iacute;t&aacute;si elj&aacute;r&aacute;s n&eacute;lk&uuml;l automatikusan elfogadj&aacute;k.<\/strong><\/p> <p><strong>Kapcsol&oacute;d&oacute; dokumentumok (angol nyelven):<\/strong><\/p> <p><strong>A Kar &ouml;n&eacute;rt&eacute;kel&eacute;si jelent&eacute;se<\/strong><\/p> <ul> <li><a href=\"\/files\/menus\/47\/files\/Budapest_EAEVE_2013_SER_Stage1.pdf\">Self Evaluation Report SER I.<\/a><\/li> <\/ul> <p>&nbsp;<strong>A Kar min\u0151s&eacute;g&uuml;gyi &ouml;n&eacute;rt&eacute;kel&eacute;si jelent&eacute;se<\/strong><\/p> <ul> <li><a href=\"\/files\/menus\/47\/files\/Budapest_EAEVE_2013_SER_Stage2_text.pdf\">Self Evaluation Report SER II. text<\/a><\/li> <li><a href=\"\/files\/menus\/47\/files\/Budapest_EAEVE_2013_SER_stage2_annexes.pdf\">Self Evaluation Report SER II. Annexes<\/a><\/li> <\/ul> <p><a href=\"\/files\/menus\/47\/files\/ECOVE-decision-Budapest.pdf\">Az ECOVE (az Eur&oacute;pai &Aacute;llatorvos-k&eacute;pz\u0151 Int&eacute;zm&eacute;nyek Egyes&uuml;let&eacute;nek d&ouml;nt&eacute;shoz&oacute; test&uuml;lete) hivatalos levele.<\/a><\/p> <p>  <strong>Az ECOVE &ouml;sszefoglal&oacute; jelent&eacute;se a vizsg&aacute;lat eredm&eacute;ny&eacute;r\u0151l:<\/strong><\/p> <ul> <li><a href=\"\/files\/menus\/47\/files\/FINALREPORTBudapestStageI.pdf\">Report EAEVE Stage I.<\/a><\/li> <li><a href=\"\/files\/menus\/47\/files\/FINALREPORTBudapestStageII.pdf\">Report EAEVE Stage II.<\/a><\/li> <\/ul>","protected":false},"excerpt":{"rendered":"<p>A 227 &eacute;ves magyarorsz&aacute;gi &aacute;llatorvos-k&eacute;pz&eacute;s akkredit&aacute;ci&oacute;ja &nbsp; Az Eur&oacute;pai &Aacute;llatorvos-k&eacute;pz\u0151 Int&eacute;zm&eacute;nyek Egyes&uuml;let&eacute;t (EAEVE=European Association of Establishments for Veterinary Education) 1988-ban alap&iacute;tott&aacute;k, amelynek c&eacute;lja az alap&iacute;t&oacute; orsz&aacute;gok &aacute;llatorvos-k&eacute;pz&eacute;s&eacute;nek egys&eacute;ges&iacute;t&eacute;se. Ez a szervezet v&eacute;gzi az eur&oacute;pai &aacute;llatorvos-k&eacute;pz\u0151 int&eacute;zm&eacute;nyek oktat&aacute;si sz&iacute;nvonal&aacute;nak min\u0151s&iacute;t&eacute;s&eacute;t egy, az adott &aacute;llatorvosi egyetem &aacute;ltal k&eacute;sz&iacute;tett r&eacute;szletes &iacute;r&aacute;sbeli &ouml;n&eacute;rt&eacute;kel&eacute;s&eacute;re, &eacute;s egy nemzetk&ouml;zi bizotts&aacute;g l&aacute;togat&aacute;sa keret&eacute;ben<\/p>\n","protected":false},"author":1,"featured_media":0,"parent":336,"menu_order":127,"comment_status":"closed","ping_status":"closed","template":"","meta":{"_acf_changed":false,"footnotes":""},"categories":[],"tags":[],"class_list":["post-16615","page","type-page","status-publish","hentry"],"acf":[],"_links":{"self":[{"href":"https:\/\/univet.hu\/hu\/wp-json\/wp\/v2\/pages\/16615","targetHints":{"allow":["GET"]}}],"collection":[{"href":"https:\/\/univet.hu\/hu\/wp-json\/wp\/v2\/pages"}],"about":[{"href":"https:\/\/univet.hu\/hu\/wp-json\/wp\/v2\/types\/page"}],"author":[{"embeddable":true,"href":"https:\/\/univet.hu\/hu\/wp-json\/wp\/v2\/users\/1"}],"replies":[{"embeddable":true,"href":"https:\/\/univet.hu\/hu\/wp-json\/wp\/v2\/comments?post=16615"}],"version-history":[{"count":0,"href":"https:\/\/univet.hu\/hu\/wp-json\/wp\/v2\/pages\/16615\/revisions"}],"up":[{"embeddable":true,"href":"https:\/\/univet.hu\/hu\/wp-json\/wp\/v2\/pages\/336"}],"wp:attachment":[{"href":"https:\/\/univet.hu\/hu\/wp-json\/wp\/v2\/media?parent=16615"}],"wp:term":[{"taxonomy":"category","embeddable":true,"href":"https:\/\/univet.hu\/hu\/wp-json\/wp\/v2\/categories?post=16615"},{"taxonomy":"post_tag","embeddable":true,"href":"https:\/\/univet.hu\/hu\/wp-json\/wp\/v2\/tags?post=16615"}],"curies":[{"name":"wp","href":"https:\/\/api.w.org\/{rel}","templated":true}]}}