{"id":16908,"date":"2018-09-09T17:46:28","date_gmt":"2018-09-09T15:46:28","guid":{"rendered":"http:\/\/univet.hu\/oktatas\/felveteli\/felveteli-taajekoztato\/"},"modified":"2026-01-08T09:33:18","modified_gmt":"2026-01-08T08:33:18","slug":"tajekoztato","status":"publish","type":"page","link":"https:\/\/univet.hu\/hu\/felveteli\/tajekoztato\/","title":{"rendered":"Felv\u00e9teli t\u00e1j\u00e9koztat\u00f3"},"content":{"rendered":"<p>&nbsp;<\/p> <p>A felv\u00e9teli elj\u00e1r\u00e1s sor\u00e1n a\u00a0<a href=\"https:\/\/www.felvi.hu\/\"><strong>www.felvi.hu<\/strong><\/a>\u00a0honlapon tal\u00e1lhat\u00f3 inform\u00e1ci\u00f3k tekinthet\u0151ek abszol\u00fat hitelesnek. A fenti c\u00edmen megtal\u00e1lhat\u00f3 a Felv\u00e9teli T\u00e1j\u00e9koztat\u00f3 r\u00e1nk vonatkoz\u00f3 r\u00e9sze.<\/p> <p><strong>Eg\u00e9szs\u00e9g\u00fcgyi alkalmass\u00e1gi vizsg\u00e1lat<\/strong><\/p> <p>Minden \u00e1llatorvosi szakra jelentkez\u0151 levelet kap a rektort\u00f3l a felv\u00e9teli elj\u00e1r\u00e1s folyam\u00e1n, mellyel a vizsg\u00e1latra jelentkezhet.<\/p> <p>A vizsg\u00e1latot a Nemzeti N\u00e9peg\u00e9szs\u00e9g\u00fcgyi K\u00f6zpont Munkahigi\u00e9n\u00e9s \u00e9s Foglalkoz\u00e1s-eg\u00e9szs\u00e9g\u00fcgyi F\u0151oszt\u00e1lyai v\u00e9gzik. A h\u00e1ziorvos igazol\u00e1sa nem elegend\u0151.<\/p> <p>Foglalkoz\u00e1s-eg\u00e9szs\u00e9g\u00fcgyi szakell\u00e1t\u00f3 helyek MEGYEI BONT\u00c1SBAN: <a href=\"https:\/\/univet.hu\/wp-content\/uploads\/2024\/03\/SZAKELL\u00c1T\u00d3-HELYEK.pdf\" target=\"_blank\" rel=\"noopener\">Szakell\u00e1t\u00f3 helyek<\/a><\/p> <p>T\u00e1j\u00e9koztatjuk \u00d6n\u00f6ket, hogy a Nemzeti N\u00e9peg\u00e9szs\u00e9g\u00fcgyi K\u00f6zpont Munkahigi\u00e9n\u00e9s \u00e9s Foglalkoz\u00e1seg\u00e9szs\u00e9g\u00fcgyi F\u0151oszt\u00e1ly f\u0151oszt\u00e1lyvezet\u0151je az al\u00e1bbi javaslatot adja az \u00e1llatorvosi szakra hozz\u00e1nk jelentkezett p\u00e1ly\u00e1z\u00f3k eg\u00e9szs\u00e9g\u00fcgyi alkalmass\u00e1gi vizsg\u00e1lat\u00e1nak elv\u00e9gz\u00e9si m\u00f3dj\u00e1r\u00f3l.<\/p> <p><strong>Az int\u00e9zet\u00a0egyeztetett id\u0151pontban fogadja a vizsg\u00e1latra jelentkez\u0151ket!<\/strong><\/p> <p>Id\u0151pontot a +36-30-3616822-os telefonsz\u00e1mon, ill. e-mailben a <a class=\"decrypt\" rel=\"obhz\/tbspmubAoohzl\/hpw\/iv\" href=\"javascript:void(0);\">[Kattintson az emailc\u00edmhez]<\/a>\u00a0vagy a\u00a0<a class=\"decrypt\" rel=\"gpmej\/hfsebAoohzl\/hpw\/iv\" href=\"javascript:void(0);\">[Kattintson az emailc\u00edmhez]<\/a> e-mail c\u00edmen k\u00e9rhetnek a vizsg\u00e1latra jelentkez\u0151k.<\/p> <p>A Vizsg\u00e1lat helye: 1096 Budapest, Nagyv\u00e1rad t\u00e9r 2.<\/p> <p>A k\u00f6vetkez\u0151ket sz\u00edveskedjenek magukkal vinni:<\/p> <ul> <li>Szem\u00e9lyi igazolv\u00e1nyt \u00e9s TAJ k\u00e1rty\u00e1t,<\/li> <li>Igazol\u00e1st a h\u00e1ziorvost\u00f3l el\u0151zetes ill. megl\u00e9v\u0151 betegs\u00e9geikr\u0151l, illetve betegs\u00e9gekre ir\u00e1nyul\u00f3 dokumentumokat,<\/li> <li>Ha van valamilyen id\u00fclt betegs\u00e9ge, eg\u00e9szs\u00e9gi elv\u00e1ltoz\u00e1sa az arra vonatkoz\u00f3 leleteket, z\u00e1r\u00f3jelent\u00e9seket,<\/li> <li>Szem\u00fcveghaszn\u00e1l\u00f3k a szem\u00fcvegeket.<\/li> <\/ul> <p>&nbsp;<\/p> <h4>Let\u00f6lthet\u0151 sz\u00f3r\u00f3anyagok<\/h4> <p>&nbsp;<\/p> <p><a href=\"https:\/\/univet.hu\/wp-content\/uploads\/2021\/11\/A\u0301llatorvos-szo\u0301ro\u0301-211108.pdf\">A\u0301llatorvosi szak<\/a><\/p> <p><a href=\"https:\/\/univet.hu\/wp-content\/uploads\/2022\/10\/Zoolo\u0301gus-szo\u0301ro\u0301-220928-1.pdf\">Kutat\u00f3 zool\u00f3gus<\/a><\/p> <p><a href=\"https:\/\/univet.hu\/wp-content\/uploads\/2021\/11\/MSC-sz\u00f3r\u00f3-191004.pdf\">Biol\u00f3gus MSC<\/a><\/p> <p><a href=\"https:\/\/univet.hu\/wp-content\/uploads\/2021\/11\/Marek-o\u0308szto\u0308ndi\u0301j-LA4-211104.pdf\">Marek J\u00f3zsef o\u0308szto\u0308ndi\u0301j<\/a><\/p>","protected":false},"excerpt":{"rendered":"<p>&nbsp; A felv\u00e9teli elj\u00e1r\u00e1s sor\u00e1n a\u00a0www.felvi.hu\u00a0honlapon tal\u00e1lhat\u00f3 inform\u00e1ci\u00f3k tekinthet\u0151ek abszol\u00fat hitelesnek. A fenti c\u00edmen megtal\u00e1lhat\u00f3 a Felv\u00e9teli T\u00e1j\u00e9koztat\u00f3 r\u00e1nk vonatkoz\u00f3 r\u00e9sze. Eg\u00e9szs\u00e9g\u00fcgyi alkalmass\u00e1gi vizsg\u00e1lat Minden \u00e1llatorvosi szakra jelentkez\u0151 levelet kap a rektort\u00f3l a felv\u00e9teli elj\u00e1r\u00e1s folyam\u00e1n, mellyel a vizsg\u00e1latra jelentkezhet. A vizsg\u00e1latot a Nemzeti N\u00e9peg\u00e9szs\u00e9g\u00fcgyi K\u00f6zpont Munkahigi\u00e9n\u00e9s \u00e9s Foglalkoz\u00e1s-eg\u00e9szs\u00e9g\u00fcgyi F\u0151oszt\u00e1lyai v\u00e9gzik. A h\u00e1ziorvos igazol\u00e1sa nem<\/p>\n","protected":false},"author":1,"featured_media":0,"parent":1222,"menu_order":174,"comment_status":"closed","ping_status":"closed","template":"","meta":{"_acf_changed":false,"footnotes":""},"categories":[],"tags":[],"class_list":["post-16908","page","type-page","status-publish","hentry"],"acf":[],"_links":{"self":[{"href":"https:\/\/univet.hu\/hu\/wp-json\/wp\/v2\/pages\/16908","targetHints":{"allow":["GET"]}}],"collection":[{"href":"https:\/\/univet.hu\/hu\/wp-json\/wp\/v2\/pages"}],"about":[{"href":"https:\/\/univet.hu\/hu\/wp-json\/wp\/v2\/types\/page"}],"author":[{"embeddable":true,"href":"https:\/\/univet.hu\/hu\/wp-json\/wp\/v2\/users\/1"}],"replies":[{"embeddable":true,"href":"https:\/\/univet.hu\/hu\/wp-json\/wp\/v2\/comments?post=16908"}],"version-history":[{"count":4,"href":"https:\/\/univet.hu\/hu\/wp-json\/wp\/v2\/pages\/16908\/revisions"}],"predecessor-version":[{"id":197611,"href":"https:\/\/univet.hu\/hu\/wp-json\/wp\/v2\/pages\/16908\/revisions\/197611"}],"up":[{"embeddable":true,"href":"https:\/\/univet.hu\/hu\/wp-json\/wp\/v2\/pages\/1222"}],"wp:attachment":[{"href":"https:\/\/univet.hu\/hu\/wp-json\/wp\/v2\/media?parent=16908"}],"wp:term":[{"taxonomy":"category","embeddable":true,"href":"https:\/\/univet.hu\/hu\/wp-json\/wp\/v2\/categories?post=16908"},{"taxonomy":"post_tag","embeddable":true,"href":"https:\/\/univet.hu\/hu\/wp-json\/wp\/v2\/tags?post=16908"}],"curies":[{"name":"wp","href":"https:\/\/api.w.org\/{rel}","templated":true}]}}