{"id":172714,"date":"2025-01-08T21:45:18","date_gmt":"2025-01-08T20:45:18","guid":{"rendered":"https:\/\/univet.hu\/hu\/egyetem\/munkatarsak\/new-staff-member-page-2\/"},"modified":"2026-02-10T03:57:08","modified_gmt":"2026-02-10T02:57:08","slug":"somogyi-fanni","status":"publish","type":"page","link":"https:\/\/univet.hu\/hu\/egyetem\/munkatarsak\/somogyi-fanni\/","title":{"rendered":"Somogyi Fanni"},"content":{"rendered":"<p align=\"justify\">Dr. Somogyi Fanni 2018-ban \u00d3bud\u00e1n fejezte be k\u00f6z\u00e9piskolai tanulm\u00e1nyait, majd ugyanebben az \u00e9vben felv\u00e9telt nyert az \u00c1llatorvostudom\u00e1nyi Egyetemre. TDK-munk\u00e1j\u00e1t a Gy\u00f3gyszertani \u00e9s M\u00e9regtani Tansz\u00e9ken v\u00e9gezte Dr. Farkas Orsolya \u00e9s Dr. Palkovicsn\u00e9 P\u00e9zsa Nikolett t\u00e9mavezet\u00e9s\u00e9vel, dolgozata els\u0151 helyezett lett a 2022. \u00e9vi \u00c1TE TDK-konferenci\u00e1n, majd a 2023-ban megrendezett 36. ODTK-konferenci\u00e1n is. 2024 febru\u00e1rj\u00e1ban szerezte meg \u00e1llatorvosdoktori diplom\u00e1j\u00e1t, ezt k\u00f6vet\u0151en r\u00f6vid ideig a N\u00c9BIH \u00c1DI K\u00f3rbonctani Oszt\u00e1ly\u00e1n dolgozott, majd 2024 \u0151sz\u00e9n kezdte meg PhD-tanulm\u00e1nyait a Gy\u00f3gyszertani \u00e9s M\u00e9regtani Tansz\u00e9ken Dr. Farkas Orsolya t\u00e9mavezet\u00e9s\u00e9vel. Kutat\u00e1si t\u00e9m\u00e1ja k\u00fcl\u00f6nb\u00f6z\u0151 flavonoidok b\u00e9lbetegs\u00e9gek elleni hat\u00e9konys\u00e1g\u00e1nak vizsg\u00e1lata sert\u00e9s \u00e9s kutya b\u00e9lh\u00e1msejt \u00e9s feh\u00e9rv\u00e9rsejt ko-kult\u00far\u00e1kon. PhD-tanulm\u00e1nyai mellett tansz\u00e9ki \u00e1llatorvosk\u00e9nt seg\u00edti az oktat\u00f3k \u00e9s a kutat\u00f3k munk\u00e1j\u00e1t, valamint tagja a Doktorandusz \u00d6nkorm\u00e1nyzatnak is.<\/p>","protected":false},"excerpt":{"rendered":"<p>Dr. Somogyi Fanni 2018-ban \u00d3bud\u00e1n fejezte be k\u00f6z\u00e9piskolai tanulm\u00e1nyait, majd ugyanebben az \u00e9vben felv\u00e9telt nyert az \u00c1llatorvostudom\u00e1nyi Egyetemre. TDK-munk\u00e1j\u00e1t a Gy\u00f3gyszertani \u00e9s M\u00e9regtani Tansz\u00e9ken v\u00e9gezte Dr. Farkas Orsolya \u00e9s Dr. Palkovicsn\u00e9 P\u00e9zsa Nikolett t\u00e9mavezet\u00e9s\u00e9vel, dolgozata els\u0151 helyezett lett a 2022. \u00e9vi \u00c1TE TDK-konferenci\u00e1n, majd a 2023-ban megrendezett 36. ODTK-konferenci\u00e1n is. 2024 febru\u00e1rj\u00e1ban szerezte meg \u00e1llatorvosdoktori<\/p>\n","protected":false},"author":5824,"featured_media":0,"parent":858,"menu_order":0,"comment_status":"open","ping_status":"open","template":"","meta":{"_acf_changed":false,"footnotes":""},"categories":[],"tags":[],"class_list":["post-172714","page","type-page","status-publish","hentry"],"acf":[],"_links":{"self":[{"href":"https:\/\/univet.hu\/hu\/wp-json\/wp\/v2\/pages\/172714","targetHints":{"allow":["GET"]}}],"collection":[{"href":"https:\/\/univet.hu\/hu\/wp-json\/wp\/v2\/pages"}],"about":[{"href":"https:\/\/univet.hu\/hu\/wp-json\/wp\/v2\/types\/page"}],"author":[{"embeddable":true,"href":"https:\/\/univet.hu\/hu\/wp-json\/wp\/v2\/users\/5824"}],"replies":[{"embeddable":true,"href":"https:\/\/univet.hu\/hu\/wp-json\/wp\/v2\/comments?post=172714"}],"version-history":[{"count":4,"href":"https:\/\/univet.hu\/hu\/wp-json\/wp\/v2\/pages\/172714\/revisions"}],"predecessor-version":[{"id":184543,"href":"https:\/\/univet.hu\/hu\/wp-json\/wp\/v2\/pages\/172714\/revisions\/184543"}],"up":[{"embeddable":true,"href":"https:\/\/univet.hu\/hu\/wp-json\/wp\/v2\/pages\/858"}],"wp:attachment":[{"href":"https:\/\/univet.hu\/hu\/wp-json\/wp\/v2\/media?parent=172714"}],"wp:term":[{"taxonomy":"category","embeddable":true,"href":"https:\/\/univet.hu\/hu\/wp-json\/wp\/v2\/categories?post=172714"},{"taxonomy":"post_tag","embeddable":true,"href":"https:\/\/univet.hu\/hu\/wp-json\/wp\/v2\/tags?post=172714"}],"curies":[{"name":"wp","href":"https:\/\/api.w.org\/{rel}","templated":true}]}}