{"id":174043,"date":"2025-01-15T10:14:24","date_gmt":"2025-01-15T09:14:24","guid":{"rendered":"https:\/\/univet.hu\/hu\/oktatas\/tanulmanyi-osztaly\/allasajanlatok\/name-2\/"},"modified":"2025-01-15T10:14:24","modified_gmt":"2025-01-15T09:14:24","slug":"wald-vet-allatorvosi-rendelo","status":"publish","type":"page","link":"https:\/\/univet.hu\/hu\/oktatas\/tanulmanyi-osztaly\/allasajanlatok\/wald-vet-allatorvosi-rendelo\/","title":{"rendered":"Wald-Vet \u00c1llatorvosi Rendel\u0151"},"content":{"rendered":"<p>2025.01.15<\/p> <p>&nbsp;<\/p> <p>Tisztelt Hallgat\u00f3!<\/p> <p>Leend\u0151 koll\u00e9g\u00e1k figyelm\u00e9be szeretn\u00e9nk aj\u00e1nlani egy munka \u00e9s\/vagy gyakorlati lehet\u0151s\u00e9get a sz\u00e9kesfeh\u00e9rv\u00e1ri Wald-Vet \u00c1llatorvosi Rendel\u0151ben. Ha els\u0151sorban kis\u00e1llatokkal szeretn\u00e9l foglalkozni a tanulm\u00e1nyaidat k\u00f6vet\u0151en, \u00e9s sz\u00edvesen szerezn\u00e9l tapasztalatot egy t\u00f6bb mint 20 \u00e9ve m\u0171k\u00f6d\u0151 praxisban, akkor v\u00e1rjuk jelentkez\u00e9sedet az al\u00e1bbi el\u00e9rhet\u0151s\u00e9gek egyik\u00e9n:<\/p> <p><strong><a class=\"decrypt\" rel=\"F.nbjm&4BtufjhfswbmegfsfodAu.pomjof\/iv\" href=\"javascript:void(0);\">[Kattintson az emailc\u00edmhez]<\/a><\/strong><\/p> <p><strong>\u00a0Telefon:06309745568<\/strong><\/p>","protected":false},"excerpt":{"rendered":"<p>2025.01.15 &nbsp; Tisztelt Hallgat\u00f3! Leend\u0151 koll\u00e9g\u00e1k figyelm\u00e9be szeretn\u00e9nk aj\u00e1nlani egy munka \u00e9s\/vagy gyakorlati lehet\u0151s\u00e9get a sz\u00e9kesfeh\u00e9rv\u00e1ri Wald-Vet \u00c1llatorvosi Rendel\u0151ben. Ha els\u0151sorban kis\u00e1llatokkal szeretn\u00e9l foglalkozni a tanulm\u00e1nyaidat k\u00f6vet\u0151en, \u00e9s sz\u00edvesen szerezn\u00e9l tapasztalatot egy t\u00f6bb mint 20 \u00e9ve m\u0171k\u00f6d\u0151 praxisban, akkor v\u00e1rjuk jelentkez\u00e9sedet az al\u00e1bbi el\u00e9rhet\u0151s\u00e9gek egyik\u00e9n: [Kattintson az emailc\u00edmhez] \u00a0Telefon:06309745568<\/p>\n","protected":false},"author":5795,"featured_media":0,"parent":26415,"menu_order":0,"comment_status":"open","ping_status":"open","template":"","meta":{"_acf_changed":false,"footnotes":""},"categories":[],"tags":[],"class_list":["post-174043","page","type-page","status-publish","hentry"],"acf":[],"_links":{"self":[{"href":"https:\/\/univet.hu\/hu\/wp-json\/wp\/v2\/pages\/174043","targetHints":{"allow":["GET"]}}],"collection":[{"href":"https:\/\/univet.hu\/hu\/wp-json\/wp\/v2\/pages"}],"about":[{"href":"https:\/\/univet.hu\/hu\/wp-json\/wp\/v2\/types\/page"}],"author":[{"embeddable":true,"href":"https:\/\/univet.hu\/hu\/wp-json\/wp\/v2\/users\/5795"}],"replies":[{"embeddable":true,"href":"https:\/\/univet.hu\/hu\/wp-json\/wp\/v2\/comments?post=174043"}],"version-history":[{"count":1,"href":"https:\/\/univet.hu\/hu\/wp-json\/wp\/v2\/pages\/174043\/revisions"}],"predecessor-version":[{"id":174044,"href":"https:\/\/univet.hu\/hu\/wp-json\/wp\/v2\/pages\/174043\/revisions\/174044"}],"up":[{"embeddable":true,"href":"https:\/\/univet.hu\/hu\/wp-json\/wp\/v2\/pages\/26415"}],"wp:attachment":[{"href":"https:\/\/univet.hu\/hu\/wp-json\/wp\/v2\/media?parent=174043"}],"wp:term":[{"taxonomy":"category","embeddable":true,"href":"https:\/\/univet.hu\/hu\/wp-json\/wp\/v2\/categories?post=174043"},{"taxonomy":"post_tag","embeddable":true,"href":"https:\/\/univet.hu\/hu\/wp-json\/wp\/v2\/tags?post=174043"}],"curies":[{"name":"wp","href":"https:\/\/api.w.org\/{rel}","templated":true}]}}